{"id":1836,"date":"2018-12-07T13:56:43","date_gmt":"2018-12-07T10:56:43","guid":{"rendered":"https:\/\/villamarios.gr\/contactger\/"},"modified":"2025-05-02T12:19:14","modified_gmt":"2025-05-02T09:19:14","slug":"contactger","status":"publish","type":"page","link":"https:\/\/villamarios.gr\/de\/contactger\/","title":{"rendered":"contactger"},"content":{"rendered":"\t\t<div data-elementor-type=\"wp-page\" data-elementor-id=\"1836\" class=\"elementor elementor-1836 elementor-98\" data-elementor-post-type=\"page\">\n\t\t\t\t\t\t<section class=\"elementor-section elementor-top-section elementor-element elementor-element-370bd185 elementor-section-boxed elementor-section-height-default elementor-section-height-default\" data-id=\"370bd185\" data-element_type=\"section\" data-e-type=\"section\">\n\t\t\t\t\t\t<div class=\"elementor-container elementor-column-gap-default\">\n\t\t\t\t\t<div class=\"elementor-column elementor-col-100 elementor-top-column elementor-element elementor-element-31e712bc\" data-id=\"31e712bc\" data-element_type=\"column\" data-e-type=\"column\">\n\t\t\t<div class=\"elementor-widget-wrap\">\n\t\t\t\t\t\t\t<\/div>\n\t\t<\/div>\n\t\t\t\t\t<\/div>\n\t\t<\/section>\n\t\t\t\t<section class=\"elementor-section elementor-top-section elementor-element elementor-element-2a5d70cc elementor-section-boxed elementor-section-height-default elementor-section-height-default\" data-id=\"2a5d70cc\" data-element_type=\"section\" data-e-type=\"section\">\n\t\t\t\t\t\t<div class=\"elementor-container elementor-column-gap-default\">\n\t\t\t\t\t<div class=\"elementor-column elementor-col-100 elementor-top-column elementor-element elementor-element-4888164c\" data-id=\"4888164c\" data-element_type=\"column\" data-e-type=\"column\">\n\t\t\t<div class=\"elementor-widget-wrap elementor-element-populated\">\n\t\t\t\t\t\t<div class=\"elementor-element elementor-element-370a377d elementor--h-position-center elementor--v-position-middle elementor-widget elementor-widget-slides\" data-id=\"370a377d\" data-element_type=\"widget\" data-e-type=\"widget\" data-settings=\"{&quot;navigation&quot;:&quot;none&quot;,&quot;autoplay_speed&quot;:3000,&quot;transition&quot;:&quot;fade&quot;,&quot;autoplay&quot;:&quot;yes&quot;,&quot;pause_on_hover&quot;:&quot;yes&quot;,&quot;pause_on_interaction&quot;:&quot;yes&quot;,&quot;infinite&quot;:&quot;yes&quot;,&quot;transition_speed&quot;:500}\" data-widget_type=\"slides.default\">\n\t\t\t\t<div class=\"elementor-widget-container\">\n\t\t\t\t\t\t\t\t\t<div class=\"elementor-swiper\">\n\t\t\t\t\t<div class=\"elementor-slides-wrapper elementor-main-swiper swiper\" role=\"region\" aria-roledescription=\"carousel\" aria-label=\"Slides\" dir=\"ltr\" data-animation=\"zoomIn\">\n\t\t\t\t<div class=\"swiper-wrapper elementor-slides\">\n\t\t\t\t\t\t\t\t\t\t<div class=\"elementor-repeater-item-542d292 swiper-slide\" role=\"group\" aria-roledescription=\"slide\"><div class=\"swiper-slide-bg elementor-ken-burns elementor-ken-burns--in\" role=\"img\" aria-label=\"20190709_120725_pe\"><\/div><div class=\"swiper-slide-inner\" ><div class=\"swiper-slide-contents\"><\/div><\/div><\/div>\t\t\t\t<\/div>\n\t\t\t\t\t\t\t<\/div>\n\t\t\t\t<\/div>\n\t\t\t\t\t\t\t\t<\/div>\n\t\t\t\t<\/div>\n\t\t\t\t\t<\/div>\n\t\t<\/div>\n\t\t\t\t\t<\/div>\n\t\t<\/section>\n\t\t\t\t<section class=\"elementor-section elementor-top-section elementor-element elementor-element-554b3784 elementor-section-boxed elementor-section-height-default elementor-section-height-default\" data-id=\"554b3784\" data-element_type=\"section\" data-e-type=\"section\">\n\t\t\t\t\t\t<div class=\"elementor-container elementor-column-gap-default\">\n\t\t\t\t\t<div class=\"elementor-column elementor-col-100 elementor-top-column elementor-element elementor-element-a288c48\" data-id=\"a288c48\" data-element_type=\"column\" data-e-type=\"column\">\n\t\t\t<div class=\"elementor-widget-wrap elementor-element-populated\">\n\t\t\t\t\t\t<div class=\"elementor-element elementor-element-3aa1aeb3 elementor-widget elementor-widget-spacer\" data-id=\"3aa1aeb3\" data-element_type=\"widget\" data-e-type=\"widget\" data-widget_type=\"spacer.default\">\n\t\t\t\t<div class=\"elementor-widget-container\">\n\t\t\t\t\t\t\t<div class=\"elementor-spacer\">\n\t\t\t<div class=\"elementor-spacer-inner\"><\/div>\n\t\t<\/div>\n\t\t\t\t\t\t<\/div>\n\t\t\t\t<\/div>\n\t\t\t\t\t<\/div>\n\t\t<\/div>\n\t\t\t\t\t<\/div>\n\t\t<\/section>\n\t\t\t\t<section class=\"elementor-section elementor-top-section elementor-element elementor-element-3f24e798 elementor-section-boxed elementor-section-height-default elementor-section-height-default\" data-id=\"3f24e798\" data-element_type=\"section\" data-e-type=\"section\">\n\t\t\t\t\t\t<div class=\"elementor-container elementor-column-gap-default\">\n\t\t\t\t\t<div class=\"elementor-column elementor-col-50 elementor-top-column elementor-element elementor-element-58aade2e\" data-id=\"58aade2e\" data-element_type=\"column\" data-e-type=\"column\">\n\t\t\t<div class=\"elementor-widget-wrap elementor-element-populated\">\n\t\t\t\t\t\t<div class=\"elementor-element elementor-element-248d673f elementor-widget elementor-widget-text-editor\" data-id=\"248d673f\" data-element_type=\"widget\" data-e-type=\"widget\" data-widget_type=\"text-editor.default\">\n\t\t\t\t<div class=\"elementor-widget-container\">\n\t\t\t\t\t\t\t\t\t<h4 class=\"\" data-start=\"2968\" data-end=\"2992\"><span style=\"font-size: 14pt;\">Anreise nach Milos:<\/span><\/h4><ul data-start=\"2994\" data-end=\"3497\"><li class=\"\" data-start=\"2994\" data-end=\"3168\"><p class=\"\" data-start=\"2996\" data-end=\"3168\"><strong data-start=\"2996\" data-end=\"3051\">Mit der F\u00e4hre oder dem Schnellboot vom Hafen Pir\u00e4us<\/strong><br data-start=\"3051\" data-end=\"3054\" \/>F\u00e4hrfahrpl\u00e4ne (Abfahrten vom Pir\u00e4us): Tel. 14944 oder 14541<br data-start=\"3115\" data-end=\"3118\" \/>Hafen von Milos (Adamas): Tel. +30 22870 23360<\/p><\/li><li class=\"\" data-start=\"3170\" data-end=\"3497\"><p class=\"\" data-start=\"3172\" data-end=\"3497\"><strong data-start=\"3172\" data-end=\"3252\">Mit dem Flugzeug vom internationalen Flughafen Athen \u201eElefth\u00e9rios Veniz\u00e9los\u201c<\/strong><br data-start=\"3252\" data-end=\"3255\" \/>Der Flug dauert ca. 25 Minuten.<br data-start=\"3288\" data-end=\"3291\" \/>Flughafen Athen: Tel. +30 210 353-1000<br data-start=\"3331\" data-end=\"3334\" \/>Olympic Air (Athen): Tel. +30 210 355-0500 oder 801-801-01-01<br data-start=\"3397\" data-end=\"3400\" \/>Flughafen Milos (Zefyria): Tel. +30 22870 22090<br data-start=\"3449\" data-end=\"3452\" \/>Olympic Air (Milos): Tel. +30 22870 22381<\/p><\/li><\/ul><h4 class=\"\" data-start=\"3499\" data-end=\"3535\">Verbindungen zu anderen Zielen:<\/h4><p class=\"\" data-start=\"3536\" data-end=\"3720\">Milos ist mit anderen Inseln der Kykladen, des Dodekanes und Kreta per F\u00e4hre, Schnellboot und Flugzeug verbunden. Weitere Informationen erhalten Sie vom Hafen oder Flughafen von Milos.<\/p><hr class=\"\" data-start=\"3722\" data-end=\"3725\" \/><h3 class=\"\" data-start=\"3727\" data-end=\"3772\"><strong data-start=\"3731\" data-end=\"3772\">Transport nach Zefyria (Villa Marios)<\/strong><\/h3><p class=\"\" data-start=\"3774\" data-end=\"4041\">Nach Ihrer Ankunft in Milos gibt es einen <strong data-start=\"3816\" data-end=\"3843\">regelm\u00e4\u00dfigen Busservice<\/strong> vom Hafen Adamas nach Zefyria (ca. 8 Minuten Fahrt).<br data-start=\"3896\" data-end=\"3899\" \/>Alternativ k\u00f6nnen Sie <strong data-start=\"3921\" data-end=\"3931\">Kambos<\/strong> mit einem <strong data-start=\"3942\" data-end=\"3950\">Taxi<\/strong> erreichen oder ein Auto oder Motorrad in den Mietstationen am Flughafen oder Hafen mieten.<\/p><p class=\"\" data-start=\"4043\" data-end=\"4272\">Vom Flughafen Milos aus sind <strong data-start=\"4072\" data-end=\"4091\">Taxis verf\u00fcgbar<\/strong>, die Sie nach Zefyria bringen (ca. 5 Minuten).<br data-start=\"4138\" data-end=\"4141\" \/>Entlang der Stra\u00dfe nach Kambos finden Sie <strong data-start=\"4183\" data-end=\"4196\">Wegweiser<\/strong>, die \u201eVilla Marios\u201c anzeigen und Sie problemlos zu Ihrer Unterkunft f\u00fchren.<\/p>\t\t\t\t\t\t\t\t<\/div>\n\t\t\t\t<\/div>\n\t\t\t\t\t<\/div>\n\t\t<\/div>\n\t\t\t\t<div class=\"elementor-column elementor-col-50 elementor-top-column elementor-element elementor-element-7dbb5a41\" data-id=\"7dbb5a41\" data-element_type=\"column\" data-e-type=\"column\" data-settings=\"{&quot;background_background&quot;:&quot;gradient&quot;}\">\n\t\t\t<div class=\"elementor-widget-wrap elementor-element-populated\">\n\t\t\t\t\t\t<div class=\"elementor-element elementor-element-3bfaf8a3 elementor-widget elementor-widget-wpforms\" data-id=\"3bfaf8a3\" data-element_type=\"widget\" data-e-type=\"widget\" data-widget_type=\"wpforms.default\">\n\t\t\t\t<div class=\"elementor-widget-container\">\n\t\t\t\t\t<div class=\"wpforms-container wpforms-container-full\" id=\"wpforms-810\"><form id=\"wpforms-form-810\" class=\"wpforms-validate wpforms-form\" data-formid=\"810\" method=\"post\" enctype=\"multipart\/form-data\" action=\"\/de\/wp-json\/wp\/v2\/pages\/1836\" data-token=\"601b286ea9a8bd133ba2b0c97e6f1fce\"><noscript class=\"wpforms-error-noscript\">Bitte aktiviere JavaScript in deinem Browser, um dieses Formular fertigzustellen.<\/noscript><div class=\"wpforms-field-container\"><div id=\"wpforms-810-field_0-container\" class=\"wpforms-field wpforms-field-name\" data-field-id=\"0\"><label class=\"wpforms-field-label\" for=\"wpforms-810-field_0\">\u038c\u03bd\u03bf\u03bc\u03b1 <span class=\"wpforms-required-label\">*<\/span><\/label><input type=\"text\" id=\"wpforms-810-field_0\" class=\"wpforms-field-medium wpforms-field-required\" name=\"wpforms[fields][0]\" required><\/div><div id=\"wpforms-810-field_1-container\" class=\"wpforms-field wpforms-field-email\" data-field-id=\"1\"><label class=\"wpforms-field-label\" for=\"wpforms-810-field_1\">Email <span class=\"wpforms-required-label\">*<\/span><\/label><input type=\"email\" id=\"wpforms-810-field_1\" class=\"wpforms-field-medium wpforms-field-required\" name=\"wpforms[fields][1]\" required><\/div><div id=\"wpforms-810-field_2-container\" class=\"wpforms-field wpforms-field-textarea\" data-field-id=\"2\"><label class=\"wpforms-field-label\" for=\"wpforms-810-field_2\">Comment or Message <span class=\"wpforms-required-label\">*<\/span><\/label><textarea id=\"wpforms-810-field_2\" class=\"wpforms-field-medium wpforms-field-required\" name=\"wpforms[fields][2]\" required><\/textarea><\/div><\/div><div class=\"wpforms-field wpforms-field-hp\"><label for=\"wpforms-810-field-hp\" class=\"wpforms-field-label\">Message<\/label><input type=\"text\" name=\"wpforms[hp]\" id=\"wpforms-810-field-hp\" class=\"wpforms-field-medium\"><\/div><div class=\"wpforms-recaptcha-container wpforms-is-recaptcha\" ><div class=\"g-recaptcha\" data-sitekey=\"6Ld9ln8UAAAAAJ9ybq7rYxNInXIuNApz5oH1V7Ri\"><\/div><input type=\"text\" name=\"g-recaptcha-hidden\" class=\"wpforms-recaptcha-hidden\" style=\"position:absolute!important;clip:rect(0,0,0,0)!important;height:1px!important;width:1px!important;border:0!important;overflow:hidden!important;padding:0!important;margin:0!important;\" required><\/div><div class=\"wpforms-submit-container\" ><input type=\"hidden\" name=\"wpforms[id]\" value=\"810\"><input type=\"hidden\" name=\"wpforms[author]\" value=\"1\"><button type=\"submit\" name=\"wpforms[submit]\" class=\"wpforms-submit \" id=\"wpforms-submit-810\" value=\"wpforms-submit\" aria-live=\"assertive\" data-alt-text=\"Sending...\" data-submit-text=\"Submit\">Submit<\/button><\/div><\/form><\/div>  <!-- .wpforms-container -->\t\t\t\t<\/div>\n\t\t\t\t<\/div>\n\t\t\t\t\t<\/div>\n\t\t<\/div>\n\t\t\t\t\t<\/div>\n\t\t<\/section>\n\t\t\t\t<section class=\"elementor-section elementor-top-section elementor-element elementor-element-79ca463e elementor-section-boxed elementor-section-height-default elementor-section-height-default\" data-id=\"79ca463e\" data-element_type=\"section\" data-e-type=\"section\">\n\t\t\t\t\t\t<div class=\"elementor-container elementor-column-gap-default\">\n\t\t\t\t\t<div class=\"elementor-column elementor-col-100 elementor-top-column elementor-element elementor-element-4b145248\" data-id=\"4b145248\" data-element_type=\"column\" data-e-type=\"column\">\n\t\t\t<div class=\"elementor-widget-wrap elementor-element-populated\">\n\t\t\t\t\t\t<div class=\"elementor-element elementor-element-617bd462 elementor-widget elementor-widget-spacer\" data-id=\"617bd462\" data-element_type=\"widget\" data-e-type=\"widget\" data-widget_type=\"spacer.default\">\n\t\t\t\t<div class=\"elementor-widget-container\">\n\t\t\t\t\t\t\t<div class=\"elementor-spacer\">\n\t\t\t<div class=\"elementor-spacer-inner\"><\/div>\n\t\t<\/div>\n\t\t\t\t\t\t<\/div>\n\t\t\t\t<\/div>\n\t\t\t\t\t<\/div>\n\t\t<\/div>\n\t\t\t\t\t<\/div>\n\t\t<\/section>\n\t\t\t\t<section class=\"elementor-section elementor-top-section elementor-element elementor-element-79d4ebc1 elementor-section-boxed elementor-section-height-default elementor-section-height-default\" data-id=\"79d4ebc1\" data-element_type=\"section\" data-e-type=\"section\">\n\t\t\t\t\t\t<div class=\"elementor-container elementor-column-gap-default\">\n\t\t\t\t\t<div class=\"elementor-column elementor-col-100 elementor-top-column elementor-element elementor-element-7def299d\" data-id=\"7def299d\" data-element_type=\"column\" data-e-type=\"column\">\n\t\t\t<div class=\"elementor-widget-wrap elementor-element-populated\">\n\t\t\t\t\t\t<div class=\"elementor-element elementor-element-158f977f elementor-widget elementor-widget-google_maps\" data-id=\"158f977f\" data-element_type=\"widget\" data-e-type=\"widget\" data-widget_type=\"google_maps.default\">\n\t\t\t\t<div class=\"elementor-widget-container\">\n\t\t\t\t\t\t\t<div class=\"elementor-custom-embed\">\n\t\t\t<iframe loading=\"lazy\"\n\t\t\t\t\tsrc=\"https:\/\/maps.google.com\/maps?q=%CE%96%CE%B5%CF%86%CF%8D%CF%81%CE%B9%CE%B1%2C%20%CE%95%CE%BB%CE%BB%CE%AC%CE%B4%CE%B1&#038;t=m&#038;z=15&#038;output=embed&#038;iwloc=near\"\n\t\t\t\t\ttitle=\"\u0396\u03b5\u03c6\u03cd\u03c1\u03b9\u03b1, \u0395\u03bb\u03bb\u03ac\u03b4\u03b1\"\n\t\t\t\t\taria-label=\"\u0396\u03b5\u03c6\u03cd\u03c1\u03b9\u03b1, \u0395\u03bb\u03bb\u03ac\u03b4\u03b1\"\n\t\t\t><\/iframe>\n\t\t<\/div>\n\t\t\t\t\t\t<\/div>\n\t\t\t\t<\/div>\n\t\t\t\t\t<\/div>\n\t\t<\/div>\n\t\t\t\t\t<\/div>\n\t\t<\/section>\n\t\t\t\t<\/div>\n\t\t","protected":false},"excerpt":{"rendered":"<p class=\"tx-excerpt\">Anreise nach Milos: Mit der F\u00e4hre oder dem Schnellboot vom Hafen Pir\u00e4usF\u00e4hrfahrpl\u00e4ne (Abfahrten vom Pir\u00e4us):...<\/p>","protected":false},"author":1,"featured_media":0,"parent":0,"menu_order":0,"comment_status":"closed","ping_status":"closed","template":"","meta":{"footnotes":""},"class_list":["post-1836","page","type-page","status-publish","hentry"],"_links":{"self":[{"href":"https:\/\/villamarios.gr\/de\/wp-json\/wp\/v2\/pages\/1836","targetHints":{"allow":["GET"]}}],"collection":[{"href":"https:\/\/villamarios.gr\/de\/wp-json\/wp\/v2\/pages"}],"about":[{"href":"https:\/\/villamarios.gr\/de\/wp-json\/wp\/v2\/types\/page"}],"author":[{"embeddable":true,"href":"https:\/\/villamarios.gr\/de\/wp-json\/wp\/v2\/users\/1"}],"replies":[{"embeddable":true,"href":"https:\/\/villamarios.gr\/de\/wp-json\/wp\/v2\/comments?post=1836"}],"version-history":[{"count":7,"href":"https:\/\/villamarios.gr\/de\/wp-json\/wp\/v2\/pages\/1836\/revisions"}],"predecessor-version":[{"id":4195,"href":"https:\/\/villamarios.gr\/de\/wp-json\/wp\/v2\/pages\/1836\/revisions\/4195"}],"wp:attachment":[{"href":"https:\/\/villamarios.gr\/de\/wp-json\/wp\/v2\/media?parent=1836"}],"curies":[{"name":"wp","href":"https:\/\/api.w.org\/{rel}","templated":true}]}}