{"id":1858,"date":"2018-12-07T14:27:29","date_gmt":"2018-12-07T11:27:29","guid":{"rendered":"https:\/\/villamarios.gr\/kalipsoger\/"},"modified":"2025-05-02T11:07:20","modified_gmt":"2025-05-02T08:07:20","slug":"kalipsoger","status":"publish","type":"page","link":"https:\/\/villamarios.gr\/de\/kalipsoger\/","title":{"rendered":"kalipsoger"},"content":{"rendered":"\t\t<div data-elementor-type=\"wp-page\" data-elementor-id=\"1858\" class=\"elementor elementor-1858 elementor-1669\" data-elementor-post-type=\"page\">\n\t\t\t\t\t\t<section class=\"elementor-section elementor-top-section elementor-element elementor-element-15e96958 elementor-section-boxed elementor-section-height-default elementor-section-height-default\" data-id=\"15e96958\" data-element_type=\"section\" data-e-type=\"section\">\n\t\t\t\t\t\t<div class=\"elementor-container elementor-column-gap-default\">\n\t\t\t\t\t<div class=\"elementor-column elementor-col-100 elementor-top-column elementor-element elementor-element-1098b1ed\" data-id=\"1098b1ed\" data-element_type=\"column\" data-e-type=\"column\">\n\t\t\t<div class=\"elementor-widget-wrap\">\n\t\t\t\t\t\t\t<\/div>\n\t\t<\/div>\n\t\t\t\t\t<\/div>\n\t\t<\/section>\n\t\t\t\t<section class=\"elementor-section elementor-top-section elementor-element elementor-element-5e7104dc elementor-section-boxed elementor-section-height-default elementor-section-height-default\" data-id=\"5e7104dc\" data-element_type=\"section\" data-e-type=\"section\">\n\t\t\t\t\t\t<div class=\"elementor-container elementor-column-gap-default\">\n\t\t\t\t\t<div class=\"elementor-column elementor-col-100 elementor-top-column elementor-element elementor-element-106c91d0\" data-id=\"106c91d0\" data-element_type=\"column\" data-e-type=\"column\">\n\t\t\t<div class=\"elementor-widget-wrap elementor-element-populated\">\n\t\t\t\t\t\t<div class=\"elementor-element elementor-element-2c6a243d elementor--h-position-center elementor--v-position-middle elementor-widget elementor-widget-slides\" data-id=\"2c6a243d\" data-element_type=\"widget\" data-e-type=\"widget\" data-settings=\"{&quot;navigation&quot;:&quot;none&quot;,&quot;autoplay_speed&quot;:3000,&quot;transition&quot;:&quot;fade&quot;,&quot;autoplay&quot;:&quot;yes&quot;,&quot;pause_on_hover&quot;:&quot;yes&quot;,&quot;pause_on_interaction&quot;:&quot;yes&quot;,&quot;infinite&quot;:&quot;yes&quot;,&quot;transition_speed&quot;:500}\" data-widget_type=\"slides.default\">\n\t\t\t\t<div class=\"elementor-widget-container\">\n\t\t\t\t\t\t\t\t\t<div class=\"elementor-swiper\">\n\t\t\t\t\t<div class=\"elementor-slides-wrapper elementor-main-swiper swiper\" role=\"region\" aria-roledescription=\"carousel\" aria-label=\"Slides\" dir=\"ltr\" data-animation=\"zoomIn\">\n\t\t\t\t<div class=\"swiper-wrapper elementor-slides\">\n\t\t\t\t\t\t\t\t\t\t<div class=\"elementor-repeater-item-542d292 swiper-slide\" role=\"group\" aria-roledescription=\"slide\"><div class=\"swiper-slide-bg elementor-ken-burns elementor-ken-burns--in\" role=\"img\" aria-label=\"g-2-1024x768\"><\/div><div class=\"swiper-slide-inner\" ><div class=\"swiper-slide-contents\"><\/div><\/div><\/div>\t\t\t\t<\/div>\n\t\t\t\t\t\t\t<\/div>\n\t\t\t\t<\/div>\n\t\t\t\t\t\t\t\t<\/div>\n\t\t\t\t<\/div>\n\t\t\t\t<div class=\"elementor-element elementor-element-61808314 elementor-widget elementor-widget-spacer\" data-id=\"61808314\" data-element_type=\"widget\" data-e-type=\"widget\" data-widget_type=\"spacer.default\">\n\t\t\t\t<div class=\"elementor-widget-container\">\n\t\t\t\t\t\t\t<div class=\"elementor-spacer\">\n\t\t\t<div class=\"elementor-spacer-inner\"><\/div>\n\t\t<\/div>\n\t\t\t\t\t\t<\/div>\n\t\t\t\t<\/div>\n\t\t\t\t\t<\/div>\n\t\t<\/div>\n\t\t\t\t\t<\/div>\n\t\t<\/section>\n\t\t\t\t<section class=\"elementor-section elementor-top-section elementor-element elementor-element-23dda327 elementor-section-boxed elementor-section-height-default elementor-section-height-default\" data-id=\"23dda327\" data-element_type=\"section\" data-e-type=\"section\">\n\t\t\t\t\t\t<div class=\"elementor-container elementor-column-gap-default\">\n\t\t\t\t\t<div class=\"elementor-column elementor-col-100 elementor-top-column elementor-element elementor-element-11f45443\" data-id=\"11f45443\" data-element_type=\"column\" data-e-type=\"column\">\n\t\t\t<div class=\"elementor-widget-wrap elementor-element-populated\">\n\t\t\t\t\t\t<div class=\"elementor-element elementor-element-174b9237 elementor-widget elementor-widget-heading\" data-id=\"174b9237\" data-element_type=\"widget\" data-e-type=\"widget\" data-widget_type=\"heading.default\">\n\t\t\t\t<div class=\"elementor-widget-container\">\n\t\t\t\t\t<h1 class=\"elementor-heading-title elementor-size-default\">Kalipso<\/h1>\t\t\t\t<\/div>\n\t\t\t\t<\/div>\n\t\t\t\t\t<\/div>\n\t\t<\/div>\n\t\t\t\t\t<\/div>\n\t\t<\/section>\n\t\t\t\t<section class=\"elementor-section elementor-top-section elementor-element elementor-element-603f2a6d elementor-section-boxed elementor-section-height-default elementor-section-height-default\" data-id=\"603f2a6d\" data-element_type=\"section\" data-e-type=\"section\">\n\t\t\t\t\t\t<div class=\"elementor-container elementor-column-gap-default\">\n\t\t\t\t\t<div class=\"elementor-column elementor-col-100 elementor-top-column elementor-element elementor-element-716a32ee\" data-id=\"716a32ee\" data-element_type=\"column\" data-e-type=\"column\">\n\t\t\t<div class=\"elementor-widget-wrap elementor-element-populated\">\n\t\t\t\t\t\t<div class=\"elementor-element elementor-element-7bdf9f19 elementor-widget elementor-widget-g-gallery\" data-id=\"7bdf9f19\" data-element_type=\"widget\" data-e-type=\"widget\" data-widget_type=\"g-gallery.default\">\n\t\t\t\t<div class=\"elementor-widget-container\">\n\t\t\t\t\t<div id=\"69df3a36038b4\" class=\"gg_gallery_wrap gg_is_loading_gallery gg_true_gallery gg_columnized_gallery gid_1366 gg_ol_bottom_mode gg_main_ol_always_shown gg_both_ol\" data-col-maxw=\"400\" data-gid=\"1366\" data-nores-txt=\"No images found\">              <div class=\"gg_loader\">            <div class=\"ggl_1\"><\/div>            <div class=\"ggl_2\"><\/div>            <div class=\"ggl_3\"><\/div>            <div class=\"ggl_4\"><\/div>        <\/div>  <div class=\"gg_container\"><div class=\"gg_img \" data-gg-url=\"https:\/\/villamarios.gr\/wp-content\/uploads\/2018\/12\/f-1.jpg\" data-gg-title=\"\" data-gg-author=\"\" data-gg-descr=\"\" data-gg-tags=\"\" data-img-id=\"0\" data-gid=\"1366\" role=\"button\" tabindex=\"0\" aria-label=\"open image\">                  <div class=\"gg_img_inner\" style=\"padding-bottom: 300px\">                                      <div class=\"gg_main_img_wrap\">                        <div class=\"gg_img_wrap_inner\">                            <img decoding=\"async\" src=\"\" data-gg-lazy-src=\"\/\/villamarios.gr\/wp-content\/uploads\/ewpt_cache\/400x300_90_1_c_FFFFFF_2c968193517d308bacd41a5ab5d08a23.jpg\" alt=\"\" class=\"gg_photo gg_main_thumb\" \/>                            <noscript><img decoding=\"async\" src=\"https:\/\/villamarios.gr\/wp-content\/uploads\/2018\/12\/f-1.jpg\" alt=\"\" \/><\/noscript>                        <\/div>                    <\/div>                                        <div class=\"gg_overlays\"><div class=\"gg_sec_overlay gg_tl_pos\"><span><\/span><\/div><\/div>                  <\/div><\/div><div class=\"gg_img \" data-gg-url=\"https:\/\/villamarios.gr\/wp-content\/uploads\/2018\/12\/f-2.jpg\" data-gg-title=\"\" data-gg-author=\"\" data-gg-descr=\"\" data-gg-tags=\"\" data-img-id=\"1\" data-gid=\"1366\" role=\"button\" tabindex=\"0\" aria-label=\"open image\">                  <div class=\"gg_img_inner\" style=\"padding-bottom: 300px\">                                      <div class=\"gg_main_img_wrap\">                        <div class=\"gg_img_wrap_inner\">                            <img decoding=\"async\" src=\"\" data-gg-lazy-src=\"\/\/villamarios.gr\/wp-content\/uploads\/ewpt_cache\/400x300_90_1_c_FFFFFF_4550cf0b401ac9f007357b94bec608a8.jpg\" alt=\"\" class=\"gg_photo gg_main_thumb\" \/>                            <noscript><img decoding=\"async\" src=\"https:\/\/villamarios.gr\/wp-content\/uploads\/2018\/12\/f-2.jpg\" alt=\"\" \/><\/noscript>                        <\/div>                    <\/div>                                        <div class=\"gg_overlays\"><div class=\"gg_sec_overlay gg_tl_pos\"><span><\/span><\/div><\/div>                  <\/div><\/div><div class=\"gg_img \" data-gg-url=\"https:\/\/villamarios.gr\/wp-content\/uploads\/2018\/12\/f-3.jpg\" data-gg-title=\"\" data-gg-author=\"\" data-gg-descr=\"\" data-gg-tags=\"\" data-img-id=\"2\" data-gid=\"1366\" role=\"button\" tabindex=\"0\" aria-label=\"open image\">                  <div class=\"gg_img_inner\" style=\"padding-bottom: 300px\">                                      <div class=\"gg_main_img_wrap\">                        <div class=\"gg_img_wrap_inner\">                            <img decoding=\"async\" src=\"\" data-gg-lazy-src=\"\/\/villamarios.gr\/wp-content\/uploads\/ewpt_cache\/400x300_90_1_c_FFFFFF_4645e58d247c5931a41a3a096a5d1223.jpg\" alt=\"\" class=\"gg_photo gg_main_thumb\" \/>                            <noscript><img decoding=\"async\" src=\"https:\/\/villamarios.gr\/wp-content\/uploads\/2018\/12\/f-3.jpg\" alt=\"\" \/><\/noscript>                        <\/div>                    <\/div>                                        <div class=\"gg_overlays\"><div class=\"gg_sec_overlay gg_tl_pos\"><span><\/span><\/div><\/div>                  <\/div><\/div><div class=\"gg_img \" data-gg-url=\"https:\/\/villamarios.gr\/wp-content\/uploads\/2018\/12\/f-4.jpg\" data-gg-title=\"\" data-gg-author=\"\" data-gg-descr=\"\" data-gg-tags=\"\" data-img-id=\"3\" data-gid=\"1366\" role=\"button\" tabindex=\"0\" aria-label=\"open image\">                  <div class=\"gg_img_inner\" style=\"padding-bottom: 300px\">                                      <div class=\"gg_main_img_wrap\">                        <div class=\"gg_img_wrap_inner\">                            <img decoding=\"async\" src=\"\" data-gg-lazy-src=\"\/\/villamarios.gr\/wp-content\/uploads\/ewpt_cache\/400x300_90_1_c_FFFFFF_a3b4f2dda4e00d3a592c98f5faf938a8.jpg\" alt=\"\" class=\"gg_photo gg_main_thumb\" \/>                            <noscript><img decoding=\"async\" src=\"https:\/\/villamarios.gr\/wp-content\/uploads\/2018\/12\/f-4.jpg\" alt=\"\" \/><\/noscript>                        <\/div>                    <\/div>                                        <div class=\"gg_overlays\"><div class=\"gg_sec_overlay gg_tl_pos\"><span><\/span><\/div><\/div>                  <\/div><\/div><\/div><\/div><script type=\"text\/javascript\">     (function() {         \"use strict\";              const intval = setInterval(() => {            if(typeof(jQuery) == \"undefined\" || typeof(gg_galleries_init) == \"undefined\") {                return true;            }            else {                clearTimeout(intval);                            const $ = jQuery;                gg_galleries_init(\"69df3a36038b4\");            }        }, 50);    })();<\/script>\t\t\t\t<\/div>\n\t\t\t\t<\/div>\n\t\t\t\t\t<\/div>\n\t\t<\/div>\n\t\t\t\t\t<\/div>\n\t\t<\/section>\n\t\t\t\t<section class=\"elementor-section elementor-top-section elementor-element elementor-element-267035cb elementor-section-boxed elementor-section-height-default elementor-section-height-default\" data-id=\"267035cb\" data-element_type=\"section\" data-e-type=\"section\">\n\t\t\t\t\t\t<div class=\"elementor-container elementor-column-gap-default\">\n\t\t\t\t\t<div class=\"elementor-column elementor-col-100 elementor-top-column elementor-element elementor-element-5cef6e1e\" data-id=\"5cef6e1e\" data-element_type=\"column\" data-e-type=\"column\">\n\t\t\t<div class=\"elementor-widget-wrap elementor-element-populated\">\n\t\t\t\t\t\t<div class=\"elementor-element elementor-element-730d97c5 elementor-widget elementor-widget-spacer\" data-id=\"730d97c5\" data-element_type=\"widget\" data-e-type=\"widget\" data-widget_type=\"spacer.default\">\n\t\t\t\t<div class=\"elementor-widget-container\">\n\t\t\t\t\t\t\t<div class=\"elementor-spacer\">\n\t\t\t<div class=\"elementor-spacer-inner\"><\/div>\n\t\t<\/div>\n\t\t\t\t\t\t<\/div>\n\t\t\t\t<\/div>\n\t\t\t\t\t<\/div>\n\t\t<\/div>\n\t\t\t\t\t<\/div>\n\t\t<\/section>\n\t\t\t\t<section class=\"elementor-section elementor-top-section elementor-element elementor-element-7cc9db2e elementor-section-boxed elementor-section-height-default elementor-section-height-default\" data-id=\"7cc9db2e\" data-element_type=\"section\" data-e-type=\"section\">\n\t\t\t\t\t\t<div class=\"elementor-container elementor-column-gap-default\">\n\t\t\t\t\t<div class=\"elementor-column elementor-col-100 elementor-top-column elementor-element elementor-element-5984d476\" data-id=\"5984d476\" data-element_type=\"column\" data-e-type=\"column\">\n\t\t\t<div class=\"elementor-widget-wrap elementor-element-populated\">\n\t\t\t\t\t\t<div class=\"elementor-element elementor-element-30ba3809 elementor-widget elementor-widget-heading\" data-id=\"30ba3809\" data-element_type=\"widget\" data-e-type=\"widget\" data-widget_type=\"heading.default\">\n\t\t\t\t<div class=\"elementor-widget-container\">\n\t\t\t\t\t<h1 class=\"elementor-heading-title elementor-size-default\">Jedes Studio der Villa Marios bietet:<\/h1>\t\t\t\t<\/div>\n\t\t\t\t<\/div>\n\t\t\t\t\t<\/div>\n\t\t<\/div>\n\t\t\t\t\t<\/div>\n\t\t<\/section>\n\t\t\t\t<section class=\"elementor-section elementor-top-section elementor-element elementor-element-68239a02 elementor-section-boxed elementor-section-height-default elementor-section-height-default\" data-id=\"68239a02\" data-element_type=\"section\" data-e-type=\"section\">\n\t\t\t\t\t\t<div class=\"elementor-container elementor-column-gap-default\">\n\t\t\t\t\t<div class=\"elementor-column elementor-col-50 elementor-top-column elementor-element elementor-element-2849bfcd\" data-id=\"2849bfcd\" data-element_type=\"column\" data-e-type=\"column\">\n\t\t\t<div class=\"elementor-widget-wrap elementor-element-populated\">\n\t\t\t\t\t\t<div class=\"elementor-element elementor-element-6c6ae1c4 elementor-widget elementor-widget-text-editor\" data-id=\"6c6ae1c4\" data-element_type=\"widget\" data-e-type=\"widget\" data-widget_type=\"text-editor.default\">\n\t\t\t\t<div class=\"elementor-widget-container\">\n\t\t\t\t\t\t\t\t\t<ul><li><ul><li class=\"\" data-start=\"96\" data-end=\"112\"><p class=\"\" data-start=\"98\" data-end=\"112\">Haartrockner<\/p><\/li><li class=\"\" data-start=\"113\" data-end=\"140\"><p class=\"\" data-start=\"115\" data-end=\"140\">Orthop\u00e4dische Matratzen<\/p><\/li><li class=\"\" data-start=\"141\" data-end=\"170\"><p class=\"\" data-start=\"143\" data-end=\"170\">Ausgestattete K\u00fcchenzeile<\/p><\/li><li class=\"\" data-start=\"171\" data-end=\"186\"><p class=\"\" data-start=\"173\" data-end=\"186\">K\u00fchlschrank<\/p><\/li><li class=\"\" data-start=\"187\" data-end=\"202\"><p class=\"\" data-start=\"189\" data-end=\"202\">Klimaanlage<\/p><\/li><li class=\"\" data-start=\"203\" data-end=\"238\"><p class=\"\" data-start=\"205\" data-end=\"238\">Samsung 32&#8243; Satellitenfernseher<\/p><\/li><li class=\"\" data-start=\"239\" data-end=\"261\"><p class=\"\" data-start=\"241\" data-end=\"261\">Samsung DVD-Player<\/p><\/li><li class=\"\" data-start=\"262\" data-end=\"308\"><p class=\"\" data-start=\"264\" data-end=\"308\">Allergikerfreundliche Matratzen und Kissen<\/p><\/li><li class=\"\" data-start=\"309\" data-end=\"329\"><p class=\"\" data-start=\"311\" data-end=\"329\">K\u00fcchenutensilien<\/p><\/li><li class=\"\" data-start=\"330\" data-end=\"350\"><p class=\"\" data-start=\"332\" data-end=\"350\">Private Veranden<\/p><\/li><li class=\"\" data-start=\"351\" data-end=\"373\"><p class=\"\" data-start=\"353\" data-end=\"373\">Kostenloses Parken<\/p><\/li><li class=\"\" data-start=\"374\" data-end=\"397\"><p class=\"\" data-start=\"376\" data-end=\"397\">Privates Badezimmer<\/p><\/li><li class=\"\" data-start=\"398\" data-end=\"420\"><p class=\"\" data-start=\"400\" data-end=\"420\">Privater Parkplatz<\/p><\/li><\/ul><\/li><\/ul>\t\t\t\t\t\t\t\t<\/div>\n\t\t\t\t<\/div>\n\t\t\t\t\t<\/div>\n\t\t<\/div>\n\t\t\t\t<div class=\"elementor-column elementor-col-50 elementor-top-column elementor-element elementor-element-46a0f93\" data-id=\"46a0f93\" data-element_type=\"column\" data-e-type=\"column\">\n\t\t\t<div class=\"elementor-widget-wrap elementor-element-populated\">\n\t\t\t\t\t\t<div class=\"elementor-element elementor-element-4a739659 elementor-widget elementor-widget-text-editor\" data-id=\"4a739659\" data-element_type=\"widget\" data-e-type=\"widget\" data-widget_type=\"text-editor.default\">\n\t\t\t\t<div class=\"elementor-widget-container\">\n\t\t\t\t\t\t\t\t\t<ul><li><ul><li class=\"\" data-start=\"114\" data-end=\"149\"><p class=\"\" data-start=\"116\" data-end=\"149\">Highspeed-WLAN in allen Zimmern<\/p><\/li><li class=\"\" data-start=\"150\" data-end=\"208\"><p class=\"\" data-start=\"152\" data-end=\"208\">12-Stunden-Rezeption (t\u00e4glich von 10:00 bis 22:00 Uhr)<\/p><\/li><li class=\"\" data-start=\"209\" data-end=\"271\"><p class=\"\" data-start=\"211\" data-end=\"271\">12-Stunden-Zimmerservice (t\u00e4glich von 08:00 bis 20:00 Uhr)<\/p><\/li><li class=\"\" data-start=\"272\" data-end=\"323\"><p class=\"\" data-start=\"274\" data-end=\"323\">Gep\u00e4cktransfer-Service (gegen Aufpreis m\u00f6glich)<\/p><\/li><li class=\"\" data-start=\"324\" data-end=\"372\"><p class=\"\" data-start=\"326\" data-end=\"372\">Babybett und Hochstuhl auf Anfrage verf\u00fcgbar<\/p><\/li><li class=\"\" data-start=\"373\" data-end=\"480\"><p class=\"\" data-start=\"375\" data-end=\"480\">Zus\u00e4tzlicher Reinigungsservice auf Anfrage, zus\u00e4tzlich zur t\u00e4glichen Reinigung (gegen Aufpreis m\u00f6glich)<\/p><\/li><li class=\"\" data-start=\"481\" data-end=\"523\"><p class=\"\" data-start=\"483\" data-end=\"523\">Wechsel von Bettw\u00e4sche und Handt\u00fcchern<\/p><\/li><\/ul><\/li><\/ul>\t\t\t\t\t\t\t\t<\/div>\n\t\t\t\t<\/div>\n\t\t\t\t\t<\/div>\n\t\t<\/div>\n\t\t\t\t\t<\/div>\n\t\t<\/section>\n\t\t\t\t<\/div>\n\t\t","protected":false},"excerpt":{"rendered":"<p class=\"tx-excerpt\">Kalipso Jedes Studio der Villa Marios bietet: Haartrockner Orthop\u00e4dische Matratzen Ausgestattete K\u00fcchenzeile K\u00fchlschrank Klimaanlage Samsung...<\/p>","protected":false},"author":1,"featured_media":0,"parent":0,"menu_order":0,"comment_status":"closed","ping_status":"closed","template":"","meta":{"footnotes":""},"class_list":["post-1858","page","type-page","status-publish","hentry"],"_links":{"self":[{"href":"https:\/\/villamarios.gr\/de\/wp-json\/wp\/v2\/pages\/1858","targetHints":{"allow":["GET"]}}],"collection":[{"href":"https:\/\/villamarios.gr\/de\/wp-json\/wp\/v2\/pages"}],"about":[{"href":"https:\/\/villamarios.gr\/de\/wp-json\/wp\/v2\/types\/page"}],"author":[{"embeddable":true,"href":"https:\/\/villamarios.gr\/de\/wp-json\/wp\/v2\/users\/1"}],"replies":[{"embeddable":true,"href":"https:\/\/villamarios.gr\/de\/wp-json\/wp\/v2\/comments?post=1858"}],"version-history":[{"count":8,"href":"https:\/\/villamarios.gr\/de\/wp-json\/wp\/v2\/pages\/1858\/revisions"}],"predecessor-version":[{"id":4032,"href":"https:\/\/villamarios.gr\/de\/wp-json\/wp\/v2\/pages\/1858\/revisions\/4032"}],"wp:attachment":[{"href":"https:\/\/villamarios.gr\/de\/wp-json\/wp\/v2\/media?parent=1858"}],"curies":[{"name":"wp","href":"https:\/\/api.w.org\/{rel}","templated":true}]}}