{"id":2034,"date":"2018-12-08T22:54:19","date_gmt":"2018-12-08T19:54:19","guid":{"rendered":"https:\/\/villamarios.gr\/drastiriotites\/"},"modified":"2025-05-02T12:03:51","modified_gmt":"2025-05-02T09:03:51","slug":"drastiriotites","status":"publish","type":"page","link":"https:\/\/villamarios.gr\/de\/drastiriotites\/","title":{"rendered":"drastiriotites"},"content":{"rendered":"\t\t<div data-elementor-type=\"wp-page\" data-elementor-id=\"2034\" class=\"elementor elementor-2034 elementor-2022\" data-elementor-post-type=\"page\">\n\t\t\t\t\t\t<section class=\"elementor-section elementor-top-section elementor-element elementor-element-392ea5ff elementor-section-boxed elementor-section-height-default elementor-section-height-default\" data-id=\"392ea5ff\" data-element_type=\"section\" data-e-type=\"section\">\n\t\t\t\t\t\t<div class=\"elementor-container elementor-column-gap-default\">\n\t\t\t\t\t<div class=\"elementor-column elementor-col-100 elementor-top-column elementor-element elementor-element-2b040b0f\" data-id=\"2b040b0f\" data-element_type=\"column\" data-e-type=\"column\">\n\t\t\t<div class=\"elementor-widget-wrap elementor-element-populated\">\n\t\t\t\t\t\t<div class=\"elementor-element elementor-element-70b971d0 elementor-widget elementor-widget-text-editor\" data-id=\"70b971d0\" data-element_type=\"widget\" data-e-type=\"widget\" data-widget_type=\"text-editor.default\">\n\t\t\t\t<div class=\"elementor-widget-container\">\n\t\t\t\t\t\t\t\t\t[vc_row][vc_column][vc_empty_space height=&#8220;128px&#8220;][vc_separator color=&#8220;black&#8220;][vc_column_text]Die Lage der Villa Marios befindet sich am Fu\u00dfe des Vulkans Milos, der in den letzten Jahren zu einem Anziehungspunkt f\u00fcr alle Besucher der Insel geworden ist. Die Lage ist ideal f\u00fcr Ausfl\u00fcge mit dem Fahrrad oder zum Wandern. Genie\u00dfen Sie die einzigartige Naturlandschaft Griechenlands mit ihren alten Zedern und nat\u00fcrlichen Vulkangesteinen. Die Aussicht ist unbegrenzt, so dass der Reisende die Insel erkunden kann. Wenn Sie die bezaubernde Landschaft erkunden m\u00f6chten, werden Sie Ihre Erwartungen erf\u00fcllen.[\/vc_column_text][\/vc_column][\/vc_row]\t\t\t\t\t\t\t\t<\/div>\n\t\t\t\t<\/div>\n\t\t\t\t\t<\/div>\n\t\t<\/div>\n\t\t\t\t\t<\/div>\n\t\t<\/section>\n\t\t\t\t<section class=\"elementor-section elementor-top-section elementor-element elementor-element-22ddb8b5 elementor-section-boxed elementor-section-height-default elementor-section-height-default\" data-id=\"22ddb8b5\" data-element_type=\"section\" data-e-type=\"section\">\n\t\t\t\t\t\t<div class=\"elementor-container elementor-column-gap-default\">\n\t\t\t\t\t<div class=\"elementor-column elementor-col-100 elementor-top-column elementor-element elementor-element-709744d8\" data-id=\"709744d8\" data-element_type=\"column\" data-e-type=\"column\">\n\t\t\t<div class=\"elementor-widget-wrap elementor-element-populated\">\n\t\t\t\t\t\t<div class=\"elementor-element elementor-element-5232ddbc elementor--h-position-center elementor--v-position-middle elementor-widget elementor-widget-slides\" data-id=\"5232ddbc\" data-element_type=\"widget\" data-e-type=\"widget\" data-settings=\"{&quot;navigation&quot;:&quot;none&quot;,&quot;autoplay_speed&quot;:3000,&quot;transition&quot;:&quot;fade&quot;,&quot;autoplay&quot;:&quot;yes&quot;,&quot;pause_on_hover&quot;:&quot;yes&quot;,&quot;pause_on_interaction&quot;:&quot;yes&quot;,&quot;infinite&quot;:&quot;yes&quot;,&quot;transition_speed&quot;:500}\" data-widget_type=\"slides.default\">\n\t\t\t\t<div class=\"elementor-widget-container\">\n\t\t\t\t\t\t\t\t\t<div class=\"elementor-swiper\">\n\t\t\t\t\t<div class=\"elementor-slides-wrapper elementor-main-swiper swiper\" role=\"region\" aria-roledescription=\"carousel\" aria-label=\"Slides\" dir=\"ltr\" data-animation=\"zoomIn\">\n\t\t\t\t<div class=\"swiper-wrapper elementor-slides\">\n\t\t\t\t\t\t\t\t\t\t<div class=\"elementor-repeater-item-542d292 swiper-slide\" role=\"group\" aria-roledescription=\"slide\"><div class=\"swiper-slide-bg elementor-ken-burns elementor-ken-burns--in\" role=\"img\" aria-label=\"7_Balanced\"><\/div><div class=\"swiper-slide-inner\" ><div class=\"swiper-slide-contents\"><\/div><\/div><\/div>\t\t\t\t<\/div>\n\t\t\t\t\t\t\t<\/div>\n\t\t\t\t<\/div>\n\t\t\t\t\t\t\t\t<\/div>\n\t\t\t\t<\/div>\n\t\t\t\t<div class=\"elementor-element elementor-element-58c8346a elementor-widget elementor-widget-spacer\" data-id=\"58c8346a\" data-element_type=\"widget\" data-e-type=\"widget\" data-widget_type=\"spacer.default\">\n\t\t\t\t<div class=\"elementor-widget-container\">\n\t\t\t\t\t\t\t<div class=\"elementor-spacer\">\n\t\t\t<div class=\"elementor-spacer-inner\"><\/div>\n\t\t<\/div>\n\t\t\t\t\t\t<\/div>\n\t\t\t\t<\/div>\n\t\t\t\t\t<\/div>\n\t\t<\/div>\n\t\t\t\t\t<\/div>\n\t\t<\/section>\n\t\t\t\t<section class=\"elementor-section elementor-top-section elementor-element elementor-element-1f10e30a elementor-section-boxed elementor-section-height-default elementor-section-height-default\" data-id=\"1f10e30a\" data-element_type=\"section\" data-e-type=\"section\">\n\t\t\t\t\t\t<div class=\"elementor-container elementor-column-gap-default\">\n\t\t\t\t\t<div class=\"elementor-column elementor-col-100 elementor-top-column elementor-element elementor-element-55cb9f29\" data-id=\"55cb9f29\" data-element_type=\"column\" data-e-type=\"column\">\n\t\t\t<div class=\"elementor-widget-wrap elementor-element-populated\">\n\t\t\t\t\t\t<div class=\"elementor-element elementor-element-1848d603 elementor-widget elementor-widget-text-editor\" data-id=\"1848d603\" data-element_type=\"widget\" data-e-type=\"widget\" data-widget_type=\"text-editor.default\">\n\t\t\t\t<div class=\"elementor-widget-container\">\n\t\t\t\t\t\t\t\t\t<p class=\"\" data-start=\"83\" data-end=\"121\"><strong data-start=\"83\" data-end=\"121\">Aktivit\u00e4ten &amp; Erlebnisse auf Milos<\/strong><\/p><ul data-start=\"123\" data-end=\"310\"><li class=\"\" data-start=\"123\" data-end=\"202\"><p class=\"\" data-start=\"125\" data-end=\"202\">Ausfl\u00fcge mit dem hauseigenen Bus entlang der ber\u00fchmten <em data-start=\"180\" data-end=\"194\">Milotherania<\/em>-Route<\/p><\/li><li class=\"\" data-start=\"203\" data-end=\"217\"><p class=\"\" data-start=\"205\" data-end=\"217\">Kitesurfen<\/p><\/li><li class=\"\" data-start=\"218\" data-end=\"250\"><p class=\"\" data-start=\"220\" data-end=\"250\">Segelt\u00f6rns oder Kreuzfahrten<\/p><\/li><li class=\"\" data-start=\"251\" data-end=\"269\"><p class=\"\" data-start=\"253\" data-end=\"269\">Thermalquellen<\/p><\/li><li class=\"\" data-start=\"270\" data-end=\"281\"><p class=\"\" data-start=\"272\" data-end=\"281\">Tauchen<\/p><\/li><li class=\"\" data-start=\"282\" data-end=\"310\"><p class=\"\" data-start=\"284\" data-end=\"310\">Kanu- und Seekajakfahren<\/p><\/li><\/ul><p class=\"\" data-start=\"312\" data-end=\"601\">Mit dem Seekajak l\u00e4sst sich die einzigartige vulkanische K\u00fcstenlinie von Milos auf ganz besondere Weise entdecken. Beim Paddeln durch kristallklares Wasser, Meeresgrotten, Tunnel und nat\u00fcrliche B\u00f6gen kann man an einsamen Str\u00e4nden schwimmen und die kleinen Nachbarinseln von Milos erkunden.<\/p><p class=\"\" data-start=\"603\" data-end=\"832\">Die Insel besitzt eine seltene, wilde Sch\u00f6nheit \u2013 sogar unter Wasser. Unterwassergrotten, versunkene Schiffe und Flugzeuge aus dem Zweiten Weltkrieg sowie Wrackreste machen Milos zu einem faszinierenden Ziel f\u00fcr Tauchbegeisterte.<\/p>\t\t\t\t\t\t\t\t<\/div>\n\t\t\t\t<\/div>\n\t\t\t\t\t<\/div>\n\t\t<\/div>\n\t\t\t\t\t<\/div>\n\t\t<\/section>\n\t\t\t\t<\/div>\n\t\t","protected":false},"excerpt":{"rendered":"<p class=\"tx-excerpt\">[vc_row][vc_column][vc_empty_space height=&#8220;128px&#8220;][vc_separator color=&#8220;black&#8220;][vc_column_text]Die Lage der Villa Marios befindet sich am Fu\u00dfe des Vulkans Milos, der...<\/p>","protected":false},"author":1,"featured_media":0,"parent":0,"menu_order":0,"comment_status":"closed","ping_status":"closed","template":"","meta":{"footnotes":""},"class_list":["post-2034","page","type-page","status-publish","hentry"],"_links":{"self":[{"href":"https:\/\/villamarios.gr\/de\/wp-json\/wp\/v2\/pages\/2034","targetHints":{"allow":["GET"]}}],"collection":[{"href":"https:\/\/villamarios.gr\/de\/wp-json\/wp\/v2\/pages"}],"about":[{"href":"https:\/\/villamarios.gr\/de\/wp-json\/wp\/v2\/types\/page"}],"author":[{"embeddable":true,"href":"https:\/\/villamarios.gr\/de\/wp-json\/wp\/v2\/users\/1"}],"replies":[{"embeddable":true,"href":"https:\/\/villamarios.gr\/de\/wp-json\/wp\/v2\/comments?post=2034"}],"version-history":[{"count":4,"href":"https:\/\/villamarios.gr\/de\/wp-json\/wp\/v2\/pages\/2034\/revisions"}],"predecessor-version":[{"id":4139,"href":"https:\/\/villamarios.gr\/de\/wp-json\/wp\/v2\/pages\/2034\/revisions\/4139"}],"wp:attachment":[{"href":"https:\/\/villamarios.gr\/de\/wp-json\/wp\/v2\/media?parent=2034"}],"curies":[{"name":"wp","href":"https:\/\/api.w.org\/{rel}","templated":true}]}}