{"id":1773,"date":"2018-12-07T10:20:37","date_gmt":"2018-12-07T07:20:37","guid":{"rendered":"https:\/\/villamarios.gr\/?page_id=1773"},"modified":"2025-05-02T14:06:30","modified_gmt":"2025-05-02T11:06:30","slug":"diamonifr","status":"publish","type":"page","link":"https:\/\/villamarios.gr\/fr\/diamonifr\/","title":{"rendered":"diamonifr"},"content":{"rendered":"\t\t<div data-elementor-type=\"wp-page\" data-elementor-id=\"1773\" class=\"elementor elementor-1773 elementor-90\" data-elementor-post-type=\"page\">\n\t\t\t\t\t\t<section class=\"elementor-section elementor-top-section elementor-element elementor-element-40e8f37b elementor-section-boxed elementor-section-height-default elementor-section-height-default\" data-id=\"40e8f37b\" data-element_type=\"section\" data-e-type=\"section\">\n\t\t\t\t\t\t<div class=\"elementor-container elementor-column-gap-default\">\n\t\t\t\t\t<div class=\"elementor-column elementor-col-100 elementor-top-column elementor-element elementor-element-3ceed559\" data-id=\"3ceed559\" data-element_type=\"column\" data-e-type=\"column\">\n\t\t\t<div class=\"elementor-widget-wrap\">\n\t\t\t\t\t\t\t<\/div>\n\t\t<\/div>\n\t\t\t\t\t<\/div>\n\t\t<\/section>\n\t\t\t\t<section class=\"elementor-section elementor-top-section elementor-element elementor-element-7235e378 elementor-section-boxed elementor-section-height-default elementor-section-height-default\" data-id=\"7235e378\" data-element_type=\"section\" data-e-type=\"section\">\n\t\t\t\t\t\t<div class=\"elementor-container elementor-column-gap-default\">\n\t\t\t\t\t<div class=\"elementor-column elementor-col-100 elementor-top-column elementor-element elementor-element-5d7b8916\" data-id=\"5d7b8916\" data-element_type=\"column\" data-e-type=\"column\">\n\t\t\t<div class=\"elementor-widget-wrap elementor-element-populated\">\n\t\t\t\t\t\t<div class=\"elementor-element elementor-element-56295569 elementor--h-position-center elementor--v-position-middle elementor-widget elementor-widget-slides\" data-id=\"56295569\" data-element_type=\"widget\" data-e-type=\"widget\" data-settings=\"{&quot;navigation&quot;:&quot;none&quot;,&quot;autoplay_speed&quot;:3000,&quot;transition&quot;:&quot;fade&quot;,&quot;autoplay&quot;:&quot;yes&quot;,&quot;pause_on_hover&quot;:&quot;yes&quot;,&quot;pause_on_interaction&quot;:&quot;yes&quot;,&quot;infinite&quot;:&quot;yes&quot;,&quot;transition_speed&quot;:500}\" data-widget_type=\"slides.default\">\n\t\t\t\t<div class=\"elementor-widget-container\">\n\t\t\t\t\t\t\t\t\t<div class=\"elementor-swiper\">\n\t\t\t\t\t<div class=\"elementor-slides-wrapper elementor-main-swiper swiper\" role=\"region\" aria-roledescription=\"carousel\" aria-label=\"Slides\" dir=\"ltr\" data-animation=\"zoomIn\">\n\t\t\t\t<div class=\"swiper-wrapper elementor-slides\">\n\t\t\t\t\t\t\t\t\t\t<div class=\"elementor-repeater-item-542d292 swiper-slide\" role=\"group\" aria-roledescription=\"slide\"><div class=\"swiper-slide-bg elementor-ken-burns elementor-ken-burns--in\" role=\"img\" aria-label=\"VLUU L310 W  \/ Samsung L310 W\"><\/div><div class=\"swiper-slide-inner\" ><div class=\"swiper-slide-contents\"><\/div><\/div><\/div>\t\t\t\t<\/div>\n\t\t\t\t\t\t\t<\/div>\n\t\t\t\t<\/div>\n\t\t\t\t\t\t\t\t<\/div>\n\t\t\t\t<\/div>\n\t\t\t\t\t<\/div>\n\t\t<\/div>\n\t\t\t\t\t<\/div>\n\t\t<\/section>\n\t\t\t\t<section class=\"elementor-section elementor-top-section elementor-element elementor-element-375b3ab4 elementor-section-boxed elementor-section-height-default elementor-section-height-default\" data-id=\"375b3ab4\" data-element_type=\"section\" data-e-type=\"section\">\n\t\t\t\t\t\t<div class=\"elementor-container elementor-column-gap-default\">\n\t\t\t\t\t<div class=\"elementor-column elementor-col-100 elementor-top-column elementor-element elementor-element-5bdb0675\" data-id=\"5bdb0675\" data-element_type=\"column\" data-e-type=\"column\">\n\t\t\t<div class=\"elementor-widget-wrap elementor-element-populated\">\n\t\t\t\t\t\t<div class=\"elementor-element elementor-element-3dad2d3e elementor-widget elementor-widget-spacer\" data-id=\"3dad2d3e\" data-element_type=\"widget\" data-e-type=\"widget\" data-widget_type=\"spacer.default\">\n\t\t\t\t<div class=\"elementor-widget-container\">\n\t\t\t\t\t\t\t<div class=\"elementor-spacer\">\n\t\t\t<div class=\"elementor-spacer-inner\"><\/div>\n\t\t<\/div>\n\t\t\t\t\t\t<\/div>\n\t\t\t\t<\/div>\n\t\t\t\t\t<\/div>\n\t\t<\/div>\n\t\t\t\t\t<\/div>\n\t\t<\/section>\n\t\t\t\t<section class=\"elementor-section elementor-top-section elementor-element elementor-element-4b009836 elementor-section-boxed elementor-section-height-default elementor-section-height-default\" data-id=\"4b009836\" data-element_type=\"section\" data-e-type=\"section\">\n\t\t\t\t\t\t<div class=\"elementor-container elementor-column-gap-default\">\n\t\t\t\t\t<div class=\"elementor-column elementor-col-100 elementor-top-column elementor-element elementor-element-9deb1e5\" data-id=\"9deb1e5\" data-element_type=\"column\" data-e-type=\"column\">\n\t\t\t<div class=\"elementor-widget-wrap elementor-element-populated\">\n\t\t\t\t\t\t<div class=\"elementor-element elementor-element-6da11774 elementor-widget elementor-widget-text-editor\" data-id=\"6da11774\" data-element_type=\"widget\" data-e-type=\"widget\" data-widget_type=\"text-editor.default\">\n\t\t\t\t<div class=\"elementor-widget-container\">\n\t\t\t\t\t\t\t\t\t<p>En combinant une hospitalit\u00e9 chaleureuse, un environnement paisible et une vue magnifique, la Villa Marios a \u00e9t\u00e9 cr\u00e9\u00e9e pour r\u00e9pondre \u00e0 vos besoins et faire de vos vacances un r\u00eave devenu r\u00e9alit\u00e9<\/p>\t\t\t\t\t\t\t\t<\/div>\n\t\t\t\t<\/div>\n\t\t\t\t\t<\/div>\n\t\t<\/div>\n\t\t\t\t\t<\/div>\n\t\t<\/section>\n\t\t\t\t<section class=\"elementor-section elementor-top-section elementor-element elementor-element-6915b55d elementor-section-boxed elementor-section-height-default elementor-section-height-default\" data-id=\"6915b55d\" data-element_type=\"section\" data-e-type=\"section\">\n\t\t\t\t\t\t<div class=\"elementor-container elementor-column-gap-default\">\n\t\t\t\t\t<div class=\"elementor-column elementor-col-100 elementor-top-column elementor-element elementor-element-59c44732\" data-id=\"59c44732\" data-element_type=\"column\" data-e-type=\"column\">\n\t\t\t<div class=\"elementor-widget-wrap elementor-element-populated\">\n\t\t\t\t\t\t<div class=\"elementor-element elementor-element-79e8d7eb elementor-widget elementor-widget-g-gallery\" data-id=\"79e8d7eb\" data-element_type=\"widget\" data-e-type=\"widget\" data-widget_type=\"g-gallery.default\">\n\t\t\t\t<div class=\"elementor-widget-container\">\n\t\t\t\t\t<div id=\"69d13a53c0ccb\" class=\"gg_gallery_wrap gg_is_loading_gallery gg_true_gallery gg_columnized_gallery gid_4276 gg_ol_bottom_mode gg_main_ol_always_shown gg_both_ol\" data-col-maxw=\"400\" data-gid=\"4276\" data-nores-txt=\"No images found\">              <div class=\"gg_loader\">            <div class=\"ggl_1\"><\/div>            <div class=\"ggl_2\"><\/div>            <div class=\"ggl_3\"><\/div>            <div class=\"ggl_4\"><\/div>        <\/div>  <div class=\"gg_container\"><div data-gg-link=\"https:\/\/villamarios.gr\/fr\/eratofr\/\" class=\"gg_img gg_linked_img\" data-gg-url=\"https:\/\/villamarios.gr\/wp-content\/uploads\/2025\/05\/erato-1.jpg\" data-gg-title=\"erato\" data-gg-author=\"\" data-gg-descr=\"\" data-gg-tags=\"\" data-img-id=\"0\" data-gid=\"4276\" role=\"button\" tabindex=\"0\" aria-label=\"open image\">                  <div class=\"gg_img_inner\" style=\"padding-bottom: 300px\">                                      <div class=\"gg_main_img_wrap\">                        <div class=\"gg_img_wrap_inner\">                            <img decoding=\"async\" src=\"\" data-gg-lazy-src=\"\/\/villamarios.gr\/wp-content\/uploads\/ewpt_cache\/400x300_90_1_c_FFFFFF_84cfc4ad97cfb1179fbcd3a7b0b5f26e.jpg\" alt=\"erato\" class=\"gg_photo gg_main_thumb\" \/>                            <noscript><img decoding=\"async\" src=\"https:\/\/villamarios.gr\/wp-content\/uploads\/2025\/05\/erato-1.jpg\" alt=\"erato\" \/><\/noscript>                        <\/div>                    <\/div>                                        <div class=\"gg_overlays\"><div class=\"gg_sec_overlay gg_tl_pos\"><span><\/span><\/div>            <div class=\"gg_main_overlay\">                <span class=\"gg_img_title\">erato<\/span>            <\/div><\/div>                  <\/div><\/div><div data-gg-link=\"https:\/\/villamarios.gr\/fr\/pasitheafr\/\" class=\"gg_img gg_linked_img\" data-gg-url=\"https:\/\/villamarios.gr\/wp-content\/uploads\/2025\/05\/pasithea.jpg\" data-gg-title=\"pasithea\" data-gg-author=\"\" data-gg-descr=\"\" data-gg-tags=\"\" data-img-id=\"1\" data-gid=\"4276\" role=\"button\" tabindex=\"0\" aria-label=\"open image\">                  <div class=\"gg_img_inner\" style=\"padding-bottom: 300px\">                                      <div class=\"gg_main_img_wrap\">                        <div class=\"gg_img_wrap_inner\">                            <img decoding=\"async\" src=\"\" data-gg-lazy-src=\"\/\/villamarios.gr\/wp-content\/uploads\/ewpt_cache\/400x300_90_1_c_FFFFFF_cf488711841ef75b8ab149d64bc7a3a5.jpg\" alt=\"pasithea\" class=\"gg_photo gg_main_thumb\" \/>                            <noscript><img decoding=\"async\" src=\"https:\/\/villamarios.gr\/wp-content\/uploads\/2025\/05\/pasithea.jpg\" alt=\"pasithea\" \/><\/noscript>                        <\/div>                    <\/div>                                        <div class=\"gg_overlays\"><div class=\"gg_sec_overlay gg_tl_pos\"><span><\/span><\/div>            <div class=\"gg_main_overlay\">                <span class=\"gg_img_title\">pasithea<\/span>            <\/div><\/div>                  <\/div><\/div><div data-gg-link=\"https:\/\/villamarios.gr\/fr\/nefelifr\/\" class=\"gg_img gg_linked_img\" data-gg-url=\"https:\/\/villamarios.gr\/wp-content\/uploads\/2025\/05\/nefeli.jpg\" data-gg-title=\"nefeli\" data-gg-author=\"\" data-gg-descr=\"\" data-gg-tags=\"\" data-img-id=\"2\" data-gid=\"4276\" role=\"button\" tabindex=\"0\" aria-label=\"open image\">                  <div class=\"gg_img_inner\" style=\"padding-bottom: 300px\">                                      <div class=\"gg_main_img_wrap\">                        <div class=\"gg_img_wrap_inner\">                            <img decoding=\"async\" src=\"\" data-gg-lazy-src=\"\/\/villamarios.gr\/wp-content\/uploads\/ewpt_cache\/400x300_90_1_c_FFFFFF_b24e77131ba99478472d1fa5f8fe51fc.jpg\" alt=\"nefeli\" class=\"gg_photo gg_main_thumb\" \/>                            <noscript><img decoding=\"async\" src=\"https:\/\/villamarios.gr\/wp-content\/uploads\/2025\/05\/nefeli.jpg\" alt=\"nefeli\" \/><\/noscript>                        <\/div>                    <\/div>                                        <div class=\"gg_overlays\"><div class=\"gg_sec_overlay gg_tl_pos\"><span><\/span><\/div>            <div class=\"gg_main_overlay\">                <span class=\"gg_img_title\">nefeli<\/span>            <\/div><\/div>                  <\/div><\/div><div data-gg-link=\"https:\/\/villamarios.gr\/fr\/%ce%bd%ce%b1%cf%85%cf%83%ce%b9%ce%ba%ce%b1\/\" class=\"gg_img gg_linked_img\" data-gg-url=\"https:\/\/villamarios.gr\/wp-content\/uploads\/2025\/05\/nausika.jpg\" data-gg-title=\"nausika\" data-gg-author=\"\" data-gg-descr=\"\" data-gg-tags=\"\" data-img-id=\"3\" data-gid=\"4276\" role=\"button\" tabindex=\"0\" aria-label=\"open image\">                  <div class=\"gg_img_inner\" style=\"padding-bottom: 300px\">                                      <div class=\"gg_main_img_wrap\">                        <div class=\"gg_img_wrap_inner\">                            <img decoding=\"async\" src=\"\" data-gg-lazy-src=\"\/\/villamarios.gr\/wp-content\/uploads\/ewpt_cache\/400x300_90_1_c_FFFFFF_b1a5b91dfda5a96161529268188bdcbc.jpg\" alt=\"nausika\" class=\"gg_photo gg_main_thumb\" \/>                            <noscript><img decoding=\"async\" src=\"https:\/\/villamarios.gr\/wp-content\/uploads\/2025\/05\/nausika.jpg\" alt=\"nausika\" \/><\/noscript>                        <\/div>                    <\/div>                                        <div class=\"gg_overlays\"><div class=\"gg_sec_overlay gg_tl_pos\"><span><\/span><\/div>            <div class=\"gg_main_overlay\">                <span class=\"gg_img_title\">nausika<\/span>            <\/div><\/div>                  <\/div><\/div><div data-gg-link=\"https:\/\/villamarios.gr\/fr\/kalipsofr\/\" class=\"gg_img gg_linked_img\" data-gg-url=\"https:\/\/villamarios.gr\/wp-content\/uploads\/2025\/05\/kalipso.jpg\" data-gg-title=\"kalipso\" data-gg-author=\"\" data-gg-descr=\"\" data-gg-tags=\"\" data-img-id=\"4\" data-gid=\"4276\" role=\"button\" tabindex=\"0\" aria-label=\"open image\">                  <div class=\"gg_img_inner\" style=\"padding-bottom: 300px\">                                      <div class=\"gg_main_img_wrap\">                        <div class=\"gg_img_wrap_inner\">                            <img decoding=\"async\" src=\"\" data-gg-lazy-src=\"\/\/villamarios.gr\/wp-content\/uploads\/ewpt_cache\/400x300_90_1_c_FFFFFF_a421080639d97c7943af56b2d3fb29ec.jpg\" alt=\"kalipso\" class=\"gg_photo gg_main_thumb\" \/>                            <noscript><img decoding=\"async\" src=\"https:\/\/villamarios.gr\/wp-content\/uploads\/2025\/05\/kalipso.jpg\" alt=\"kalipso\" \/><\/noscript>                        <\/div>                    <\/div>                                        <div class=\"gg_overlays\"><div class=\"gg_sec_overlay gg_tl_pos\"><span><\/span><\/div>            <div class=\"gg_main_overlay\">                <span class=\"gg_img_title\">kalipso<\/span>            <\/div><\/div>                  <\/div><\/div><div data-gg-link=\"https:\/\/villamarios.gr\/fr\/athinafr\/\" class=\"gg_img gg_linked_img\" data-gg-url=\"https:\/\/villamarios.gr\/wp-content\/uploads\/2025\/05\/athina.jpg\" data-gg-title=\"athina\" data-gg-author=\"\" data-gg-descr=\"\" data-gg-tags=\"\" data-img-id=\"5\" data-gid=\"4276\" role=\"button\" tabindex=\"0\" aria-label=\"open image\">                  <div class=\"gg_img_inner\" style=\"padding-bottom: 300px\">                                      <div class=\"gg_main_img_wrap\">                        <div class=\"gg_img_wrap_inner\">                            <img decoding=\"async\" src=\"\" data-gg-lazy-src=\"\/\/villamarios.gr\/wp-content\/uploads\/ewpt_cache\/400x300_90_1_c_FFFFFF_d0adcb4c3482c2f5a58cd5a1b9a9e168.jpg\" alt=\"athina\" class=\"gg_photo gg_main_thumb\" \/>                            <noscript><img decoding=\"async\" src=\"https:\/\/villamarios.gr\/wp-content\/uploads\/2025\/05\/athina.jpg\" alt=\"athina\" \/><\/noscript>                        <\/div>                    <\/div>                                        <div class=\"gg_overlays\"><div class=\"gg_sec_overlay gg_tl_pos\"><span><\/span><\/div>            <div class=\"gg_main_overlay\">                <span class=\"gg_img_title\">athina<\/span>            <\/div><\/div>                  <\/div><\/div><div data-gg-link=\"https:\/\/villamarios.gr\/fr\/armoniafr\/\" class=\"gg_img gg_linked_img\" data-gg-url=\"https:\/\/villamarios.gr\/wp-content\/uploads\/2025\/05\/armonia.jpg\" data-gg-title=\"armonia\" data-gg-author=\"\" data-gg-descr=\"\" data-gg-tags=\"\" data-img-id=\"6\" data-gid=\"4276\" role=\"button\" tabindex=\"0\" aria-label=\"open image\">                  <div class=\"gg_img_inner\" style=\"padding-bottom: 300px\">                                      <div class=\"gg_main_img_wrap\">                        <div class=\"gg_img_wrap_inner\">                            <img decoding=\"async\" src=\"\" data-gg-lazy-src=\"\/\/villamarios.gr\/wp-content\/uploads\/ewpt_cache\/400x300_90_1_c_FFFFFF_f084fc469c7498c6c490c629c1416ff4.jpg\" alt=\"armonia\" class=\"gg_photo gg_main_thumb\" \/>                            <noscript><img decoding=\"async\" src=\"https:\/\/villamarios.gr\/wp-content\/uploads\/2025\/05\/armonia.jpg\" alt=\"armonia\" \/><\/noscript>                        <\/div>                    <\/div>                                        <div class=\"gg_overlays\"><div class=\"gg_sec_overlay gg_tl_pos\"><span><\/span><\/div>            <div class=\"gg_main_overlay\">                <span class=\"gg_img_title\">armonia<\/span>            <\/div><\/div>                  <\/div><\/div><div data-gg-link=\"https:\/\/villamarios.gr\/fr\/xorosfr\/\" class=\"gg_img gg_linked_img\" data-gg-url=\"https:\/\/villamarios.gr\/wp-content\/uploads\/2025\/05\/ekso.jpg\" data-gg-title=\"ekso\" data-gg-author=\"\" data-gg-descr=\"\" data-gg-tags=\"\" data-img-id=\"7\" data-gid=\"4276\" role=\"button\" tabindex=\"0\" aria-label=\"open image\">                  <div class=\"gg_img_inner\" style=\"padding-bottom: 300px\">                                      <div class=\"gg_main_img_wrap\">                        <div class=\"gg_img_wrap_inner\">                            <img decoding=\"async\" src=\"\" data-gg-lazy-src=\"\/\/villamarios.gr\/wp-content\/uploads\/ewpt_cache\/400x300_90_1_c_FFFFFF_4078701718d00842cea93bed0429789d.jpg\" alt=\"ekso\" class=\"gg_photo gg_main_thumb\" \/>                            <noscript><img decoding=\"async\" src=\"https:\/\/villamarios.gr\/wp-content\/uploads\/2025\/05\/ekso.jpg\" alt=\"ekso\" \/><\/noscript>                        <\/div>                    <\/div>                                        <div class=\"gg_overlays\"><div class=\"gg_sec_overlay gg_tl_pos\"><span><\/span><\/div>            <div class=\"gg_main_overlay\">                <span class=\"gg_img_title\">ekso<\/span>            <\/div><\/div>                  <\/div><\/div><\/div><\/div><script type=\"text\/javascript\">     (function() {         \"use strict\";              const intval = setInterval(() => {            if(typeof(jQuery) == \"undefined\" || typeof(gg_galleries_init) == \"undefined\") {                return true;            }            else {                clearTimeout(intval);                            const $ = jQuery;                gg_galleries_init(\"69d13a53c0ccb\");            }        }, 50);    })();<\/script>\t\t\t\t<\/div>\n\t\t\t\t<\/div>\n\t\t\t\t\t<\/div>\n\t\t<\/div>\n\t\t\t\t\t<\/div>\n\t\t<\/section>\n\t\t\t\t<\/div>\n\t\t","protected":false},"excerpt":{"rendered":"<p class=\"tx-excerpt\">En combinant une hospitalit\u00e9 chaleureuse, un environnement paisible et une vue magnifique, la Villa Marios...<\/p>","protected":false},"author":1,"featured_media":0,"parent":0,"menu_order":0,"comment_status":"closed","ping_status":"closed","template":"","meta":{"footnotes":""},"class_list":["post-1773","page","type-page","status-publish","hentry"],"_links":{"self":[{"href":"https:\/\/villamarios.gr\/fr\/wp-json\/wp\/v2\/pages\/1773","targetHints":{"allow":["GET"]}}],"collection":[{"href":"https:\/\/villamarios.gr\/fr\/wp-json\/wp\/v2\/pages"}],"about":[{"href":"https:\/\/villamarios.gr\/fr\/wp-json\/wp\/v2\/types\/page"}],"author":[{"embeddable":true,"href":"https:\/\/villamarios.gr\/fr\/wp-json\/wp\/v2\/users\/1"}],"replies":[{"embeddable":true,"href":"https:\/\/villamarios.gr\/fr\/wp-json\/wp\/v2\/comments?post=1773"}],"version-history":[{"count":6,"href":"https:\/\/villamarios.gr\/fr\/wp-json\/wp\/v2\/pages\/1773\/revisions"}],"predecessor-version":[{"id":4294,"href":"https:\/\/villamarios.gr\/fr\/wp-json\/wp\/v2\/pages\/1773\/revisions\/4294"}],"wp:attachment":[{"href":"https:\/\/villamarios.gr\/fr\/wp-json\/wp\/v2\/media?parent=1773"}],"curies":[{"name":"wp","href":"https:\/\/api.w.org\/{rel}","templated":true}]}}