{"id":1783,"date":"2018-12-07T10:41:54","date_gmt":"2018-12-07T07:41:54","guid":{"rendered":"https:\/\/villamarios.gr\/?page_id=1783"},"modified":"2025-04-08T13:36:09","modified_gmt":"2025-04-08T10:36:09","slug":"athinafr","status":"publish","type":"page","link":"https:\/\/villamarios.gr\/fr\/athinafr\/","title":{"rendered":"athinafr"},"content":{"rendered":"\t\t<div data-elementor-type=\"wp-page\" data-elementor-id=\"1783\" class=\"elementor elementor-1783 elementor-1671\" data-elementor-post-type=\"page\">\n\t\t\t\t\t\t<section class=\"elementor-section elementor-top-section elementor-element elementor-element-2c8ef5c6 elementor-section-boxed elementor-section-height-default elementor-section-height-default\" data-id=\"2c8ef5c6\" data-element_type=\"section\" data-e-type=\"section\">\n\t\t\t\t\t\t<div class=\"elementor-container elementor-column-gap-default\">\n\t\t\t\t\t<div class=\"elementor-column elementor-col-100 elementor-top-column elementor-element elementor-element-34a90b95\" data-id=\"34a90b95\" data-element_type=\"column\" data-e-type=\"column\">\n\t\t\t<div class=\"elementor-widget-wrap\">\n\t\t\t\t\t\t\t<\/div>\n\t\t<\/div>\n\t\t\t\t\t<\/div>\n\t\t<\/section>\n\t\t\t\t<section class=\"elementor-section elementor-top-section elementor-element elementor-element-4f574526 elementor-section-boxed elementor-section-height-default elementor-section-height-default\" data-id=\"4f574526\" data-element_type=\"section\" data-e-type=\"section\">\n\t\t\t\t\t\t<div class=\"elementor-container elementor-column-gap-default\">\n\t\t\t\t\t<div class=\"elementor-column elementor-col-100 elementor-top-column elementor-element elementor-element-11de8a63\" data-id=\"11de8a63\" data-element_type=\"column\" data-e-type=\"column\">\n\t\t\t<div class=\"elementor-widget-wrap\">\n\t\t\t\t\t\t\t<\/div>\n\t\t<\/div>\n\t\t\t\t\t<\/div>\n\t\t<\/section>\n\t\t\t\t<section class=\"elementor-section elementor-top-section elementor-element elementor-element-7232072d elementor-section-boxed elementor-section-height-default elementor-section-height-default\" data-id=\"7232072d\" data-element_type=\"section\" data-e-type=\"section\">\n\t\t\t\t\t\t<div class=\"elementor-container elementor-column-gap-default\">\n\t\t\t\t\t<div class=\"elementor-column elementor-col-100 elementor-top-column elementor-element elementor-element-789273e6\" data-id=\"789273e6\" data-element_type=\"column\" data-e-type=\"column\">\n\t\t\t<div class=\"elementor-widget-wrap elementor-element-populated\">\n\t\t\t\t\t\t<div class=\"elementor-element elementor-element-6b3f7b45 elementor--h-position-center elementor--v-position-middle elementor-widget elementor-widget-slides\" data-id=\"6b3f7b45\" data-element_type=\"widget\" data-e-type=\"widget\" data-settings=\"{&quot;navigation&quot;:&quot;none&quot;,&quot;autoplay_speed&quot;:3000,&quot;transition&quot;:&quot;fade&quot;,&quot;autoplay&quot;:&quot;yes&quot;,&quot;pause_on_hover&quot;:&quot;yes&quot;,&quot;pause_on_interaction&quot;:&quot;yes&quot;,&quot;infinite&quot;:&quot;yes&quot;,&quot;transition_speed&quot;:500}\" data-widget_type=\"slides.default\">\n\t\t\t\t<div class=\"elementor-widget-container\">\n\t\t\t\t\t\t\t\t\t<div class=\"elementor-swiper\">\n\t\t\t\t\t<div class=\"elementor-slides-wrapper elementor-main-swiper swiper\" role=\"region\" aria-roledescription=\"carousel\" aria-label=\"Slides\" dir=\"ltr\" data-animation=\"zoomIn\">\n\t\t\t\t<div class=\"swiper-wrapper elementor-slides\">\n\t\t\t\t\t\t\t\t\t\t<div class=\"elementor-repeater-item-542d292 swiper-slide\" role=\"group\" aria-roledescription=\"slide\"><div class=\"swiper-slide-bg elementor-ken-burns elementor-ken-burns--in\" role=\"img\" aria-label=\"ath-1024x768\"><\/div><div class=\"swiper-slide-inner\" ><div class=\"swiper-slide-contents\"><\/div><\/div><\/div>\t\t\t\t<\/div>\n\t\t\t\t\t\t\t<\/div>\n\t\t\t\t<\/div>\n\t\t\t\t\t\t\t\t<\/div>\n\t\t\t\t<\/div>\n\t\t\t\t<div class=\"elementor-element elementor-element-8baeaa2 elementor-widget elementor-widget-spacer\" data-id=\"8baeaa2\" data-element_type=\"widget\" data-e-type=\"widget\" data-widget_type=\"spacer.default\">\n\t\t\t\t<div class=\"elementor-widget-container\">\n\t\t\t\t\t\t\t<div class=\"elementor-spacer\">\n\t\t\t<div class=\"elementor-spacer-inner\"><\/div>\n\t\t<\/div>\n\t\t\t\t\t\t<\/div>\n\t\t\t\t<\/div>\n\t\t\t\t\t<\/div>\n\t\t<\/div>\n\t\t\t\t\t<\/div>\n\t\t<\/section>\n\t\t\t\t<section class=\"elementor-section elementor-top-section elementor-element elementor-element-32f7491d elementor-section-boxed elementor-section-height-default elementor-section-height-default\" data-id=\"32f7491d\" data-element_type=\"section\" data-e-type=\"section\">\n\t\t\t\t\t\t<div class=\"elementor-container elementor-column-gap-default\">\n\t\t\t\t\t<div class=\"elementor-column elementor-col-100 elementor-top-column elementor-element elementor-element-6fe47e94\" data-id=\"6fe47e94\" data-element_type=\"column\" data-e-type=\"column\">\n\t\t\t<div class=\"elementor-widget-wrap elementor-element-populated\">\n\t\t\t\t\t\t<div class=\"elementor-element elementor-element-3dcc906c elementor-widget elementor-widget-heading\" data-id=\"3dcc906c\" data-element_type=\"widget\" data-e-type=\"widget\" data-widget_type=\"heading.default\">\n\t\t\t\t<div class=\"elementor-widget-container\">\n\t\t\t\t\t<h1 class=\"elementor-heading-title elementor-size-default\">Ath\u00e9na<\/h1>\t\t\t\t<\/div>\n\t\t\t\t<\/div>\n\t\t\t\t\t<\/div>\n\t\t<\/div>\n\t\t\t\t\t<\/div>\n\t\t<\/section>\n\t\t\t\t<section class=\"elementor-section elementor-top-section elementor-element elementor-element-10d0e6fe elementor-section-boxed elementor-section-height-default elementor-section-height-default\" data-id=\"10d0e6fe\" data-element_type=\"section\" data-e-type=\"section\">\n\t\t\t\t\t\t<div class=\"elementor-container elementor-column-gap-default\">\n\t\t\t\t\t<div class=\"elementor-column elementor-col-100 elementor-top-column elementor-element elementor-element-47fe664\" data-id=\"47fe664\" data-element_type=\"column\" data-e-type=\"column\">\n\t\t\t<div class=\"elementor-widget-wrap elementor-element-populated\">\n\t\t\t\t\t\t<div class=\"elementor-element elementor-element-7ce938cf elementor-widget elementor-widget-g-gallery\" data-id=\"7ce938cf\" data-element_type=\"widget\" data-e-type=\"widget\" data-widget_type=\"g-gallery.default\">\n\t\t\t\t<div class=\"elementor-widget-container\">\n\t\t\t\t\t<div id=\"69d8d419910b6\" class=\"gg_gallery_wrap gg_is_loading_gallery gg_true_gallery gg_columnized_gallery gid_1433 gg_ol_bottom_mode gg_main_ol_always_shown gg_both_ol\" data-col-maxw=\"400\" data-gid=\"1433\" data-nores-txt=\"No images found\">              <div class=\"gg_loader\">            <div class=\"ggl_1\"><\/div>            <div class=\"ggl_2\"><\/div>            <div class=\"ggl_3\"><\/div>            <div class=\"ggl_4\"><\/div>        <\/div>  <div class=\"gg_container\"><div class=\"gg_img \" data-gg-url=\"https:\/\/villamarios.gr\/wp-content\/uploads\/2018\/12\/c-1.jpg\" data-gg-title=\"\" data-gg-author=\"\" data-gg-descr=\"\" data-gg-tags=\"\" data-img-id=\"0\" data-gid=\"1433\" role=\"button\" tabindex=\"0\" aria-label=\"open image\">                  <div class=\"gg_img_inner\" style=\"padding-bottom: 300px\">                                      <div class=\"gg_main_img_wrap\">                        <div class=\"gg_img_wrap_inner\">                            <img decoding=\"async\" src=\"\" data-gg-lazy-src=\"\/\/villamarios.gr\/wp-content\/uploads\/ewpt_cache\/400x300_90_1_c_FFFFFF_d4dafa549356e7e2f41ba4cee982ed62.jpg\" alt=\"\" class=\"gg_photo gg_main_thumb\" \/>                            <noscript><img decoding=\"async\" src=\"https:\/\/villamarios.gr\/wp-content\/uploads\/2018\/12\/c-1.jpg\" alt=\"\" \/><\/noscript>                        <\/div>                    <\/div>                                        <div class=\"gg_overlays\"><div class=\"gg_sec_overlay gg_tl_pos\"><span><\/span><\/div><\/div>                  <\/div><\/div><div class=\"gg_img \" data-gg-url=\"https:\/\/villamarios.gr\/wp-content\/uploads\/2018\/12\/c-2.jpg\" data-gg-title=\"\" data-gg-author=\"\" data-gg-descr=\"\" data-gg-tags=\"\" data-img-id=\"1\" data-gid=\"1433\" role=\"button\" tabindex=\"0\" aria-label=\"open image\">                  <div class=\"gg_img_inner\" style=\"padding-bottom: 300px\">                                      <div class=\"gg_main_img_wrap\">                        <div class=\"gg_img_wrap_inner\">                            <img decoding=\"async\" src=\"\" data-gg-lazy-src=\"\/\/villamarios.gr\/wp-content\/uploads\/ewpt_cache\/400x300_90_1_c_FFFFFF_0b61664c17e0b022e674dacc7242b28f.jpg\" alt=\"\" class=\"gg_photo gg_main_thumb\" \/>                            <noscript><img decoding=\"async\" src=\"https:\/\/villamarios.gr\/wp-content\/uploads\/2018\/12\/c-2.jpg\" alt=\"\" \/><\/noscript>                        <\/div>                    <\/div>                                        <div class=\"gg_overlays\"><div class=\"gg_sec_overlay gg_tl_pos\"><span><\/span><\/div><\/div>                  <\/div><\/div><div class=\"gg_img \" data-gg-url=\"https:\/\/villamarios.gr\/wp-content\/uploads\/2018\/12\/c-8.jpg\" data-gg-title=\"\" data-gg-author=\"\" data-gg-descr=\"\" data-gg-tags=\"\" data-img-id=\"2\" data-gid=\"1433\" role=\"button\" tabindex=\"0\" aria-label=\"open image\">                  <div class=\"gg_img_inner\" style=\"padding-bottom: 300px\">                                      <div class=\"gg_main_img_wrap\">                        <div class=\"gg_img_wrap_inner\">                            <img decoding=\"async\" src=\"\" data-gg-lazy-src=\"\/\/villamarios.gr\/wp-content\/uploads\/ewpt_cache\/400x300_90_1_c_FFFFFF_3cb6752fce3fa9e881a38208f077359f.jpg\" alt=\"\" class=\"gg_photo gg_main_thumb\" \/>                            <noscript><img decoding=\"async\" src=\"https:\/\/villamarios.gr\/wp-content\/uploads\/2018\/12\/c-8.jpg\" alt=\"\" \/><\/noscript>                        <\/div>                    <\/div>                                        <div class=\"gg_overlays\"><div class=\"gg_sec_overlay gg_tl_pos\"><span><\/span><\/div><\/div>                  <\/div><\/div><div class=\"gg_img \" data-gg-url=\"https:\/\/villamarios.gr\/wp-content\/uploads\/2018\/12\/c-6.jpg\" data-gg-title=\"\" data-gg-author=\"\" data-gg-descr=\"\" data-gg-tags=\"\" data-img-id=\"3\" data-gid=\"1433\" role=\"button\" tabindex=\"0\" aria-label=\"open image\">                  <div class=\"gg_img_inner\" style=\"padding-bottom: 300px\">                                      <div class=\"gg_main_img_wrap\">                        <div class=\"gg_img_wrap_inner\">                            <img decoding=\"async\" src=\"\" data-gg-lazy-src=\"\/\/villamarios.gr\/wp-content\/uploads\/ewpt_cache\/400x300_90_1_c_FFFFFF_fae299965c6715ae74ef6683cf9fda79.jpg\" alt=\"\" class=\"gg_photo gg_main_thumb\" \/>                            <noscript><img decoding=\"async\" src=\"https:\/\/villamarios.gr\/wp-content\/uploads\/2018\/12\/c-6.jpg\" alt=\"\" \/><\/noscript>                        <\/div>                    <\/div>                                        <div class=\"gg_overlays\"><div class=\"gg_sec_overlay gg_tl_pos\"><span><\/span><\/div><\/div>                  <\/div><\/div><div class=\"gg_img \" data-gg-url=\"https:\/\/villamarios.gr\/wp-content\/uploads\/2018\/12\/c-5.jpg\" data-gg-title=\"\" data-gg-author=\"\" data-gg-descr=\"\" data-gg-tags=\"\" data-img-id=\"4\" data-gid=\"1433\" role=\"button\" tabindex=\"0\" aria-label=\"open image\">                  <div class=\"gg_img_inner\" style=\"padding-bottom: 300px\">                                      <div class=\"gg_main_img_wrap\">                        <div class=\"gg_img_wrap_inner\">                            <img decoding=\"async\" src=\"\" data-gg-lazy-src=\"\/\/villamarios.gr\/wp-content\/uploads\/ewpt_cache\/400x300_90_1_c_FFFFFF_838312a69351adc57327e667c406d629.jpg\" alt=\"\" class=\"gg_photo gg_main_thumb\" \/>                            <noscript><img decoding=\"async\" src=\"https:\/\/villamarios.gr\/wp-content\/uploads\/2018\/12\/c-5.jpg\" alt=\"\" \/><\/noscript>                        <\/div>                    <\/div>                                        <div class=\"gg_overlays\"><div class=\"gg_sec_overlay gg_tl_pos\"><span><\/span><\/div><\/div>                  <\/div><\/div><div class=\"gg_img \" data-gg-url=\"https:\/\/villamarios.gr\/wp-content\/uploads\/2018\/12\/c-4.jpg\" data-gg-title=\"\" data-gg-author=\"\" data-gg-descr=\"\" data-gg-tags=\"\" data-img-id=\"5\" data-gid=\"1433\" role=\"button\" tabindex=\"0\" aria-label=\"open image\">                  <div class=\"gg_img_inner\" style=\"padding-bottom: 300px\">                                      <div class=\"gg_main_img_wrap\">                        <div class=\"gg_img_wrap_inner\">                            <img decoding=\"async\" src=\"\" data-gg-lazy-src=\"\/\/villamarios.gr\/wp-content\/uploads\/ewpt_cache\/400x300_90_1_c_FFFFFF_08bb2d1d7f5a397f99362c99c0270c75.jpg\" alt=\"\" class=\"gg_photo gg_main_thumb\" \/>                            <noscript><img decoding=\"async\" src=\"https:\/\/villamarios.gr\/wp-content\/uploads\/2018\/12\/c-4.jpg\" alt=\"\" \/><\/noscript>                        <\/div>                    <\/div>                                        <div class=\"gg_overlays\"><div class=\"gg_sec_overlay gg_tl_pos\"><span><\/span><\/div><\/div>                  <\/div><\/div><div class=\"gg_img \" data-gg-url=\"https:\/\/villamarios.gr\/wp-content\/uploads\/2018\/12\/c-3.jpg\" data-gg-title=\"\" data-gg-author=\"\" data-gg-descr=\"\" data-gg-tags=\"\" data-img-id=\"6\" data-gid=\"1433\" role=\"button\" tabindex=\"0\" aria-label=\"open image\">                  <div class=\"gg_img_inner\" style=\"padding-bottom: 300px\">                                      <div class=\"gg_main_img_wrap\">                        <div class=\"gg_img_wrap_inner\">                            <img decoding=\"async\" src=\"\" data-gg-lazy-src=\"\/\/villamarios.gr\/wp-content\/uploads\/ewpt_cache\/400x300_90_1_c_FFFFFF_2ea5fd50266017630ab91abff7620fd7.jpg\" alt=\"\" class=\"gg_photo gg_main_thumb\" \/>                            <noscript><img decoding=\"async\" src=\"https:\/\/villamarios.gr\/wp-content\/uploads\/2018\/12\/c-3.jpg\" alt=\"\" \/><\/noscript>                        <\/div>                    <\/div>                                        <div class=\"gg_overlays\"><div class=\"gg_sec_overlay gg_tl_pos\"><span><\/span><\/div><\/div>                  <\/div><\/div><div class=\"gg_img \" data-gg-url=\"https:\/\/villamarios.gr\/wp-content\/uploads\/2018\/12\/c-7.jpg\" data-gg-title=\"\" data-gg-author=\"\" data-gg-descr=\"\" data-gg-tags=\"\" data-img-id=\"7\" data-gid=\"1433\" role=\"button\" tabindex=\"0\" aria-label=\"open image\">                  <div class=\"gg_img_inner\" style=\"padding-bottom: 300px\">                                      <div class=\"gg_main_img_wrap\">                        <div class=\"gg_img_wrap_inner\">                            <img decoding=\"async\" src=\"\" data-gg-lazy-src=\"\/\/villamarios.gr\/wp-content\/uploads\/ewpt_cache\/400x300_90_1_c_FFFFFF_61e213d99cebc3e430675ad8875df457.jpg\" alt=\"\" class=\"gg_photo gg_main_thumb\" \/>                            <noscript><img decoding=\"async\" src=\"https:\/\/villamarios.gr\/wp-content\/uploads\/2018\/12\/c-7.jpg\" alt=\"\" \/><\/noscript>                        <\/div>                    <\/div>                                        <div class=\"gg_overlays\"><div class=\"gg_sec_overlay gg_tl_pos\"><span><\/span><\/div><\/div>                  <\/div><\/div><div class=\"gg_img \" data-gg-url=\"https:\/\/villamarios.gr\/wp-content\/uploads\/2018\/12\/c-10.jpg\" data-gg-title=\"\" data-gg-author=\"\" data-gg-descr=\"\" data-gg-tags=\"\" data-img-id=\"8\" data-gid=\"1433\" role=\"button\" tabindex=\"0\" aria-label=\"open image\">                  <div class=\"gg_img_inner\" style=\"padding-bottom: 300px\">                                      <div class=\"gg_main_img_wrap\">                        <div class=\"gg_img_wrap_inner\">                            <img decoding=\"async\" src=\"\" data-gg-lazy-src=\"\/\/villamarios.gr\/wp-content\/uploads\/ewpt_cache\/400x300_90_1_c_FFFFFF_86b7a1c8a6817245463dd67fc3641c6b.jpg\" alt=\"\" class=\"gg_photo gg_main_thumb\" \/>                            <noscript><img decoding=\"async\" src=\"https:\/\/villamarios.gr\/wp-content\/uploads\/2018\/12\/c-10.jpg\" alt=\"\" \/><\/noscript>                        <\/div>                    <\/div>                                        <div class=\"gg_overlays\"><div class=\"gg_sec_overlay gg_tl_pos\"><span><\/span><\/div><\/div>                  <\/div><\/div><div class=\"gg_img \" data-gg-url=\"https:\/\/villamarios.gr\/wp-content\/uploads\/2018\/12\/c-9.jpg\" data-gg-title=\"\" data-gg-author=\"\" data-gg-descr=\"\" data-gg-tags=\"\" data-img-id=\"9\" data-gid=\"1433\" role=\"button\" tabindex=\"0\" aria-label=\"open image\">                  <div class=\"gg_img_inner\" style=\"padding-bottom: 300px\">                                      <div class=\"gg_main_img_wrap\">                        <div class=\"gg_img_wrap_inner\">                            <img decoding=\"async\" src=\"\" data-gg-lazy-src=\"\/\/villamarios.gr\/wp-content\/uploads\/ewpt_cache\/400x300_90_1_c_FFFFFF_5d3361a3f1a3a61a4aaa9371eeb41908.jpg\" alt=\"\" class=\"gg_photo gg_main_thumb\" \/>                            <noscript><img decoding=\"async\" src=\"https:\/\/villamarios.gr\/wp-content\/uploads\/2018\/12\/c-9.jpg\" alt=\"\" \/><\/noscript>                        <\/div>                    <\/div>                                        <div class=\"gg_overlays\"><div class=\"gg_sec_overlay gg_tl_pos\"><span><\/span><\/div><\/div>                  <\/div><\/div><\/div><\/div><script type=\"text\/javascript\">     (function() {         \"use strict\";              const intval = setInterval(() => {            if(typeof(jQuery) == \"undefined\" || typeof(gg_galleries_init) == \"undefined\") {                return true;            }            else {                clearTimeout(intval);                            const $ = jQuery;                gg_galleries_init(\"69d8d419910b6\");            }        }, 50);    })();<\/script>\t\t\t\t<\/div>\n\t\t\t\t<\/div>\n\t\t\t\t\t<\/div>\n\t\t<\/div>\n\t\t\t\t\t<\/div>\n\t\t<\/section>\n\t\t\t\t<section class=\"elementor-section elementor-top-section elementor-element elementor-element-2770d71b elementor-section-boxed elementor-section-height-default elementor-section-height-default\" data-id=\"2770d71b\" data-element_type=\"section\" data-e-type=\"section\">\n\t\t\t\t\t\t<div class=\"elementor-container elementor-column-gap-default\">\n\t\t\t\t\t<div class=\"elementor-column elementor-col-100 elementor-top-column elementor-element elementor-element-6591c516\" data-id=\"6591c516\" data-element_type=\"column\" data-e-type=\"column\">\n\t\t\t<div class=\"elementor-widget-wrap elementor-element-populated\">\n\t\t\t\t\t\t<div class=\"elementor-element elementor-element-405251aa elementor-widget elementor-widget-spacer\" data-id=\"405251aa\" data-element_type=\"widget\" data-e-type=\"widget\" data-widget_type=\"spacer.default\">\n\t\t\t\t<div class=\"elementor-widget-container\">\n\t\t\t\t\t\t\t<div class=\"elementor-spacer\">\n\t\t\t<div class=\"elementor-spacer-inner\"><\/div>\n\t\t<\/div>\n\t\t\t\t\t\t<\/div>\n\t\t\t\t<\/div>\n\t\t\t\t\t<\/div>\n\t\t<\/div>\n\t\t\t\t\t<\/div>\n\t\t<\/section>\n\t\t\t\t<section class=\"elementor-section elementor-top-section elementor-element elementor-element-5b344399 elementor-section-boxed elementor-section-height-default elementor-section-height-default\" data-id=\"5b344399\" data-element_type=\"section\" data-e-type=\"section\">\n\t\t\t\t\t\t<div class=\"elementor-container elementor-column-gap-default\">\n\t\t\t\t\t<div class=\"elementor-column elementor-col-100 elementor-top-column elementor-element elementor-element-7bb79646\" data-id=\"7bb79646\" data-element_type=\"column\" data-e-type=\"column\">\n\t\t\t<div class=\"elementor-widget-wrap elementor-element-populated\">\n\t\t\t\t\t\t<div class=\"elementor-element elementor-element-4bc95a20 elementor-widget elementor-widget-heading\" data-id=\"4bc95a20\" data-element_type=\"widget\" data-e-type=\"widget\" data-widget_type=\"heading.default\">\n\t\t\t\t<div class=\"elementor-widget-container\">\n\t\t\t\t\t<h1 class=\"elementor-heading-title elementor-size-default\">Chaque studio de la Villa Marios offre :<\/h1>\t\t\t\t<\/div>\n\t\t\t\t<\/div>\n\t\t\t\t\t<\/div>\n\t\t<\/div>\n\t\t\t\t\t<\/div>\n\t\t<\/section>\n\t\t\t\t<section class=\"elementor-section elementor-top-section elementor-element elementor-element-53db7357 elementor-section-boxed elementor-section-height-default elementor-section-height-default\" data-id=\"53db7357\" data-element_type=\"section\" data-e-type=\"section\">\n\t\t\t\t\t\t<div class=\"elementor-container elementor-column-gap-default\">\n\t\t\t\t\t<div class=\"elementor-column elementor-col-50 elementor-top-column elementor-element elementor-element-3416d7a8\" data-id=\"3416d7a8\" data-element_type=\"column\" data-e-type=\"column\">\n\t\t\t<div class=\"elementor-widget-wrap elementor-element-populated\">\n\t\t\t\t\t\t<div class=\"elementor-element elementor-element-26b7b00d elementor-widget elementor-widget-text-editor\" data-id=\"26b7b00d\" data-element_type=\"widget\" data-e-type=\"widget\" data-widget_type=\"text-editor.default\">\n\t\t\t\t<div class=\"elementor-widget-container\">\n\t\t\t\t\t\t\t\t\t<ul><li>S\u00e8che-cheveux<\/li><li>Matelas orthop\u00e9diques<\/li><li>Kitchenette<\/li><li>R\u00e9frig\u00e9rateur<\/li><li>Climatisation (air conditionn\u00e9)<\/li><li>T\u00e9l\u00e9vision satellite Samsung 32\u2033<\/li><li>Lecteur DVD Samsung<\/li><li>Matelas et oreillers anti-allergiques<\/li><li>Ustensiles de cuisine<\/li><li>Balcons \/ V\u00e9randas<\/li><li>Parking gratuit<\/li><li>Salle de bain priv\u00e9e<\/li><li>Espace de stationnement priv\u00e9<\/li><\/ul>\t\t\t\t\t\t\t\t<\/div>\n\t\t\t\t<\/div>\n\t\t\t\t\t<\/div>\n\t\t<\/div>\n\t\t\t\t<div class=\"elementor-column elementor-col-50 elementor-top-column elementor-element elementor-element-54ae34b8\" data-id=\"54ae34b8\" data-element_type=\"column\" data-e-type=\"column\">\n\t\t\t<div class=\"elementor-widget-wrap elementor-element-populated\">\n\t\t\t\t\t\t<div class=\"elementor-element elementor-element-35a40a1d elementor-widget elementor-widget-text-editor\" data-id=\"35a40a1d\" data-element_type=\"widget\" data-e-type=\"widget\" data-widget_type=\"text-editor.default\">\n\t\t\t\t<div class=\"elementor-widget-container\">\n\t\t\t\t\t\t\t\t\t<ul><li>Wi-Fi dans toutes les chambres avec haut d\u00e9bit<\/li><li>R\u00e9ception ouverte 12 heures par jour (de 10h00 \u00e0 22h00)<\/li><li>Service de chambre pendant 12 heures (de 08h00 \u00e0 20h00)<\/li><li>Service de transport des bagages (peut \u00eatre factur\u00e9)<\/li><li>Lit b\u00e9b\u00e9 et chaise haute disponibles<\/li><li>Service de m\u00e9nage suppl\u00e9mentaire sur demande, en plus du nettoyage quotidien (peut \u00eatre factur\u00e9)<\/li><li>Service de changement des draps et des serviettes<\/li><\/ul>\t\t\t\t\t\t\t\t<\/div>\n\t\t\t\t<\/div>\n\t\t\t\t\t<\/div>\n\t\t<\/div>\n\t\t\t\t\t<\/div>\n\t\t<\/section>\n\t\t\t\t<\/div>\n\t\t","protected":false},"excerpt":{"rendered":"<p class=\"tx-excerpt\">Ath\u00e9na Chaque studio de la Villa Marios offre : S\u00e8che-cheveux Matelas orthop\u00e9diques Kitchenette R\u00e9frig\u00e9rateur Climatisation...<\/p>","protected":false},"author":1,"featured_media":0,"parent":0,"menu_order":0,"comment_status":"closed","ping_status":"closed","template":"","meta":{"footnotes":""},"class_list":["post-1783","page","type-page","status-publish","hentry"],"_links":{"self":[{"href":"https:\/\/villamarios.gr\/fr\/wp-json\/wp\/v2\/pages\/1783","targetHints":{"allow":["GET"]}}],"collection":[{"href":"https:\/\/villamarios.gr\/fr\/wp-json\/wp\/v2\/pages"}],"about":[{"href":"https:\/\/villamarios.gr\/fr\/wp-json\/wp\/v2\/types\/page"}],"author":[{"embeddable":true,"href":"https:\/\/villamarios.gr\/fr\/wp-json\/wp\/v2\/users\/1"}],"replies":[{"embeddable":true,"href":"https:\/\/villamarios.gr\/fr\/wp-json\/wp\/v2\/comments?post=1783"}],"version-history":[{"count":7,"href":"https:\/\/villamarios.gr\/fr\/wp-json\/wp\/v2\/pages\/1783\/revisions"}],"predecessor-version":[{"id":3845,"href":"https:\/\/villamarios.gr\/fr\/wp-json\/wp\/v2\/pages\/1783\/revisions\/3845"}],"wp:attachment":[{"href":"https:\/\/villamarios.gr\/fr\/wp-json\/wp\/v2\/media?parent=1783"}],"curies":[{"name":"wp","href":"https:\/\/api.w.org\/{rel}","templated":true}]}}