{"id":1802,"date":"2018-12-07T11:21:21","date_gmt":"2018-12-07T08:21:21","guid":{"rendered":"https:\/\/villamarios.gr\/?page_id=1802"},"modified":"2025-05-02T13:52:18","modified_gmt":"2025-05-02T10:52:18","slug":"xorosfr","status":"publish","type":"page","link":"https:\/\/villamarios.gr\/fr\/xorosfr\/","title":{"rendered":"xorosfr"},"content":{"rendered":"\t\t<div data-elementor-type=\"wp-page\" data-elementor-id=\"1802\" class=\"elementor elementor-1802 elementor-1684\" data-elementor-post-type=\"page\">\n\t\t\t\t\t\t<section class=\"elementor-section elementor-top-section elementor-element elementor-element-215453e2 elementor-section-boxed elementor-section-height-default elementor-section-height-default\" data-id=\"215453e2\" data-element_type=\"section\" data-e-type=\"section\">\n\t\t\t\t\t\t<div class=\"elementor-container elementor-column-gap-default\">\n\t\t\t\t\t<div class=\"elementor-column elementor-col-100 elementor-top-column elementor-element elementor-element-7eff0b55\" data-id=\"7eff0b55\" data-element_type=\"column\" data-e-type=\"column\">\n\t\t\t<div class=\"elementor-widget-wrap\">\n\t\t\t\t\t\t\t<\/div>\n\t\t<\/div>\n\t\t\t\t\t<\/div>\n\t\t<\/section>\n\t\t\t\t<section class=\"elementor-section elementor-top-section elementor-element elementor-element-6d8c76c0 elementor-section-boxed elementor-section-height-default elementor-section-height-default\" data-id=\"6d8c76c0\" data-element_type=\"section\" data-e-type=\"section\">\n\t\t\t\t\t\t<div class=\"elementor-container elementor-column-gap-default\">\n\t\t\t\t\t<div class=\"elementor-column elementor-col-100 elementor-top-column elementor-element elementor-element-4019569c\" data-id=\"4019569c\" data-element_type=\"column\" data-e-type=\"column\">\n\t\t\t<div class=\"elementor-widget-wrap elementor-element-populated\">\n\t\t\t\t\t\t<div class=\"elementor-element elementor-element-2e20b403 elementor--h-position-center elementor--v-position-middle elementor-widget elementor-widget-slides\" data-id=\"2e20b403\" data-element_type=\"widget\" data-e-type=\"widget\" data-settings=\"{&quot;navigation&quot;:&quot;none&quot;,&quot;autoplay_speed&quot;:3000,&quot;transition&quot;:&quot;fade&quot;,&quot;autoplay&quot;:&quot;yes&quot;,&quot;pause_on_hover&quot;:&quot;yes&quot;,&quot;pause_on_interaction&quot;:&quot;yes&quot;,&quot;infinite&quot;:&quot;yes&quot;,&quot;transition_speed&quot;:500}\" data-widget_type=\"slides.default\">\n\t\t\t\t<div class=\"elementor-widget-container\">\n\t\t\t\t\t\t\t\t\t<div class=\"elementor-swiper\">\n\t\t\t\t\t<div class=\"elementor-slides-wrapper elementor-main-swiper swiper\" role=\"region\" aria-roledescription=\"carousel\" aria-label=\"Slides\" dir=\"ltr\" data-animation=\"zoomIn\">\n\t\t\t\t<div class=\"swiper-wrapper elementor-slides\">\n\t\t\t\t\t\t\t\t\t\t<div class=\"elementor-repeater-item-542d292 swiper-slide\" role=\"group\" aria-roledescription=\"slide\"><div class=\"swiper-slide-bg elementor-ken-burns elementor-ken-burns--in\" role=\"img\" aria-label=\"d-12-1024x768\"><\/div><div class=\"swiper-slide-inner\" ><div class=\"swiper-slide-contents\"><\/div><\/div><\/div>\t\t\t\t<\/div>\n\t\t\t\t\t\t\t<\/div>\n\t\t\t\t<\/div>\n\t\t\t\t\t\t\t\t<\/div>\n\t\t\t\t<\/div>\n\t\t\t\t<div class=\"elementor-element elementor-element-62b55993 elementor-widget elementor-widget-spacer\" data-id=\"62b55993\" data-element_type=\"widget\" data-e-type=\"widget\" data-widget_type=\"spacer.default\">\n\t\t\t\t<div class=\"elementor-widget-container\">\n\t\t\t\t\t\t\t<div class=\"elementor-spacer\">\n\t\t\t<div class=\"elementor-spacer-inner\"><\/div>\n\t\t<\/div>\n\t\t\t\t\t\t<\/div>\n\t\t\t\t<\/div>\n\t\t\t\t\t<\/div>\n\t\t<\/div>\n\t\t\t\t\t<\/div>\n\t\t<\/section>\n\t\t\t\t<section class=\"elementor-section elementor-top-section elementor-element elementor-element-101f603b elementor-section-boxed elementor-section-height-default elementor-section-height-default\" data-id=\"101f603b\" data-element_type=\"section\" data-e-type=\"section\">\n\t\t\t\t\t\t<div class=\"elementor-container elementor-column-gap-default\">\n\t\t\t\t\t<div class=\"elementor-column elementor-col-100 elementor-top-column elementor-element elementor-element-763518ab\" data-id=\"763518ab\" data-element_type=\"column\" data-e-type=\"column\">\n\t\t\t<div class=\"elementor-widget-wrap elementor-element-populated\">\n\t\t\t\t\t\t<div class=\"elementor-element elementor-element-219dd16 elementor-widget elementor-widget-g-gallery\" data-id=\"219dd16\" data-element_type=\"widget\" data-e-type=\"widget\" data-widget_type=\"g-gallery.default\">\n\t\t\t\t<div class=\"elementor-widget-container\">\n\t\t\t\t\t<div id=\"69ded9dc89b24\" class=\"gg_gallery_wrap gg_is_loading_gallery gg_true_gallery gg_columnized_gallery gid_1484 gg_ol_bottom_mode gg_main_ol_always_shown gg_both_ol\" data-col-maxw=\"400\" data-gid=\"1484\" data-nores-txt=\"No images found\">              <div class=\"gg_loader\">            <div class=\"ggl_1\"><\/div>            <div class=\"ggl_2\"><\/div>            <div class=\"ggl_3\"><\/div>            <div class=\"ggl_4\"><\/div>        <\/div>  <div class=\"gg_container\"><div class=\"gg_img \" data-gg-url=\"https:\/\/villamarios.gr\/wp-content\/uploads\/2018\/12\/d-1.jpg\" data-gg-title=\"\" data-gg-author=\"\" data-gg-descr=\"\" data-gg-tags=\"\" data-img-id=\"0\" data-gid=\"1484\" role=\"button\" tabindex=\"0\" aria-label=\"open image\">                  <div class=\"gg_img_inner\" style=\"padding-bottom: 300px\">                                      <div class=\"gg_main_img_wrap\">                        <div class=\"gg_img_wrap_inner\">                            <img decoding=\"async\" src=\"\" data-gg-lazy-src=\"\/\/villamarios.gr\/wp-content\/uploads\/ewpt_cache\/400x300_90_1_c_FFFFFF_501618601b379e2f988a698e80df70c7.jpg\" alt=\"\" class=\"gg_photo gg_main_thumb\" \/>                            <noscript><img decoding=\"async\" src=\"https:\/\/villamarios.gr\/wp-content\/uploads\/2018\/12\/d-1.jpg\" alt=\"\" \/><\/noscript>                        <\/div>                    <\/div>                                        <div class=\"gg_overlays\"><div class=\"gg_sec_overlay gg_tl_pos\"><span><\/span><\/div><\/div>                  <\/div><\/div><div class=\"gg_img \" data-gg-url=\"https:\/\/villamarios.gr\/wp-content\/uploads\/2018\/12\/d-2.jpg\" data-gg-title=\"\" data-gg-author=\"\" data-gg-descr=\"\" data-gg-tags=\"\" data-img-id=\"1\" data-gid=\"1484\" role=\"button\" tabindex=\"0\" aria-label=\"open image\">                  <div class=\"gg_img_inner\" style=\"padding-bottom: 300px\">                                      <div class=\"gg_main_img_wrap\">                        <div class=\"gg_img_wrap_inner\">                            <img decoding=\"async\" src=\"\" data-gg-lazy-src=\"\/\/villamarios.gr\/wp-content\/uploads\/ewpt_cache\/400x300_90_1_c_FFFFFF_49e8cd28b0b4c23656da2319e1f06b25.jpg\" alt=\"\" class=\"gg_photo gg_main_thumb\" \/>                            <noscript><img decoding=\"async\" src=\"https:\/\/villamarios.gr\/wp-content\/uploads\/2018\/12\/d-2.jpg\" alt=\"\" \/><\/noscript>                        <\/div>                    <\/div>                                        <div class=\"gg_overlays\"><div class=\"gg_sec_overlay gg_tl_pos\"><span><\/span><\/div><\/div>                  <\/div><\/div><div class=\"gg_img \" data-gg-url=\"https:\/\/villamarios.gr\/wp-content\/uploads\/2018\/12\/d-3.jpg\" data-gg-title=\"\" data-gg-author=\"\" data-gg-descr=\"\" data-gg-tags=\"\" data-img-id=\"2\" data-gid=\"1484\" role=\"button\" tabindex=\"0\" aria-label=\"open image\">                  <div class=\"gg_img_inner\" style=\"padding-bottom: 300px\">                                      <div class=\"gg_main_img_wrap\">                        <div class=\"gg_img_wrap_inner\">                            <img decoding=\"async\" src=\"\" data-gg-lazy-src=\"\/\/villamarios.gr\/wp-content\/uploads\/ewpt_cache\/400x300_90_1_c_FFFFFF_d44a87ebbf9224ed47d486d572b923cc.jpg\" alt=\"\" class=\"gg_photo gg_main_thumb\" \/>                            <noscript><img decoding=\"async\" src=\"https:\/\/villamarios.gr\/wp-content\/uploads\/2018\/12\/d-3.jpg\" alt=\"\" \/><\/noscript>                        <\/div>                    <\/div>                                        <div class=\"gg_overlays\"><div class=\"gg_sec_overlay gg_tl_pos\"><span><\/span><\/div><\/div>                  <\/div><\/div><div class=\"gg_img \" data-gg-url=\"https:\/\/villamarios.gr\/wp-content\/uploads\/2018\/12\/d-12.jpg\" data-gg-title=\"\" data-gg-author=\"\" data-gg-descr=\"\" data-gg-tags=\"\" data-img-id=\"3\" data-gid=\"1484\" role=\"button\" tabindex=\"0\" aria-label=\"open image\">                  <div class=\"gg_img_inner\" style=\"padding-bottom: 300px\">                                      <div class=\"gg_main_img_wrap\">                        <div class=\"gg_img_wrap_inner\">                            <img decoding=\"async\" src=\"\" data-gg-lazy-src=\"\/\/villamarios.gr\/wp-content\/uploads\/ewpt_cache\/400x300_90_1_c_FFFFFF_0d27543d49517ff1c0de8f685e705876.jpg\" alt=\"\" class=\"gg_photo gg_main_thumb\" \/>                            <noscript><img decoding=\"async\" src=\"https:\/\/villamarios.gr\/wp-content\/uploads\/2018\/12\/d-12.jpg\" alt=\"\" \/><\/noscript>                        <\/div>                    <\/div>                                        <div class=\"gg_overlays\"><div class=\"gg_sec_overlay gg_tl_pos\"><span><\/span><\/div><\/div>                  <\/div><\/div><div class=\"gg_img \" data-gg-url=\"https:\/\/villamarios.gr\/wp-content\/uploads\/2018\/12\/d-11.jpg\" data-gg-title=\"\" data-gg-author=\"\" data-gg-descr=\"\" data-gg-tags=\"\" data-img-id=\"4\" data-gid=\"1484\" role=\"button\" tabindex=\"0\" aria-label=\"open image\">                  <div class=\"gg_img_inner\" style=\"padding-bottom: 300px\">                                      <div class=\"gg_main_img_wrap\">                        <div class=\"gg_img_wrap_inner\">                            <img decoding=\"async\" src=\"\" data-gg-lazy-src=\"\/\/villamarios.gr\/wp-content\/uploads\/ewpt_cache\/400x300_90_1_c_FFFFFF_06cf3c3167c24f80e900378c06b215c2.jpg\" alt=\"\" class=\"gg_photo gg_main_thumb\" \/>                            <noscript><img decoding=\"async\" src=\"https:\/\/villamarios.gr\/wp-content\/uploads\/2018\/12\/d-11.jpg\" alt=\"\" \/><\/noscript>                        <\/div>                    <\/div>                                        <div class=\"gg_overlays\"><div class=\"gg_sec_overlay gg_tl_pos\"><span><\/span><\/div><\/div>                  <\/div><\/div><div class=\"gg_img \" data-gg-url=\"https:\/\/villamarios.gr\/wp-content\/uploads\/2018\/12\/d-10.jpg\" data-gg-title=\"\" data-gg-author=\"\" data-gg-descr=\"\" data-gg-tags=\"\" data-img-id=\"5\" data-gid=\"1484\" role=\"button\" tabindex=\"0\" aria-label=\"open image\">                  <div class=\"gg_img_inner\" style=\"padding-bottom: 300px\">                                      <div class=\"gg_main_img_wrap\">                        <div class=\"gg_img_wrap_inner\">                            <img decoding=\"async\" src=\"\" data-gg-lazy-src=\"\/\/villamarios.gr\/wp-content\/uploads\/ewpt_cache\/400x300_90_1_c_FFFFFF_ae41adf406fcda1ba79fc825a021ac59.jpg\" alt=\"\" class=\"gg_photo gg_main_thumb\" \/>                            <noscript><img decoding=\"async\" src=\"https:\/\/villamarios.gr\/wp-content\/uploads\/2018\/12\/d-10.jpg\" alt=\"\" \/><\/noscript>                        <\/div>                    <\/div>                                        <div class=\"gg_overlays\"><div class=\"gg_sec_overlay gg_tl_pos\"><span><\/span><\/div><\/div>                  <\/div><\/div><div class=\"gg_img \" data-gg-url=\"https:\/\/villamarios.gr\/wp-content\/uploads\/2018\/12\/d-9.jpg\" data-gg-title=\"\" data-gg-author=\"\" data-gg-descr=\"\" data-gg-tags=\"\" data-img-id=\"6\" data-gid=\"1484\" role=\"button\" tabindex=\"0\" aria-label=\"open image\">                  <div class=\"gg_img_inner\" style=\"padding-bottom: 300px\">                                      <div class=\"gg_main_img_wrap\">                        <div class=\"gg_img_wrap_inner\">                            <img decoding=\"async\" src=\"\" data-gg-lazy-src=\"\/\/villamarios.gr\/wp-content\/uploads\/ewpt_cache\/400x300_90_1_c_FFFFFF_aab790e8dac9b166b6b800b5c25c44b7.jpg\" alt=\"\" class=\"gg_photo gg_main_thumb\" \/>                            <noscript><img decoding=\"async\" src=\"https:\/\/villamarios.gr\/wp-content\/uploads\/2018\/12\/d-9.jpg\" alt=\"\" \/><\/noscript>                        <\/div>                    <\/div>                                        <div class=\"gg_overlays\"><div class=\"gg_sec_overlay gg_tl_pos\"><span><\/span><\/div><\/div>                  <\/div><\/div><div class=\"gg_img \" data-gg-url=\"https:\/\/villamarios.gr\/wp-content\/uploads\/2018\/12\/d-8.jpg\" data-gg-title=\"\" data-gg-author=\"\" data-gg-descr=\"\" data-gg-tags=\"\" data-img-id=\"7\" data-gid=\"1484\" role=\"button\" tabindex=\"0\" aria-label=\"open image\">                  <div class=\"gg_img_inner\" style=\"padding-bottom: 300px\">                                      <div class=\"gg_main_img_wrap\">                        <div class=\"gg_img_wrap_inner\">                            <img decoding=\"async\" src=\"\" data-gg-lazy-src=\"\/\/villamarios.gr\/wp-content\/uploads\/ewpt_cache\/400x300_90_1_c_FFFFFF_fa594c42cf7fbe555faac089dff4eebb.jpg\" alt=\"\" class=\"gg_photo gg_main_thumb\" \/>                            <noscript><img decoding=\"async\" src=\"https:\/\/villamarios.gr\/wp-content\/uploads\/2018\/12\/d-8.jpg\" alt=\"\" \/><\/noscript>                        <\/div>                    <\/div>                                        <div class=\"gg_overlays\"><div class=\"gg_sec_overlay gg_tl_pos\"><span><\/span><\/div><\/div>                  <\/div><\/div><div class=\"gg_img \" data-gg-url=\"https:\/\/villamarios.gr\/wp-content\/uploads\/2018\/12\/d-7.jpg\" data-gg-title=\"\" data-gg-author=\"\" data-gg-descr=\"\" data-gg-tags=\"\" data-img-id=\"8\" data-gid=\"1484\" role=\"button\" tabindex=\"0\" aria-label=\"open image\">                  <div class=\"gg_img_inner\" style=\"padding-bottom: 300px\">                                      <div class=\"gg_main_img_wrap\">                        <div class=\"gg_img_wrap_inner\">                            <img decoding=\"async\" src=\"\" data-gg-lazy-src=\"\/\/villamarios.gr\/wp-content\/uploads\/ewpt_cache\/400x300_90_1_c_FFFFFF_8c10f41c990bcadfc84e3de0e41c6dc3.jpg\" alt=\"\" class=\"gg_photo gg_main_thumb\" \/>                            <noscript><img decoding=\"async\" src=\"https:\/\/villamarios.gr\/wp-content\/uploads\/2018\/12\/d-7.jpg\" alt=\"\" \/><\/noscript>                        <\/div>                    <\/div>                                        <div class=\"gg_overlays\"><div class=\"gg_sec_overlay gg_tl_pos\"><span><\/span><\/div><\/div>                  <\/div><\/div><div class=\"gg_img \" data-gg-url=\"https:\/\/villamarios.gr\/wp-content\/uploads\/2018\/12\/d-6.jpg\" data-gg-title=\"\" data-gg-author=\"\" data-gg-descr=\"\" data-gg-tags=\"\" data-img-id=\"9\" data-gid=\"1484\" role=\"button\" tabindex=\"0\" aria-label=\"open image\">                  <div class=\"gg_img_inner\" style=\"padding-bottom: 300px\">                                      <div class=\"gg_main_img_wrap\">                        <div class=\"gg_img_wrap_inner\">                            <img decoding=\"async\" src=\"\" data-gg-lazy-src=\"\/\/villamarios.gr\/wp-content\/uploads\/ewpt_cache\/400x300_90_1_c_FFFFFF_7eac6b7218964125372f3db2ab3b6ad2.jpg\" alt=\"\" class=\"gg_photo gg_main_thumb\" \/>                            <noscript><img decoding=\"async\" src=\"https:\/\/villamarios.gr\/wp-content\/uploads\/2018\/12\/d-6.jpg\" alt=\"\" \/><\/noscript>                        <\/div>                    <\/div>                                        <div class=\"gg_overlays\"><div class=\"gg_sec_overlay gg_tl_pos\"><span><\/span><\/div><\/div>                  <\/div><\/div><div class=\"gg_img \" data-gg-url=\"https:\/\/villamarios.gr\/wp-content\/uploads\/2018\/12\/d-5.jpg\" data-gg-title=\"\" data-gg-author=\"\" data-gg-descr=\"\" data-gg-tags=\"\" data-img-id=\"10\" data-gid=\"1484\" role=\"button\" tabindex=\"0\" aria-label=\"open image\">                  <div class=\"gg_img_inner\" style=\"padding-bottom: 300px\">                                      <div class=\"gg_main_img_wrap\">                        <div class=\"gg_img_wrap_inner\">                            <img decoding=\"async\" src=\"\" data-gg-lazy-src=\"\/\/villamarios.gr\/wp-content\/uploads\/ewpt_cache\/400x300_90_1_c_FFFFFF_bb7c57382834d37a3971d3091d7db299.jpg\" alt=\"\" class=\"gg_photo gg_main_thumb\" \/>                            <noscript><img decoding=\"async\" src=\"https:\/\/villamarios.gr\/wp-content\/uploads\/2018\/12\/d-5.jpg\" alt=\"\" \/><\/noscript>                        <\/div>                    <\/div>                                        <div class=\"gg_overlays\"><div class=\"gg_sec_overlay gg_tl_pos\"><span><\/span><\/div><\/div>                  <\/div><\/div><div class=\"gg_img \" data-gg-url=\"https:\/\/villamarios.gr\/wp-content\/uploads\/2018\/12\/d-4.jpg\" data-gg-title=\"\" data-gg-author=\"\" data-gg-descr=\"\" data-gg-tags=\"\" data-img-id=\"11\" data-gid=\"1484\" role=\"button\" tabindex=\"0\" aria-label=\"open image\">                  <div class=\"gg_img_inner\" style=\"padding-bottom: 300px\">                                      <div class=\"gg_main_img_wrap\">                        <div class=\"gg_img_wrap_inner\">                            <img decoding=\"async\" src=\"\" data-gg-lazy-src=\"\/\/villamarios.gr\/wp-content\/uploads\/ewpt_cache\/400x300_90_1_c_FFFFFF_e4152a9b21e66dd5188eb589c439ef8e.jpg\" alt=\"\" class=\"gg_photo gg_main_thumb\" \/>                            <noscript><img decoding=\"async\" src=\"https:\/\/villamarios.gr\/wp-content\/uploads\/2018\/12\/d-4.jpg\" alt=\"\" \/><\/noscript>                        <\/div>                    <\/div>                                        <div class=\"gg_overlays\"><div class=\"gg_sec_overlay gg_tl_pos\"><span><\/span><\/div><\/div>                  <\/div><\/div><\/div><\/div><script type=\"text\/javascript\">     (function() {         \"use strict\";              const intval = setInterval(() => {            if(typeof(jQuery) == \"undefined\" || typeof(gg_galleries_init) == \"undefined\") {                return true;            }            else {                clearTimeout(intval);                            const $ = jQuery;                gg_galleries_init(\"69ded9dc89b24\");            }        }, 50);    })();<\/script>\t\t\t\t<\/div>\n\t\t\t\t<\/div>\n\t\t\t\t\t<\/div>\n\t\t<\/div>\n\t\t\t\t\t<\/div>\n\t\t<\/section>\n\t\t\t\t<section class=\"elementor-section elementor-top-section elementor-element elementor-element-638c9a0d elementor-section-boxed elementor-section-height-default elementor-section-height-default\" data-id=\"638c9a0d\" data-element_type=\"section\" data-e-type=\"section\">\n\t\t\t\t\t\t<div class=\"elementor-container elementor-column-gap-default\">\n\t\t\t\t\t<div class=\"elementor-column elementor-col-100 elementor-top-column elementor-element elementor-element-25ab7e00\" data-id=\"25ab7e00\" data-element_type=\"column\" data-e-type=\"column\">\n\t\t\t<div class=\"elementor-widget-wrap elementor-element-populated\">\n\t\t\t\t\t\t<div class=\"elementor-element elementor-element-22559bfd elementor-widget elementor-widget-spacer\" data-id=\"22559bfd\" data-element_type=\"widget\" data-e-type=\"widget\" data-widget_type=\"spacer.default\">\n\t\t\t\t<div class=\"elementor-widget-container\">\n\t\t\t\t\t\t\t<div class=\"elementor-spacer\">\n\t\t\t<div class=\"elementor-spacer-inner\"><\/div>\n\t\t<\/div>\n\t\t\t\t\t\t<\/div>\n\t\t\t\t<\/div>\n\t\t\t\t\t<\/div>\n\t\t<\/div>\n\t\t\t\t\t<\/div>\n\t\t<\/section>\n\t\t\t\t<section class=\"elementor-section elementor-top-section elementor-element elementor-element-619c454b elementor-section-boxed elementor-section-height-default elementor-section-height-default\" data-id=\"619c454b\" data-element_type=\"section\" data-e-type=\"section\">\n\t\t\t\t\t\t<div class=\"elementor-container elementor-column-gap-default\">\n\t\t\t\t\t<div class=\"elementor-column elementor-col-100 elementor-top-column elementor-element elementor-element-283f8483\" data-id=\"283f8483\" data-element_type=\"column\" data-e-type=\"column\">\n\t\t\t<div class=\"elementor-widget-wrap elementor-element-populated\">\n\t\t\t\t\t\t<div class=\"elementor-element elementor-element-3bb07067 elementor-widget elementor-widget-heading\" data-id=\"3bb07067\" data-element_type=\"widget\" data-e-type=\"widget\" data-widget_type=\"heading.default\">\n\t\t\t\t<div class=\"elementor-widget-container\">\n\t\t\t\t\t<h1 class=\"elementor-heading-title elementor-size-default\">Chaque studio de la Villa Marios offre :<\/h1>\t\t\t\t<\/div>\n\t\t\t\t<\/div>\n\t\t\t\t\t<\/div>\n\t\t<\/div>\n\t\t\t\t\t<\/div>\n\t\t<\/section>\n\t\t\t\t<section class=\"elementor-section elementor-top-section elementor-element elementor-element-17d37327 elementor-section-boxed elementor-section-height-default elementor-section-height-default\" data-id=\"17d37327\" data-element_type=\"section\" data-e-type=\"section\">\n\t\t\t\t\t\t<div class=\"elementor-container elementor-column-gap-default\">\n\t\t\t\t\t<div class=\"elementor-column elementor-col-50 elementor-top-column elementor-element elementor-element-4eeddfaa\" data-id=\"4eeddfaa\" data-element_type=\"column\" data-e-type=\"column\">\n\t\t\t<div class=\"elementor-widget-wrap elementor-element-populated\">\n\t\t\t\t\t\t<div class=\"elementor-element elementor-element-b37dbc4 elementor-widget elementor-widget-text-editor\" data-id=\"b37dbc4\" data-element_type=\"widget\" data-e-type=\"widget\" data-widget_type=\"text-editor.default\">\n\t\t\t\t<div class=\"elementor-widget-container\">\n\t\t\t\t\t\t\t\t\t<ul><li class=\"\" data-start=\"112\" data-end=\"129\"><p class=\"\" data-start=\"114\" data-end=\"129\">S\u00e8che-cheveux<\/p><\/li><li class=\"\" data-start=\"130\" data-end=\"155\"><p class=\"\" data-start=\"132\" data-end=\"155\">Matelas orthop\u00e9diques<\/p><\/li><li class=\"\" data-start=\"156\" data-end=\"179\"><p class=\"\" data-start=\"158\" data-end=\"179\">Kitchenette \u00e9quip\u00e9e<\/p><\/li><li class=\"\" data-start=\"180\" data-end=\"197\"><p class=\"\" data-start=\"182\" data-end=\"197\">R\u00e9frig\u00e9rateur<\/p><\/li><li class=\"\" data-start=\"198\" data-end=\"215\"><p class=\"\" data-start=\"200\" data-end=\"215\">Climatisation<\/p><\/li><li class=\"\" data-start=\"216\" data-end=\"252\"><p class=\"\" data-start=\"218\" data-end=\"252\">T\u00e9l\u00e9vision satellite Samsung 32&Prime;<\/p><\/li><li class=\"\" data-start=\"253\" data-end=\"276\"><p class=\"\" data-start=\"255\" data-end=\"276\">Lecteur DVD Samsung<\/p><\/li><li class=\"\" data-start=\"277\" data-end=\"319\"><p class=\"\" data-start=\"279\" data-end=\"319\">Matelas et oreillers hypoallerg\u00e9niques<\/p><\/li><li class=\"\" data-start=\"320\" data-end=\"345\"><p class=\"\" data-start=\"322\" data-end=\"345\">Ustensiles de cuisine<\/p><\/li><li class=\"\" data-start=\"346\" data-end=\"366\"><p class=\"\" data-start=\"348\" data-end=\"366\">V\u00e9randas priv\u00e9es<\/p><\/li><li class=\"\" data-start=\"367\" data-end=\"386\"><p class=\"\" data-start=\"369\" data-end=\"386\">Parking gratuit<\/p><\/li><li class=\"\" data-start=\"387\" data-end=\"411\"><p class=\"\" data-start=\"389\" data-end=\"411\">Salle de bain priv\u00e9e<\/p><\/li><li class=\"\" data-start=\"412\" data-end=\"439\"><p class=\"\" data-start=\"414\" data-end=\"439\">Place de parking priv\u00e9e<\/p><\/li><\/ul>\t\t\t\t\t\t\t\t<\/div>\n\t\t\t\t<\/div>\n\t\t\t\t\t<\/div>\n\t\t<\/div>\n\t\t\t\t<div class=\"elementor-column elementor-col-50 elementor-top-column elementor-element elementor-element-4fe4633c\" data-id=\"4fe4633c\" data-element_type=\"column\" data-e-type=\"column\">\n\t\t\t<div class=\"elementor-widget-wrap elementor-element-populated\">\n\t\t\t\t\t\t<div class=\"elementor-element elementor-element-18d36095 elementor-widget elementor-widget-text-editor\" data-id=\"18d36095\" data-element_type=\"widget\" data-e-type=\"widget\" data-widget_type=\"text-editor.default\">\n\t\t\t\t<div class=\"elementor-widget-container\">\n\t\t\t\t\t\t\t\t\t<ul><li class=\"\" data-start=\"46\" data-end=\"91\"><p class=\"\" data-start=\"48\" data-end=\"91\">Wi-Fi haut d\u00e9bit dans toutes les chambres<\/p><\/li><li class=\"\" data-start=\"92\" data-end=\"151\"><p class=\"\" data-start=\"94\" data-end=\"151\">R\u00e9ception ouverte 12 heures par jour (de 10h00 \u00e0 22h00)<\/p><\/li><li class=\"\" data-start=\"152\" data-end=\"211\"><p class=\"\" data-start=\"154\" data-end=\"211\">Service en chambre pendant 12 heures (de 08h00 \u00e0 20h00)<\/p><\/li><li class=\"\" data-start=\"212\" data-end=\"290\"><p class=\"\" data-start=\"214\" data-end=\"290\">Service de transfert de bagages (peut entra\u00eener des frais suppl\u00e9mentaires)<\/p><\/li><li class=\"\" data-start=\"291\" data-end=\"331\"><p class=\"\" data-start=\"293\" data-end=\"331\">Lit b\u00e9b\u00e9 et chaise haute disponibles<\/p><\/li><li class=\"\" data-start=\"332\" data-end=\"455\"><p class=\"\" data-start=\"334\" data-end=\"455\">Service de m\u00e9nage suppl\u00e9mentaire sur demande, en plus du nettoyage quotidien (peut entra\u00eener des frais suppl\u00e9mentaires)<\/p><\/li><li class=\"\" data-start=\"456\" data-end=\"498\"><p class=\"\" data-start=\"458\" data-end=\"498\">Changement des draps et des serviettes<\/p><\/li><\/ul>\t\t\t\t\t\t\t\t<\/div>\n\t\t\t\t<\/div>\n\t\t\t\t\t<\/div>\n\t\t<\/div>\n\t\t\t\t\t<\/div>\n\t\t<\/section>\n\t\t\t\t<\/div>\n\t\t","protected":false},"excerpt":{"rendered":"<p class=\"tx-excerpt\">Chaque studio de la Villa Marios offre : S\u00e8che-cheveux Matelas orthop\u00e9diques Kitchenette \u00e9quip\u00e9e R\u00e9frig\u00e9rateur Climatisation...<\/p>","protected":false},"author":1,"featured_media":0,"parent":0,"menu_order":0,"comment_status":"closed","ping_status":"closed","template":"","meta":{"footnotes":""},"class_list":["post-1802","page","type-page","status-publish","hentry"],"_links":{"self":[{"href":"https:\/\/villamarios.gr\/fr\/wp-json\/wp\/v2\/pages\/1802","targetHints":{"allow":["GET"]}}],"collection":[{"href":"https:\/\/villamarios.gr\/fr\/wp-json\/wp\/v2\/pages"}],"about":[{"href":"https:\/\/villamarios.gr\/fr\/wp-json\/wp\/v2\/types\/page"}],"author":[{"embeddable":true,"href":"https:\/\/villamarios.gr\/fr\/wp-json\/wp\/v2\/users\/1"}],"replies":[{"embeddable":true,"href":"https:\/\/villamarios.gr\/fr\/wp-json\/wp\/v2\/comments?post=1802"}],"version-history":[{"count":4,"href":"https:\/\/villamarios.gr\/fr\/wp-json\/wp\/v2\/pages\/1802\/revisions"}],"predecessor-version":[{"id":4263,"href":"https:\/\/villamarios.gr\/fr\/wp-json\/wp\/v2\/pages\/1802\/revisions\/4263"}],"wp:attachment":[{"href":"https:\/\/villamarios.gr\/fr\/wp-json\/wp\/v2\/media?parent=1802"}],"curies":[{"name":"wp","href":"https:\/\/api.w.org\/{rel}","templated":true}]}}