{"id":1833,"date":"2018-12-07T13:51:51","date_gmt":"2018-12-07T10:51:51","guid":{"rendered":"https:\/\/villamarios.gr\/contactfr\/"},"modified":"2025-05-02T12:18:02","modified_gmt":"2025-05-02T09:18:02","slug":"contactfr","status":"publish","type":"page","link":"https:\/\/villamarios.gr\/fr\/contactfr\/","title":{"rendered":"contactfr"},"content":{"rendered":"\t\t<div data-elementor-type=\"wp-page\" data-elementor-id=\"1833\" class=\"elementor elementor-1833 elementor-98\" data-elementor-post-type=\"page\">\n\t\t\t\t\t\t<section class=\"elementor-section elementor-top-section elementor-element elementor-element-592e8e6 elementor-section-boxed elementor-section-height-default elementor-section-height-default\" data-id=\"592e8e6\" data-element_type=\"section\" data-e-type=\"section\">\n\t\t\t\t\t\t<div class=\"elementor-container elementor-column-gap-default\">\n\t\t\t\t\t<div class=\"elementor-column elementor-col-100 elementor-top-column elementor-element elementor-element-7eb2895b\" data-id=\"7eb2895b\" data-element_type=\"column\" data-e-type=\"column\">\n\t\t\t<div class=\"elementor-widget-wrap\">\n\t\t\t\t\t\t\t<\/div>\n\t\t<\/div>\n\t\t\t\t\t<\/div>\n\t\t<\/section>\n\t\t\t\t<section class=\"elementor-section elementor-top-section elementor-element elementor-element-3ed121a7 elementor-section-boxed elementor-section-height-default elementor-section-height-default\" data-id=\"3ed121a7\" data-element_type=\"section\" data-e-type=\"section\">\n\t\t\t\t\t\t<div class=\"elementor-container elementor-column-gap-default\">\n\t\t\t\t\t<div class=\"elementor-column elementor-col-100 elementor-top-column elementor-element elementor-element-72845b19\" data-id=\"72845b19\" data-element_type=\"column\" data-e-type=\"column\">\n\t\t\t<div class=\"elementor-widget-wrap elementor-element-populated\">\n\t\t\t\t\t\t<div class=\"elementor-element elementor-element-40be8bd elementor--h-position-center elementor--v-position-middle elementor-widget elementor-widget-slides\" data-id=\"40be8bd\" data-element_type=\"widget\" data-e-type=\"widget\" data-settings=\"{&quot;navigation&quot;:&quot;none&quot;,&quot;autoplay_speed&quot;:3000,&quot;transition&quot;:&quot;fade&quot;,&quot;autoplay&quot;:&quot;yes&quot;,&quot;pause_on_hover&quot;:&quot;yes&quot;,&quot;pause_on_interaction&quot;:&quot;yes&quot;,&quot;infinite&quot;:&quot;yes&quot;,&quot;transition_speed&quot;:500}\" data-widget_type=\"slides.default\">\n\t\t\t\t<div class=\"elementor-widget-container\">\n\t\t\t\t\t\t\t\t\t<div class=\"elementor-swiper\">\n\t\t\t\t\t<div class=\"elementor-slides-wrapper elementor-main-swiper swiper\" role=\"region\" aria-roledescription=\"carousel\" aria-label=\"Slides\" dir=\"ltr\" data-animation=\"zoomIn\">\n\t\t\t\t<div class=\"swiper-wrapper elementor-slides\">\n\t\t\t\t\t\t\t\t\t\t<div class=\"elementor-repeater-item-542d292 swiper-slide\" role=\"group\" aria-roledescription=\"slide\"><div class=\"swiper-slide-bg elementor-ken-burns elementor-ken-burns--in\" role=\"img\" aria-label=\"20190709_120725_pe\"><\/div><div class=\"swiper-slide-inner\" ><div class=\"swiper-slide-contents\"><\/div><\/div><\/div>\t\t\t\t<\/div>\n\t\t\t\t\t\t\t<\/div>\n\t\t\t\t<\/div>\n\t\t\t\t\t\t\t\t<\/div>\n\t\t\t\t<\/div>\n\t\t\t\t\t<\/div>\n\t\t<\/div>\n\t\t\t\t\t<\/div>\n\t\t<\/section>\n\t\t\t\t<section class=\"elementor-section elementor-top-section elementor-element elementor-element-4671f298 elementor-section-boxed elementor-section-height-default elementor-section-height-default\" data-id=\"4671f298\" data-element_type=\"section\" data-e-type=\"section\">\n\t\t\t\t\t\t<div class=\"elementor-container elementor-column-gap-default\">\n\t\t\t\t\t<div class=\"elementor-column elementor-col-100 elementor-top-column elementor-element elementor-element-1c8a7820\" data-id=\"1c8a7820\" data-element_type=\"column\" data-e-type=\"column\">\n\t\t\t<div class=\"elementor-widget-wrap elementor-element-populated\">\n\t\t\t\t\t\t<div class=\"elementor-element elementor-element-26f820e9 elementor-widget elementor-widget-spacer\" data-id=\"26f820e9\" data-element_type=\"widget\" data-e-type=\"widget\" data-widget_type=\"spacer.default\">\n\t\t\t\t<div class=\"elementor-widget-container\">\n\t\t\t\t\t\t\t<div class=\"elementor-spacer\">\n\t\t\t<div class=\"elementor-spacer-inner\"><\/div>\n\t\t<\/div>\n\t\t\t\t\t\t<\/div>\n\t\t\t\t<\/div>\n\t\t\t\t\t<\/div>\n\t\t<\/div>\n\t\t\t\t\t<\/div>\n\t\t<\/section>\n\t\t\t\t<section class=\"elementor-section elementor-top-section elementor-element elementor-element-136ddb84 elementor-section-boxed elementor-section-height-default elementor-section-height-default\" data-id=\"136ddb84\" data-element_type=\"section\" data-e-type=\"section\">\n\t\t\t\t\t\t<div class=\"elementor-container elementor-column-gap-default\">\n\t\t\t\t\t<div class=\"elementor-column elementor-col-50 elementor-top-column elementor-element elementor-element-2282d823\" data-id=\"2282d823\" data-element_type=\"column\" data-e-type=\"column\">\n\t\t\t<div class=\"elementor-widget-wrap elementor-element-populated\">\n\t\t\t\t\t\t<div class=\"elementor-element elementor-element-1b968a1d elementor-widget elementor-widget-text-editor\" data-id=\"1b968a1d\" data-element_type=\"widget\" data-e-type=\"widget\" data-widget_type=\"text-editor.default\">\n\t\t\t\t<div class=\"elementor-widget-container\">\n\t\t\t\t\t\t\t\t\t<h4 class=\"\" data-start=\"121\" data-end=\"146\"><span style=\"font-size: 14pt;\">Voyager vers Milos :<\/span><\/h4><ul data-start=\"148\" data-end=\"660\"><li class=\"\" data-start=\"148\" data-end=\"324\"><p class=\"\" data-start=\"150\" data-end=\"324\"><strong data-start=\"150\" data-end=\"206\">En ferry ou en bateau rapide depuis le port du Pir\u00e9e<\/strong><br data-start=\"206\" data-end=\"209\" \/>Horaires des ferries (d\u00e9parts du Pir\u00e9e) : T\u00e9l. 14944 ou 14541<br data-start=\"272\" data-end=\"275\" \/>Port de Milos (Adamas) : T\u00e9l. +30 22870 23360<\/p><\/li><li class=\"\" data-start=\"326\" data-end=\"660\"><p class=\"\" data-start=\"328\" data-end=\"660\"><strong data-start=\"328\" data-end=\"406\">En avion depuis l&rsquo;A\u00e9roport International d&rsquo;Ath\u00e8nes \u00ab\u00a0Elefth\u00e9rios Veniz\u00e9los\u00a0\u00bb<\/strong><br data-start=\"406\" data-end=\"409\" \/>Le vol dure environ 25 minutes.<br data-start=\"442\" data-end=\"445\" \/>A\u00e9roport d&rsquo;Ath\u00e8nes : T\u00e9l. +30 210 353-1000<br data-start=\"489\" data-end=\"492\" \/>Olympic Air (Ath\u00e8nes) : T\u00e9l. +30 210 355-0500 ou 801-801-01-01<br data-start=\"556\" data-end=\"559\" \/>A\u00e9roport de Milos (Zefyria) : T\u00e9l. +30 22870 22090<br data-start=\"611\" data-end=\"614\" \/>Olympic Air (Milos) : T\u00e9l. +30 22870 22381<\/p><\/li><\/ul><h4 class=\"\" data-start=\"662\" data-end=\"706\">Connexions vers d&rsquo;autres destinations :<\/h4><p class=\"\" data-start=\"707\" data-end=\"884\">Milos est reli\u00e9e par ferry, bateau rapide et avion aux autres \u00eeles des Cyclades, du Dod\u00e9can\u00e8se et \u00e0 la Cr\u00e8te. Pour plus d&rsquo;informations, contactez le port ou l&rsquo;a\u00e9roport de Milos.<\/p><hr class=\"\" data-start=\"886\" data-end=\"889\" \/><h3 class=\"\" data-start=\"891\" data-end=\"933\"><strong data-start=\"895\" data-end=\"933\">Se rendre \u00e0 Zefyria (Villa Marios)<\/strong><\/h3><p class=\"\" data-start=\"935\" data-end=\"1212\">\u00c0 votre arriv\u00e9e \u00e0 Milos, un <strong data-start=\"963\" data-end=\"990\">service de bus r\u00e9gulier<\/strong> relie le port d&rsquo;Adamas \u00e0 Zefyria (environ 8 minutes de trajet).<br data-start=\"1054\" data-end=\"1057\" \/>Alternativement, vous pouvez vous rendre \u00e0 <strong data-start=\"1100\" data-end=\"1110\">Kambos<\/strong> en <strong data-start=\"1114\" data-end=\"1122\">taxi<\/strong>, ou louer une voiture ou une moto aupr\u00e8s des agences de location \u00e0 l&rsquo;a\u00e9roport ou au port.<\/p><p class=\"\" data-start=\"1214\" data-end=\"1517\">Depuis l&rsquo;a\u00e9roport de Milos, des <strong data-start=\"1246\" data-end=\"1272\">taxis sont disponibles<\/strong> pour vous emmener \u00e0 Zefyria (environ 5 minutes).<br data-start=\"1321\" data-end=\"1324\" \/>Vous trouverez des <strong data-start=\"1343\" data-end=\"1367\">panneaux indicateurs<\/strong> tout au long de la route vers Kambos, portant l&rsquo;inscription \u201cVilla Marios\u201d, vous guidant facilement vers l&rsquo;h\u00e9bergement que nous avons cr\u00e9\u00e9 pour vous.<\/p>\t\t\t\t\t\t\t\t<\/div>\n\t\t\t\t<\/div>\n\t\t\t\t\t<\/div>\n\t\t<\/div>\n\t\t\t\t<div class=\"elementor-column elementor-col-50 elementor-top-column elementor-element elementor-element-19c26ca8\" data-id=\"19c26ca8\" data-element_type=\"column\" data-e-type=\"column\" data-settings=\"{&quot;background_background&quot;:&quot;gradient&quot;}\">\n\t\t\t<div class=\"elementor-widget-wrap elementor-element-populated\">\n\t\t\t\t\t\t<div class=\"elementor-element elementor-element-6292191e elementor-widget elementor-widget-wpforms\" data-id=\"6292191e\" data-element_type=\"widget\" data-e-type=\"widget\" data-widget_type=\"wpforms.default\">\n\t\t\t\t<div class=\"elementor-widget-container\">\n\t\t\t\t\t<div class=\"wpforms-container wpforms-container-full\" id=\"wpforms-810\"><form id=\"wpforms-form-810\" class=\"wpforms-validate wpforms-form\" data-formid=\"810\" method=\"post\" enctype=\"multipart\/form-data\" action=\"\/fr\/wp-json\/wp\/v2\/pages\/1833\" data-token=\"601b286ea9a8bd133ba2b0c97e6f1fce\"><noscript class=\"wpforms-error-noscript\">Veuillez activer JavaScript dans votre navigateur pour remplir ce formulaire.<\/noscript><div class=\"wpforms-field-container\"><div id=\"wpforms-810-field_0-container\" class=\"wpforms-field wpforms-field-name\" data-field-id=\"0\"><label class=\"wpforms-field-label\" for=\"wpforms-810-field_0\">\u038c\u03bd\u03bf\u03bc\u03b1 <span class=\"wpforms-required-label\">*<\/span><\/label><input type=\"text\" id=\"wpforms-810-field_0\" class=\"wpforms-field-medium wpforms-field-required\" name=\"wpforms[fields][0]\" required><\/div><div id=\"wpforms-810-field_1-container\" class=\"wpforms-field wpforms-field-email\" data-field-id=\"1\"><label class=\"wpforms-field-label\" for=\"wpforms-810-field_1\">Email <span class=\"wpforms-required-label\">*<\/span><\/label><input type=\"email\" id=\"wpforms-810-field_1\" class=\"wpforms-field-medium wpforms-field-required\" name=\"wpforms[fields][1]\" required><\/div><div id=\"wpforms-810-field_2-container\" class=\"wpforms-field wpforms-field-textarea\" data-field-id=\"2\"><label class=\"wpforms-field-label\" for=\"wpforms-810-field_2\">Comment or Message <span class=\"wpforms-required-label\">*<\/span><\/label><textarea id=\"wpforms-810-field_2\" class=\"wpforms-field-medium wpforms-field-required\" name=\"wpforms[fields][2]\" required><\/textarea><\/div><\/div><div class=\"wpforms-field wpforms-field-hp\"><label for=\"wpforms-810-field-hp\" class=\"wpforms-field-label\">Name<\/label><input type=\"text\" name=\"wpforms[hp]\" id=\"wpforms-810-field-hp\" class=\"wpforms-field-medium\"><\/div><div class=\"wpforms-recaptcha-container wpforms-is-recaptcha\" ><div class=\"g-recaptcha\" data-sitekey=\"6Ld9ln8UAAAAAJ9ybq7rYxNInXIuNApz5oH1V7Ri\"><\/div><input type=\"text\" name=\"g-recaptcha-hidden\" class=\"wpforms-recaptcha-hidden\" style=\"position:absolute!important;clip:rect(0,0,0,0)!important;height:1px!important;width:1px!important;border:0!important;overflow:hidden!important;padding:0!important;margin:0!important;\" required><\/div><div class=\"wpforms-submit-container\" ><input type=\"hidden\" name=\"wpforms[id]\" value=\"810\"><input type=\"hidden\" name=\"wpforms[author]\" value=\"1\"><button type=\"submit\" name=\"wpforms[submit]\" class=\"wpforms-submit \" id=\"wpforms-submit-810\" value=\"wpforms-submit\" aria-live=\"assertive\" data-alt-text=\"Sending...\" data-submit-text=\"Submit\">Submit<\/button><\/div><\/form><\/div>  <!-- .wpforms-container -->\t\t\t\t<\/div>\n\t\t\t\t<\/div>\n\t\t\t\t\t<\/div>\n\t\t<\/div>\n\t\t\t\t\t<\/div>\n\t\t<\/section>\n\t\t\t\t<section class=\"elementor-section elementor-top-section elementor-element elementor-element-799a4b20 elementor-section-boxed elementor-section-height-default elementor-section-height-default\" data-id=\"799a4b20\" data-element_type=\"section\" data-e-type=\"section\">\n\t\t\t\t\t\t<div class=\"elementor-container elementor-column-gap-default\">\n\t\t\t\t\t<div class=\"elementor-column elementor-col-100 elementor-top-column elementor-element elementor-element-58e2374b\" data-id=\"58e2374b\" data-element_type=\"column\" data-e-type=\"column\">\n\t\t\t<div class=\"elementor-widget-wrap elementor-element-populated\">\n\t\t\t\t\t\t<div class=\"elementor-element elementor-element-337a0b00 elementor-widget elementor-widget-spacer\" data-id=\"337a0b00\" data-element_type=\"widget\" data-e-type=\"widget\" data-widget_type=\"spacer.default\">\n\t\t\t\t<div class=\"elementor-widget-container\">\n\t\t\t\t\t\t\t<div class=\"elementor-spacer\">\n\t\t\t<div class=\"elementor-spacer-inner\"><\/div>\n\t\t<\/div>\n\t\t\t\t\t\t<\/div>\n\t\t\t\t<\/div>\n\t\t\t\t\t<\/div>\n\t\t<\/div>\n\t\t\t\t\t<\/div>\n\t\t<\/section>\n\t\t\t\t<section class=\"elementor-section elementor-top-section elementor-element elementor-element-17aba7d0 elementor-section-boxed elementor-section-height-default elementor-section-height-default\" data-id=\"17aba7d0\" data-element_type=\"section\" data-e-type=\"section\">\n\t\t\t\t\t\t<div class=\"elementor-container elementor-column-gap-default\">\n\t\t\t\t\t<div class=\"elementor-column elementor-col-100 elementor-top-column elementor-element elementor-element-1c07933\" data-id=\"1c07933\" data-element_type=\"column\" data-e-type=\"column\">\n\t\t\t<div class=\"elementor-widget-wrap elementor-element-populated\">\n\t\t\t\t\t\t<div class=\"elementor-element elementor-element-b75bb96 elementor-widget elementor-widget-google_maps\" data-id=\"b75bb96\" data-element_type=\"widget\" data-e-type=\"widget\" data-widget_type=\"google_maps.default\">\n\t\t\t\t<div class=\"elementor-widget-container\">\n\t\t\t\t\t\t\t<div class=\"elementor-custom-embed\">\n\t\t\t<iframe loading=\"lazy\"\n\t\t\t\t\tsrc=\"https:\/\/maps.google.com\/maps?q=%CE%96%CE%B5%CF%86%CF%8D%CF%81%CE%B9%CE%B1%2C%20%CE%95%CE%BB%CE%BB%CE%AC%CE%B4%CE%B1&#038;t=m&#038;z=15&#038;output=embed&#038;iwloc=near\"\n\t\t\t\t\ttitle=\"\u0396\u03b5\u03c6\u03cd\u03c1\u03b9\u03b1, \u0395\u03bb\u03bb\u03ac\u03b4\u03b1\"\n\t\t\t\t\taria-label=\"\u0396\u03b5\u03c6\u03cd\u03c1\u03b9\u03b1, \u0395\u03bb\u03bb\u03ac\u03b4\u03b1\"\n\t\t\t><\/iframe>\n\t\t<\/div>\n\t\t\t\t\t\t<\/div>\n\t\t\t\t<\/div>\n\t\t\t\t\t<\/div>\n\t\t<\/div>\n\t\t\t\t\t<\/div>\n\t\t<\/section>\n\t\t\t\t<\/div>\n\t\t","protected":false},"excerpt":{"rendered":"<p class=\"tx-excerpt\">Voyager vers Milos : En ferry ou en bateau rapide depuis le port du Pir\u00e9eHoraires...<\/p>","protected":false},"author":1,"featured_media":0,"parent":0,"menu_order":0,"comment_status":"closed","ping_status":"closed","template":"","meta":{"footnotes":""},"class_list":["post-1833","page","type-page","status-publish","hentry"],"_links":{"self":[{"href":"https:\/\/villamarios.gr\/fr\/wp-json\/wp\/v2\/pages\/1833","targetHints":{"allow":["GET"]}}],"collection":[{"href":"https:\/\/villamarios.gr\/fr\/wp-json\/wp\/v2\/pages"}],"about":[{"href":"https:\/\/villamarios.gr\/fr\/wp-json\/wp\/v2\/types\/page"}],"author":[{"embeddable":true,"href":"https:\/\/villamarios.gr\/fr\/wp-json\/wp\/v2\/users\/1"}],"replies":[{"embeddable":true,"href":"https:\/\/villamarios.gr\/fr\/wp-json\/wp\/v2\/comments?post=1833"}],"version-history":[{"count":7,"href":"https:\/\/villamarios.gr\/fr\/wp-json\/wp\/v2\/pages\/1833\/revisions"}],"predecessor-version":[{"id":4188,"href":"https:\/\/villamarios.gr\/fr\/wp-json\/wp\/v2\/pages\/1833\/revisions\/4188"}],"wp:attachment":[{"href":"https:\/\/villamarios.gr\/fr\/wp-json\/wp\/v2\/media?parent=1833"}],"curies":[{"name":"wp","href":"https:\/\/api.w.org\/{rel}","templated":true}]}}