{"id":1872,"date":"2018-12-07T14:36:15","date_gmt":"2018-12-07T11:36:15","guid":{"rendered":"https:\/\/villamarios.gr\/%ce%bd%ce%b1%cf%85%cf%83%ce%b9%ce%ba%ce%b1\/"},"modified":"2025-05-02T11:17:48","modified_gmt":"2025-05-02T08:17:48","slug":"%ce%bd%ce%b1%cf%85%cf%83%ce%b9%ce%ba%ce%b1","status":"publish","type":"page","link":"https:\/\/villamarios.gr\/fr\/%ce%bd%ce%b1%cf%85%cf%83%ce%b9%ce%ba%ce%b1\/","title":{"rendered":"nausikafr"},"content":{"rendered":"\t\t<div data-elementor-type=\"wp-page\" data-elementor-id=\"1872\" class=\"elementor elementor-1872 elementor-1679\" data-elementor-post-type=\"page\">\n\t\t\t\t\t\t<section class=\"elementor-section elementor-top-section elementor-element elementor-element-5c52350d elementor-section-boxed elementor-section-height-default elementor-section-height-default\" data-id=\"5c52350d\" data-element_type=\"section\" data-e-type=\"section\">\n\t\t\t\t\t\t<div class=\"elementor-container elementor-column-gap-default\">\n\t\t\t\t\t<div class=\"elementor-column elementor-col-100 elementor-top-column elementor-element elementor-element-48ca28bc\" data-id=\"48ca28bc\" data-element_type=\"column\" data-e-type=\"column\">\n\t\t\t<div class=\"elementor-widget-wrap\">\n\t\t\t\t\t\t\t<\/div>\n\t\t<\/div>\n\t\t\t\t\t<\/div>\n\t\t<\/section>\n\t\t\t\t<section class=\"elementor-section elementor-top-section elementor-element elementor-element-4e185840 elementor-section-boxed elementor-section-height-default elementor-section-height-default\" data-id=\"4e185840\" data-element_type=\"section\" data-e-type=\"section\">\n\t\t\t\t\t\t<div class=\"elementor-container elementor-column-gap-default\">\n\t\t\t\t\t<div class=\"elementor-column elementor-col-100 elementor-top-column elementor-element elementor-element-1d731030\" data-id=\"1d731030\" data-element_type=\"column\" data-e-type=\"column\">\n\t\t\t<div class=\"elementor-widget-wrap elementor-element-populated\">\n\t\t\t\t\t\t<div class=\"elementor-element elementor-element-933badc elementor--h-position-center elementor--v-position-middle elementor-widget elementor-widget-slides\" data-id=\"933badc\" data-element_type=\"widget\" data-e-type=\"widget\" data-settings=\"{&quot;navigation&quot;:&quot;none&quot;,&quot;autoplay_speed&quot;:3000,&quot;transition&quot;:&quot;fade&quot;,&quot;autoplay&quot;:&quot;yes&quot;,&quot;pause_on_hover&quot;:&quot;yes&quot;,&quot;pause_on_interaction&quot;:&quot;yes&quot;,&quot;infinite&quot;:&quot;yes&quot;,&quot;transition_speed&quot;:500}\" data-widget_type=\"slides.default\">\n\t\t\t\t<div class=\"elementor-widget-container\">\n\t\t\t\t\t\t\t\t\t<div class=\"elementor-swiper\">\n\t\t\t\t\t<div class=\"elementor-slides-wrapper elementor-main-swiper swiper\" role=\"region\" aria-roledescription=\"carousel\" aria-label=\"Slides\" dir=\"ltr\" data-animation=\"zoomIn\">\n\t\t\t\t<div class=\"swiper-wrapper elementor-slides\">\n\t\t\t\t\t\t\t\t\t\t<div class=\"elementor-repeater-item-542d292 swiper-slide\" role=\"group\" aria-roledescription=\"slide\"><div class=\"swiper-slide-bg elementor-ken-burns elementor-ken-burns--in\" role=\"img\" aria-label=\"n-4-1024x768\"><\/div><div class=\"swiper-slide-inner\" ><div class=\"swiper-slide-contents\"><\/div><\/div><\/div>\t\t\t\t<\/div>\n\t\t\t\t\t\t\t<\/div>\n\t\t\t\t<\/div>\n\t\t\t\t\t\t\t\t<\/div>\n\t\t\t\t<\/div>\n\t\t\t\t<div class=\"elementor-element elementor-element-1e80dc39 elementor-widget elementor-widget-spacer\" data-id=\"1e80dc39\" data-element_type=\"widget\" data-e-type=\"widget\" data-widget_type=\"spacer.default\">\n\t\t\t\t<div class=\"elementor-widget-container\">\n\t\t\t\t\t\t\t<div class=\"elementor-spacer\">\n\t\t\t<div class=\"elementor-spacer-inner\"><\/div>\n\t\t<\/div>\n\t\t\t\t\t\t<\/div>\n\t\t\t\t<\/div>\n\t\t\t\t\t<\/div>\n\t\t<\/div>\n\t\t\t\t\t<\/div>\n\t\t<\/section>\n\t\t\t\t<section class=\"elementor-section elementor-top-section elementor-element elementor-element-66a37034 elementor-section-boxed elementor-section-height-default elementor-section-height-default\" data-id=\"66a37034\" data-element_type=\"section\" data-e-type=\"section\">\n\t\t\t\t\t\t<div class=\"elementor-container elementor-column-gap-default\">\n\t\t\t\t\t<div class=\"elementor-column elementor-col-100 elementor-top-column elementor-element elementor-element-2367cf55\" data-id=\"2367cf55\" data-element_type=\"column\" data-e-type=\"column\">\n\t\t\t<div class=\"elementor-widget-wrap elementor-element-populated\">\n\t\t\t\t\t\t<div class=\"elementor-element elementor-element-21d0572e elementor-widget elementor-widget-heading\" data-id=\"21d0572e\" data-element_type=\"widget\" data-e-type=\"widget\" data-widget_type=\"heading.default\">\n\t\t\t\t<div class=\"elementor-widget-container\">\n\t\t\t\t\t<h1 class=\"elementor-heading-title elementor-size-default\">Nausika<\/h1>\t\t\t\t<\/div>\n\t\t\t\t<\/div>\n\t\t\t\t\t<\/div>\n\t\t<\/div>\n\t\t\t\t\t<\/div>\n\t\t<\/section>\n\t\t\t\t<section class=\"elementor-section elementor-top-section elementor-element elementor-element-6311756c elementor-section-boxed elementor-section-height-default elementor-section-height-default\" data-id=\"6311756c\" data-element_type=\"section\" data-e-type=\"section\">\n\t\t\t\t\t\t<div class=\"elementor-container elementor-column-gap-default\">\n\t\t\t\t\t<div class=\"elementor-column elementor-col-100 elementor-top-column elementor-element elementor-element-76e20290\" data-id=\"76e20290\" data-element_type=\"column\" data-e-type=\"column\">\n\t\t\t<div class=\"elementor-widget-wrap elementor-element-populated\">\n\t\t\t\t\t\t<div class=\"elementor-element elementor-element-46493007 elementor-widget elementor-widget-g-gallery\" data-id=\"46493007\" data-element_type=\"widget\" data-e-type=\"widget\" data-widget_type=\"g-gallery.default\">\n\t\t\t\t<div class=\"elementor-widget-container\">\n\t\t\t\t\t<div id=\"69dee6a0eef9a\" class=\"gg_gallery_wrap gg_is_loading_gallery gg_true_gallery gg_columnized_gallery gid_1546 gg_ol_bottom_mode gg_main_ol_always_shown gg_both_ol\" data-col-maxw=\"400\" data-gid=\"1546\" data-nores-txt=\"No images found\">              <div class=\"gg_loader\">            <div class=\"ggl_1\"><\/div>            <div class=\"ggl_2\"><\/div>            <div class=\"ggl_3\"><\/div>            <div class=\"ggl_4\"><\/div>        <\/div>  <div class=\"gg_container\"><div class=\"gg_img \" data-gg-url=\"https:\/\/villamarios.gr\/wp-content\/uploads\/2018\/12\/g-1.jpg\" data-gg-title=\"\" data-gg-author=\"\" data-gg-descr=\"\" data-gg-tags=\"\" data-img-id=\"0\" data-gid=\"1546\" role=\"button\" tabindex=\"0\" aria-label=\"open image\">                  <div class=\"gg_img_inner\" style=\"padding-bottom: 300px\">                                      <div class=\"gg_main_img_wrap\">                        <div class=\"gg_img_wrap_inner\">                            <img decoding=\"async\" src=\"\" data-gg-lazy-src=\"\/\/villamarios.gr\/wp-content\/uploads\/ewpt_cache\/400x300_90_1_c_FFFFFF_6f3528941c68644ca58e5e78cd824047.jpg\" alt=\"\" class=\"gg_photo gg_main_thumb\" \/>                            <noscript><img decoding=\"async\" src=\"https:\/\/villamarios.gr\/wp-content\/uploads\/2018\/12\/g-1.jpg\" alt=\"\" \/><\/noscript>                        <\/div>                    <\/div>                                        <div class=\"gg_overlays\"><div class=\"gg_sec_overlay gg_tl_pos\"><span><\/span><\/div><\/div>                  <\/div><\/div><div class=\"gg_img \" data-gg-url=\"https:\/\/villamarios.gr\/wp-content\/uploads\/2018\/12\/g-2.jpg\" data-gg-title=\"\" data-gg-author=\"\" data-gg-descr=\"\" data-gg-tags=\"\" data-img-id=\"1\" data-gid=\"1546\" role=\"button\" tabindex=\"0\" aria-label=\"open image\">                  <div class=\"gg_img_inner\" style=\"padding-bottom: 300px\">                                      <div class=\"gg_main_img_wrap\">                        <div class=\"gg_img_wrap_inner\">                            <img decoding=\"async\" src=\"\" data-gg-lazy-src=\"\/\/villamarios.gr\/wp-content\/uploads\/ewpt_cache\/400x300_90_1_c_FFFFFF_8748410661bb89163be2c717755d1cee.jpg\" alt=\"\" class=\"gg_photo gg_main_thumb\" \/>                            <noscript><img decoding=\"async\" src=\"https:\/\/villamarios.gr\/wp-content\/uploads\/2018\/12\/g-2.jpg\" alt=\"\" \/><\/noscript>                        <\/div>                    <\/div>                                        <div class=\"gg_overlays\"><div class=\"gg_sec_overlay gg_tl_pos\"><span><\/span><\/div><\/div>                  <\/div><\/div><div class=\"gg_img \" data-gg-url=\"https:\/\/villamarios.gr\/wp-content\/uploads\/2018\/12\/g-3.jpg\" data-gg-title=\"\" data-gg-author=\"\" data-gg-descr=\"\" data-gg-tags=\"\" data-img-id=\"2\" data-gid=\"1546\" role=\"button\" tabindex=\"0\" aria-label=\"open image\">                  <div class=\"gg_img_inner\" style=\"padding-bottom: 300px\">                                      <div class=\"gg_main_img_wrap\">                        <div class=\"gg_img_wrap_inner\">                            <img decoding=\"async\" src=\"\" data-gg-lazy-src=\"\/\/villamarios.gr\/wp-content\/uploads\/ewpt_cache\/400x300_90_1_c_FFFFFF_42559a5ec5d3249e99b31d6b83875c72.jpg\" alt=\"\" class=\"gg_photo gg_main_thumb\" \/>                            <noscript><img decoding=\"async\" src=\"https:\/\/villamarios.gr\/wp-content\/uploads\/2018\/12\/g-3.jpg\" alt=\"\" \/><\/noscript>                        <\/div>                    <\/div>                                        <div class=\"gg_overlays\"><div class=\"gg_sec_overlay gg_tl_pos\"><span><\/span><\/div><\/div>                  <\/div><\/div><div class=\"gg_img \" data-gg-url=\"https:\/\/villamarios.gr\/wp-content\/uploads\/2018\/12\/g-4.jpg\" data-gg-title=\"\" data-gg-author=\"\" data-gg-descr=\"\" data-gg-tags=\"\" data-img-id=\"3\" data-gid=\"1546\" role=\"button\" tabindex=\"0\" aria-label=\"open image\">                  <div class=\"gg_img_inner\" style=\"padding-bottom: 300px\">                                      <div class=\"gg_main_img_wrap\">                        <div class=\"gg_img_wrap_inner\">                            <img decoding=\"async\" src=\"\" data-gg-lazy-src=\"\/\/villamarios.gr\/wp-content\/uploads\/ewpt_cache\/400x300_90_1_c_FFFFFF_befa869720312d4acb8238bb6d335f0c.jpg\" alt=\"\" class=\"gg_photo gg_main_thumb\" \/>                            <noscript><img decoding=\"async\" src=\"https:\/\/villamarios.gr\/wp-content\/uploads\/2018\/12\/g-4.jpg\" alt=\"\" \/><\/noscript>                        <\/div>                    <\/div>                                        <div class=\"gg_overlays\"><div class=\"gg_sec_overlay gg_tl_pos\"><span><\/span><\/div><\/div>                  <\/div><\/div><\/div><\/div><script type=\"text\/javascript\">     (function() {         \"use strict\";              const intval = setInterval(() => {            if(typeof(jQuery) == \"undefined\" || typeof(gg_galleries_init) == \"undefined\") {                return true;            }            else {                clearTimeout(intval);                            const $ = jQuery;                gg_galleries_init(\"69dee6a0eef9a\");            }        }, 50);    })();<\/script>\t\t\t\t<\/div>\n\t\t\t\t<\/div>\n\t\t\t\t\t<\/div>\n\t\t<\/div>\n\t\t\t\t\t<\/div>\n\t\t<\/section>\n\t\t\t\t<section class=\"elementor-section elementor-top-section elementor-element elementor-element-6d7878f2 elementor-section-boxed elementor-section-height-default elementor-section-height-default\" data-id=\"6d7878f2\" data-element_type=\"section\" data-e-type=\"section\">\n\t\t\t\t\t\t<div class=\"elementor-container elementor-column-gap-default\">\n\t\t\t\t\t<div class=\"elementor-column elementor-col-100 elementor-top-column elementor-element elementor-element-51fb5463\" data-id=\"51fb5463\" data-element_type=\"column\" data-e-type=\"column\">\n\t\t\t<div class=\"elementor-widget-wrap elementor-element-populated\">\n\t\t\t\t\t\t<div class=\"elementor-element elementor-element-4df83e3 elementor-widget elementor-widget-spacer\" data-id=\"4df83e3\" data-element_type=\"widget\" data-e-type=\"widget\" data-widget_type=\"spacer.default\">\n\t\t\t\t<div class=\"elementor-widget-container\">\n\t\t\t\t\t\t\t<div class=\"elementor-spacer\">\n\t\t\t<div class=\"elementor-spacer-inner\"><\/div>\n\t\t<\/div>\n\t\t\t\t\t\t<\/div>\n\t\t\t\t<\/div>\n\t\t\t\t\t<\/div>\n\t\t<\/div>\n\t\t\t\t\t<\/div>\n\t\t<\/section>\n\t\t\t\t<section class=\"elementor-section elementor-top-section elementor-element elementor-element-2ab89655 elementor-section-boxed elementor-section-height-default elementor-section-height-default\" data-id=\"2ab89655\" data-element_type=\"section\" data-e-type=\"section\">\n\t\t\t\t\t\t<div class=\"elementor-container elementor-column-gap-default\">\n\t\t\t\t\t<div class=\"elementor-column elementor-col-100 elementor-top-column elementor-element elementor-element-50eceac0\" data-id=\"50eceac0\" data-element_type=\"column\" data-e-type=\"column\">\n\t\t\t<div class=\"elementor-widget-wrap elementor-element-populated\">\n\t\t\t\t\t\t<div class=\"elementor-element elementor-element-5abe4568 elementor-widget elementor-widget-heading\" data-id=\"5abe4568\" data-element_type=\"widget\" data-e-type=\"widget\" data-widget_type=\"heading.default\">\n\t\t\t\t<div class=\"elementor-widget-container\">\n\t\t\t\t\t<h1 class=\"elementor-heading-title elementor-size-default\">Chaque studio de la Villa Marios offre :<\/h1>\t\t\t\t<\/div>\n\t\t\t\t<\/div>\n\t\t\t\t\t<\/div>\n\t\t<\/div>\n\t\t\t\t\t<\/div>\n\t\t<\/section>\n\t\t\t\t<section class=\"elementor-section elementor-top-section elementor-element elementor-element-4e65a5b0 elementor-section-boxed elementor-section-height-default elementor-section-height-default\" data-id=\"4e65a5b0\" data-element_type=\"section\" data-e-type=\"section\">\n\t\t\t\t\t\t<div class=\"elementor-container elementor-column-gap-default\">\n\t\t\t\t\t<div class=\"elementor-column elementor-col-50 elementor-top-column elementor-element elementor-element-7c2ed3fa\" data-id=\"7c2ed3fa\" data-element_type=\"column\" data-e-type=\"column\">\n\t\t\t<div class=\"elementor-widget-wrap elementor-element-populated\">\n\t\t\t\t\t\t<div class=\"elementor-element elementor-element-754a00e3 elementor-widget elementor-widget-text-editor\" data-id=\"754a00e3\" data-element_type=\"widget\" data-e-type=\"widget\" data-widget_type=\"text-editor.default\">\n\t\t\t\t<div class=\"elementor-widget-container\">\n\t\t\t\t\t\t\t\t\t<ul><li><ul><li class=\"\" data-start=\"112\" data-end=\"129\"><p class=\"\" data-start=\"114\" data-end=\"129\">S\u00e8che-cheveux<\/p><\/li><li class=\"\" data-start=\"130\" data-end=\"155\"><p class=\"\" data-start=\"132\" data-end=\"155\">Matelas orthop\u00e9diques<\/p><\/li><li class=\"\" data-start=\"156\" data-end=\"179\"><p class=\"\" data-start=\"158\" data-end=\"179\">Kitchenette \u00e9quip\u00e9e<\/p><\/li><li class=\"\" data-start=\"180\" data-end=\"197\"><p class=\"\" data-start=\"182\" data-end=\"197\">R\u00e9frig\u00e9rateur<\/p><\/li><li class=\"\" data-start=\"198\" data-end=\"215\"><p class=\"\" data-start=\"200\" data-end=\"215\">Climatisation<\/p><\/li><li class=\"\" data-start=\"216\" data-end=\"252\"><p class=\"\" data-start=\"218\" data-end=\"252\">T\u00e9l\u00e9vision satellite Samsung 32&Prime;<\/p><\/li><li class=\"\" data-start=\"253\" data-end=\"276\"><p class=\"\" data-start=\"255\" data-end=\"276\">Lecteur DVD Samsung<\/p><\/li><li class=\"\" data-start=\"277\" data-end=\"319\"><p class=\"\" data-start=\"279\" data-end=\"319\">Matelas et oreillers hypoallerg\u00e9niques<\/p><\/li><li class=\"\" data-start=\"320\" data-end=\"345\"><p class=\"\" data-start=\"322\" data-end=\"345\">Ustensiles de cuisine<\/p><\/li><li class=\"\" data-start=\"346\" data-end=\"366\"><p class=\"\" data-start=\"348\" data-end=\"366\">V\u00e9randas priv\u00e9es<\/p><\/li><li class=\"\" data-start=\"367\" data-end=\"386\"><p class=\"\" data-start=\"369\" data-end=\"386\">Parking gratuit<\/p><\/li><li class=\"\" data-start=\"387\" data-end=\"411\"><p class=\"\" data-start=\"389\" data-end=\"411\">Salle de bain priv\u00e9e<\/p><\/li><li class=\"\" data-start=\"412\" data-end=\"439\"><p class=\"\" data-start=\"414\" data-end=\"439\">Place de parking priv\u00e9e<\/p><\/li><\/ul><\/li><\/ul>\t\t\t\t\t\t\t\t<\/div>\n\t\t\t\t<\/div>\n\t\t\t\t\t<\/div>\n\t\t<\/div>\n\t\t\t\t<div class=\"elementor-column elementor-col-50 elementor-top-column elementor-element elementor-element-88f3d46\" data-id=\"88f3d46\" data-element_type=\"column\" data-e-type=\"column\">\n\t\t\t<div class=\"elementor-widget-wrap elementor-element-populated\">\n\t\t\t\t\t\t<div class=\"elementor-element elementor-element-217924e2 elementor-widget elementor-widget-text-editor\" data-id=\"217924e2\" data-element_type=\"widget\" data-e-type=\"widget\" data-widget_type=\"text-editor.default\">\n\t\t\t\t<div class=\"elementor-widget-container\">\n\t\t\t\t\t\t\t\t\t<ul><li><ul><li class=\"\" data-start=\"46\" data-end=\"91\"><p class=\"\" data-start=\"48\" data-end=\"91\">Wi-Fi haut d\u00e9bit dans toutes les chambres<\/p><\/li><li class=\"\" data-start=\"92\" data-end=\"151\"><p class=\"\" data-start=\"94\" data-end=\"151\">R\u00e9ception ouverte 12 heures par jour (de 10h00 \u00e0 22h00)<\/p><\/li><li class=\"\" data-start=\"152\" data-end=\"211\"><p class=\"\" data-start=\"154\" data-end=\"211\">Service en chambre pendant 12 heures (de 08h00 \u00e0 20h00)<\/p><\/li><li class=\"\" data-start=\"212\" data-end=\"290\"><p class=\"\" data-start=\"214\" data-end=\"290\">Service de transfert de bagages (peut entra\u00eener des frais suppl\u00e9mentaires)<\/p><\/li><li class=\"\" data-start=\"291\" data-end=\"331\"><p class=\"\" data-start=\"293\" data-end=\"331\">Lit b\u00e9b\u00e9 et chaise haute disponibles<\/p><\/li><li class=\"\" data-start=\"332\" data-end=\"455\"><p class=\"\" data-start=\"334\" data-end=\"455\">Service de m\u00e9nage suppl\u00e9mentaire sur demande, en plus du nettoyage quotidien (peut entra\u00eener des frais suppl\u00e9mentaires)<\/p><\/li><li class=\"\" data-start=\"456\" data-end=\"498\"><p class=\"\" data-start=\"458\" data-end=\"498\">Changement des draps et des serviettes<\/p><\/li><\/ul><\/li><\/ul>\t\t\t\t\t\t\t\t<\/div>\n\t\t\t\t<\/div>\n\t\t\t\t\t<\/div>\n\t\t<\/div>\n\t\t\t\t\t<\/div>\n\t\t<\/section>\n\t\t\t\t<\/div>\n\t\t","protected":false},"excerpt":{"rendered":"<p class=\"tx-excerpt\">Nausika Chaque studio de la Villa Marios offre : S\u00e8che-cheveux Matelas orthop\u00e9diques Kitchenette \u00e9quip\u00e9e R\u00e9frig\u00e9rateur...<\/p>","protected":false},"author":1,"featured_media":0,"parent":0,"menu_order":0,"comment_status":"closed","ping_status":"closed","template":"","meta":{"footnotes":""},"class_list":["post-1872","page","type-page","status-publish","hentry"],"_links":{"self":[{"href":"https:\/\/villamarios.gr\/fr\/wp-json\/wp\/v2\/pages\/1872","targetHints":{"allow":["GET"]}}],"collection":[{"href":"https:\/\/villamarios.gr\/fr\/wp-json\/wp\/v2\/pages"}],"about":[{"href":"https:\/\/villamarios.gr\/fr\/wp-json\/wp\/v2\/types\/page"}],"author":[{"embeddable":true,"href":"https:\/\/villamarios.gr\/fr\/wp-json\/wp\/v2\/users\/1"}],"replies":[{"embeddable":true,"href":"https:\/\/villamarios.gr\/fr\/wp-json\/wp\/v2\/comments?post=1872"}],"version-history":[{"count":9,"href":"https:\/\/villamarios.gr\/fr\/wp-json\/wp\/v2\/pages\/1872\/revisions"}],"predecessor-version":[{"id":4055,"href":"https:\/\/villamarios.gr\/fr\/wp-json\/wp\/v2\/pages\/1872\/revisions\/4055"}],"wp:attachment":[{"href":"https:\/\/villamarios.gr\/fr\/wp-json\/wp\/v2\/media?parent=1872"}],"curies":[{"name":"wp","href":"https:\/\/api.w.org\/{rel}","templated":true}]}}