{"id":2032,"date":"2018-12-08T22:53:22","date_gmt":"2018-12-08T19:53:22","guid":{"rendered":"https:\/\/villamarios.gr\/drastiriotitesfr\/"},"modified":"2025-05-02T12:02:52","modified_gmt":"2025-05-02T09:02:52","slug":"drastiriotitesfr","status":"publish","type":"page","link":"https:\/\/villamarios.gr\/fr\/drastiriotitesfr\/","title":{"rendered":"drastiriotitesfr"},"content":{"rendered":"\t\t<div data-elementor-type=\"wp-page\" data-elementor-id=\"2032\" class=\"elementor elementor-2032 elementor-2022\" data-elementor-post-type=\"page\">\n\t\t\t\t\t\t<section class=\"elementor-section elementor-top-section elementor-element elementor-element-4d8c462c elementor-section-boxed elementor-section-height-default elementor-section-height-default\" data-id=\"4d8c462c\" data-element_type=\"section\" data-e-type=\"section\">\n\t\t\t\t\t\t<div class=\"elementor-container elementor-column-gap-default\">\n\t\t\t\t\t<div class=\"elementor-column elementor-col-100 elementor-top-column elementor-element elementor-element-1a7d2bdd\" data-id=\"1a7d2bdd\" data-element_type=\"column\" data-e-type=\"column\">\n\t\t\t<div class=\"elementor-widget-wrap elementor-element-populated\">\n\t\t\t\t\t\t<div class=\"elementor-element elementor-element-28fe0ce8 elementor-widget elementor-widget-text-editor\" data-id=\"28fe0ce8\" data-element_type=\"widget\" data-e-type=\"widget\" data-widget_type=\"text-editor.default\">\n\t\t\t\t<div class=\"elementor-widget-container\">\n\t\t\t\t\t\t\t\t\t[vc_row][vc_column][vc_empty_space height=\u00a0\u00bb128px\u00a0\u00bb][vc_separator color=\u00a0\u00bbblack\u00a0\u00bb][vc_column_text]La Villa Marios se trouve au pied du volcan Milos, qui est devenu une attraction pour tous les visiteurs de l&rsquo;\u00eele ces derni\u00e8res ann\u00e9es. L&#8217;emplacement est id\u00e9al pour explorer \u00e0 v\u00e9lo ou \u00e0 pied, en profitant du paysage naturel unique de la Gr\u00e8ce avec ses anciens c\u00e8dres et ses roches volcaniques naturelles. La vue est illimit\u00e9e, donnant au voyageur le plaisir de regarder autour de l&rsquo;\u00eele. Si vous aimez explorer le paysage enchanteur saura satisfaire vos attentes.[\/vc_column_text][\/vc_column][\/vc_row]\t\t\t\t\t\t\t\t<\/div>\n\t\t\t\t<\/div>\n\t\t\t\t\t<\/div>\n\t\t<\/div>\n\t\t\t\t\t<\/div>\n\t\t<\/section>\n\t\t\t\t<section class=\"elementor-section elementor-top-section elementor-element elementor-element-5075a3a7 elementor-section-boxed elementor-section-height-default elementor-section-height-default\" data-id=\"5075a3a7\" data-element_type=\"section\" data-e-type=\"section\">\n\t\t\t\t\t\t<div class=\"elementor-container elementor-column-gap-default\">\n\t\t\t\t\t<div class=\"elementor-column elementor-col-100 elementor-top-column elementor-element elementor-element-1994091\" data-id=\"1994091\" data-element_type=\"column\" data-e-type=\"column\">\n\t\t\t<div class=\"elementor-widget-wrap elementor-element-populated\">\n\t\t\t\t\t\t<div class=\"elementor-element elementor-element-267de531 elementor--h-position-center elementor--v-position-middle elementor-widget elementor-widget-slides\" data-id=\"267de531\" data-element_type=\"widget\" data-e-type=\"widget\" data-settings=\"{&quot;navigation&quot;:&quot;none&quot;,&quot;autoplay_speed&quot;:3000,&quot;transition&quot;:&quot;fade&quot;,&quot;autoplay&quot;:&quot;yes&quot;,&quot;pause_on_hover&quot;:&quot;yes&quot;,&quot;pause_on_interaction&quot;:&quot;yes&quot;,&quot;infinite&quot;:&quot;yes&quot;,&quot;transition_speed&quot;:500}\" data-widget_type=\"slides.default\">\n\t\t\t\t<div class=\"elementor-widget-container\">\n\t\t\t\t\t\t\t\t\t<div class=\"elementor-swiper\">\r\n\t\t\t\t\t<div class=\"elementor-slides-wrapper elementor-main-swiper swiper\" role=\"region\" aria-roledescription=\"carousel\" aria-label=\"Slides\" dir=\"ltr\" data-animation=\"zoomIn\">\r\n\t\t\t\t<div class=\"swiper-wrapper elementor-slides\">\r\n\t\t\t\t\t\t\t\t\t\t<div class=\"elementor-repeater-item-542d292 swiper-slide\" role=\"group\" aria-roledescription=\"slide\"><div class=\"swiper-slide-bg elementor-ken-burns elementor-ken-burns--in\" role=\"img\" aria-label=\"7_Balanced\"><\/div><div class=\"swiper-slide-inner\" ><div class=\"swiper-slide-contents\"><\/div><\/div><\/div>\t\t\t\t<\/div>\r\n\t\t\t\t\t\t\t<\/div>\r\n\t\t\t\t<\/div>\r\n\t\t\t\t\t\t\t\t<\/div>\n\t\t\t\t<\/div>\n\t\t\t\t<div class=\"elementor-element elementor-element-56cf2a7 elementor-widget elementor-widget-spacer\" data-id=\"56cf2a7\" data-element_type=\"widget\" data-e-type=\"widget\" data-widget_type=\"spacer.default\">\n\t\t\t\t<div class=\"elementor-widget-container\">\n\t\t\t\t\t\t\t<div class=\"elementor-spacer\">\n\t\t\t<div class=\"elementor-spacer-inner\"><\/div>\n\t\t<\/div>\n\t\t\t\t\t\t<\/div>\n\t\t\t\t<\/div>\n\t\t\t\t\t<\/div>\n\t\t<\/div>\n\t\t\t\t\t<\/div>\n\t\t<\/section>\n\t\t\t\t<section class=\"elementor-section elementor-top-section elementor-element elementor-element-1baa563d elementor-section-boxed elementor-section-height-default elementor-section-height-default\" data-id=\"1baa563d\" data-element_type=\"section\" data-e-type=\"section\">\n\t\t\t\t\t\t<div class=\"elementor-container elementor-column-gap-default\">\n\t\t\t\t\t<div class=\"elementor-column elementor-col-100 elementor-top-column elementor-element elementor-element-1981843f\" data-id=\"1981843f\" data-element_type=\"column\" data-e-type=\"column\">\n\t\t\t<div class=\"elementor-widget-wrap elementor-element-populated\">\n\t\t\t\t\t\t<div class=\"elementor-element elementor-element-ccb5bcd elementor-widget elementor-widget-text-editor\" data-id=\"ccb5bcd\" data-element_type=\"widget\" data-e-type=\"widget\" data-widget_type=\"text-editor.default\">\n\t\t\t\t<div class=\"elementor-widget-container\">\n\t\t\t\t\t\t\t\t\t<p class=\"\" data-start=\"92\" data-end=\"128\"><strong data-start=\"92\" data-end=\"128\">Activit\u00e9s et exp\u00e9riences \u00e0 Milos<\/strong><\/p><ul data-start=\"130\" data-end=\"330\"><li class=\"\" data-start=\"130\" data-end=\"204\"><p class=\"\" data-start=\"132\" data-end=\"204\">Excursions avec bus priv\u00e9 le long du c\u00e9l\u00e8bre itin\u00e9raire <em data-start=\"188\" data-end=\"202\">Milotherania<\/em><\/p><\/li><li class=\"\" data-start=\"205\" data-end=\"218\"><p class=\"\" data-start=\"207\" data-end=\"218\">Kite surf<\/p><\/li><li class=\"\" data-start=\"219\" data-end=\"258\"><p class=\"\" data-start=\"221\" data-end=\"258\">Excursions en voilier ou croisi\u00e8res<\/p><\/li><li class=\"\" data-start=\"259\" data-end=\"280\"><p class=\"\" data-start=\"261\" data-end=\"280\">Sources thermales<\/p><\/li><li class=\"\" data-start=\"281\" data-end=\"304\"><p class=\"\" data-start=\"283\" data-end=\"304\">Plong\u00e9e sous-marine<\/p><\/li><li class=\"\" data-start=\"305\" data-end=\"330\"><p class=\"\" data-start=\"307\" data-end=\"330\">Cano\u00eb et kayak de mer<\/p><\/li><\/ul><p class=\"\" data-start=\"332\" data-end=\"644\">Avec un kayak de mer, vous pouvez explorer le littoral volcanique unique de Milos d&rsquo;une mani\u00e8re originale. En pagayant dans des eaux cristallines, \u00e0 travers grottes marines, tunnels et arches naturelles, vous aurez l\u2019opportunit\u00e9 de nager sur des plages d\u00e9sertes et de d\u00e9couvrir les petits \u00eelots voisins de Milos.<\/p><p class=\"\" data-start=\"646\" data-end=\"865\">L\u2019\u00eele poss\u00e8de une beaut\u00e9 sauvage et rare, m\u00eame sous la surface. Grottes sous-marines, \u00e9paves de navires et d&rsquo;avions de la Seconde Guerre mondiale, vestiges engloutis&#8230; un v\u00e9ritable paradis pour les amateurs de plong\u00e9e.<\/p>\t\t\t\t\t\t\t\t<\/div>\n\t\t\t\t<\/div>\n\t\t\t\t\t<\/div>\n\t\t<\/div>\n\t\t\t\t\t<\/div>\n\t\t<\/section>\n\t\t\t\t<\/div>\n\t\t","protected":false},"excerpt":{"rendered":"<p class=\"tx-excerpt\">[vc_row][vc_column][vc_empty_space height=\u00a0\u00bb128px\u00a0\u00bb][vc_separator color=\u00a0\u00bbblack\u00a0\u00bb][vc_column_text]La Villa Marios se trouve au pied du volcan Milos, qui est devenu...<\/p>","protected":false},"author":1,"featured_media":0,"parent":0,"menu_order":0,"comment_status":"closed","ping_status":"closed","template":"","meta":{"footnotes":""},"class_list":["post-2032","page","type-page","status-publish","hentry"],"aioseo_notices":[],"_links":{"self":[{"href":"https:\/\/villamarios.gr\/fr\/wp-json\/wp\/v2\/pages\/2032","targetHints":{"allow":["GET"]}}],"collection":[{"href":"https:\/\/villamarios.gr\/fr\/wp-json\/wp\/v2\/pages"}],"about":[{"href":"https:\/\/villamarios.gr\/fr\/wp-json\/wp\/v2\/types\/page"}],"author":[{"embeddable":true,"href":"https:\/\/villamarios.gr\/fr\/wp-json\/wp\/v2\/users\/1"}],"replies":[{"embeddable":true,"href":"https:\/\/villamarios.gr\/fr\/wp-json\/wp\/v2\/comments?post=2032"}],"version-history":[{"count":4,"href":"https:\/\/villamarios.gr\/fr\/wp-json\/wp\/v2\/pages\/2032\/revisions"}],"predecessor-version":[{"id":4132,"href":"https:\/\/villamarios.gr\/fr\/wp-json\/wp\/v2\/pages\/2032\/revisions\/4132"}],"wp:attachment":[{"href":"https:\/\/villamarios.gr\/fr\/wp-json\/wp\/v2\/media?parent=2032"}],"curies":[{"name":"wp","href":"https:\/\/api.w.org\/{rel}","templated":true}]}}