{"id":1778,"date":"2018-12-07T10:24:42","date_gmt":"2018-12-07T07:24:42","guid":{"rendered":"https:\/\/villamarios.gr\/?page_id=1778"},"modified":"2025-05-02T14:09:08","modified_gmt":"2025-05-02T11:09:08","slug":"diamoniit","status":"publish","type":"page","link":"https:\/\/villamarios.gr\/it\/diamoniit\/","title":{"rendered":"diamoniit"},"content":{"rendered":"\t\t<div data-elementor-type=\"wp-page\" data-elementor-id=\"1778\" class=\"elementor elementor-1778 elementor-90\" data-elementor-post-type=\"page\">\n\t\t\t\t\t\t<section class=\"elementor-section elementor-top-section elementor-element elementor-element-22bdcbdb elementor-section-boxed elementor-section-height-default elementor-section-height-default\" data-id=\"22bdcbdb\" data-element_type=\"section\" data-e-type=\"section\">\n\t\t\t\t\t\t<div class=\"elementor-container elementor-column-gap-default\">\n\t\t\t\t\t<div class=\"elementor-column elementor-col-100 elementor-top-column elementor-element elementor-element-1f45cf98\" data-id=\"1f45cf98\" data-element_type=\"column\" data-e-type=\"column\">\n\t\t\t<div class=\"elementor-widget-wrap\">\n\t\t\t\t\t\t\t<\/div>\n\t\t<\/div>\n\t\t\t\t\t<\/div>\n\t\t<\/section>\n\t\t\t\t<section class=\"elementor-section elementor-top-section elementor-element elementor-element-363af79c elementor-section-boxed elementor-section-height-default elementor-section-height-default\" data-id=\"363af79c\" data-element_type=\"section\" data-e-type=\"section\">\n\t\t\t\t\t\t<div class=\"elementor-container elementor-column-gap-default\">\n\t\t\t\t\t<div class=\"elementor-column elementor-col-100 elementor-top-column elementor-element elementor-element-431c155b\" data-id=\"431c155b\" data-element_type=\"column\" data-e-type=\"column\">\n\t\t\t<div class=\"elementor-widget-wrap elementor-element-populated\">\n\t\t\t\t\t\t<div class=\"elementor-element elementor-element-265d2f0d elementor--h-position-center elementor--v-position-middle elementor-widget elementor-widget-slides\" data-id=\"265d2f0d\" data-element_type=\"widget\" data-e-type=\"widget\" data-settings=\"{&quot;navigation&quot;:&quot;none&quot;,&quot;autoplay_speed&quot;:3000,&quot;transition&quot;:&quot;fade&quot;,&quot;autoplay&quot;:&quot;yes&quot;,&quot;pause_on_hover&quot;:&quot;yes&quot;,&quot;pause_on_interaction&quot;:&quot;yes&quot;,&quot;infinite&quot;:&quot;yes&quot;,&quot;transition_speed&quot;:500}\" data-widget_type=\"slides.default\">\n\t\t\t\t<div class=\"elementor-widget-container\">\n\t\t\t\t\t\t\t\t\t<div class=\"elementor-swiper\">\r\n\t\t\t\t\t<div class=\"elementor-slides-wrapper elementor-main-swiper swiper\" role=\"region\" aria-roledescription=\"carousel\" aria-label=\"Slides\" dir=\"ltr\" data-animation=\"zoomIn\">\r\n\t\t\t\t<div class=\"swiper-wrapper elementor-slides\">\r\n\t\t\t\t\t\t\t\t\t\t<div class=\"elementor-repeater-item-542d292 swiper-slide\" role=\"group\" aria-roledescription=\"slide\"><div class=\"swiper-slide-bg elementor-ken-burns elementor-ken-burns--in\" role=\"img\" aria-label=\"VLUU L310 W  \/ Samsung L310 W\"><\/div><div class=\"swiper-slide-inner\" ><div class=\"swiper-slide-contents\"><\/div><\/div><\/div>\t\t\t\t<\/div>\r\n\t\t\t\t\t\t\t<\/div>\r\n\t\t\t\t<\/div>\r\n\t\t\t\t\t\t\t\t<\/div>\n\t\t\t\t<\/div>\n\t\t\t\t\t<\/div>\n\t\t<\/div>\n\t\t\t\t\t<\/div>\n\t\t<\/section>\n\t\t\t\t<section class=\"elementor-section elementor-top-section elementor-element elementor-element-65098796 elementor-section-boxed elementor-section-height-default elementor-section-height-default\" data-id=\"65098796\" data-element_type=\"section\" data-e-type=\"section\">\n\t\t\t\t\t\t<div class=\"elementor-container elementor-column-gap-default\">\n\t\t\t\t\t<div class=\"elementor-column elementor-col-100 elementor-top-column elementor-element elementor-element-5fe7a592\" data-id=\"5fe7a592\" data-element_type=\"column\" data-e-type=\"column\">\n\t\t\t<div class=\"elementor-widget-wrap elementor-element-populated\">\n\t\t\t\t\t\t<div class=\"elementor-element elementor-element-6ee42b78 elementor-widget elementor-widget-spacer\" data-id=\"6ee42b78\" data-element_type=\"widget\" data-e-type=\"widget\" data-widget_type=\"spacer.default\">\n\t\t\t\t<div class=\"elementor-widget-container\">\n\t\t\t\t\t\t\t<div class=\"elementor-spacer\">\n\t\t\t<div class=\"elementor-spacer-inner\"><\/div>\n\t\t<\/div>\n\t\t\t\t\t\t<\/div>\n\t\t\t\t<\/div>\n\t\t\t\t\t<\/div>\n\t\t<\/div>\n\t\t\t\t\t<\/div>\n\t\t<\/section>\n\t\t\t\t<section class=\"elementor-section elementor-top-section elementor-element elementor-element-19988642 elementor-section-boxed elementor-section-height-default elementor-section-height-default\" data-id=\"19988642\" data-element_type=\"section\" data-e-type=\"section\">\n\t\t\t\t\t\t<div class=\"elementor-container elementor-column-gap-default\">\n\t\t\t\t\t<div class=\"elementor-column elementor-col-100 elementor-top-column elementor-element elementor-element-190ef6bf\" data-id=\"190ef6bf\" data-element_type=\"column\" data-e-type=\"column\">\n\t\t\t<div class=\"elementor-widget-wrap elementor-element-populated\">\n\t\t\t\t\t\t<div class=\"elementor-element elementor-element-3c90d1e7 elementor-widget elementor-widget-text-editor\" data-id=\"3c90d1e7\" data-element_type=\"widget\" data-e-type=\"widget\" data-widget_type=\"text-editor.default\">\n\t\t\t\t<div class=\"elementor-widget-container\">\n\t\t\t\t\t\t\t\t\t<p>Combinando una calda ospitalit\u00e0 con un ambiente tranquillo e una vista mozzafiato, Villa Marios \u00e8 stata creata per soddisfare le vostre esigenze e rendere la vostra vacanza un sogno che diventa realt\u00e0!<\/p>\t\t\t\t\t\t\t\t<\/div>\n\t\t\t\t<\/div>\n\t\t\t\t\t<\/div>\n\t\t<\/div>\n\t\t\t\t\t<\/div>\n\t\t<\/section>\n\t\t\t\t<section class=\"elementor-section elementor-top-section elementor-element elementor-element-566360f6 elementor-section-boxed elementor-section-height-default elementor-section-height-default\" data-id=\"566360f6\" data-element_type=\"section\" data-e-type=\"section\">\n\t\t\t\t\t\t<div class=\"elementor-container elementor-column-gap-default\">\n\t\t\t\t\t<div class=\"elementor-column elementor-col-100 elementor-top-column elementor-element elementor-element-5bdd8a1c\" data-id=\"5bdd8a1c\" data-element_type=\"column\" data-e-type=\"column\">\n\t\t\t<div class=\"elementor-widget-wrap elementor-element-populated\">\n\t\t\t\t\t\t<div class=\"elementor-element elementor-element-19335acd elementor-widget elementor-widget-g-gallery\" data-id=\"19335acd\" data-element_type=\"widget\" data-e-type=\"widget\" data-widget_type=\"g-gallery.default\">\n\t\t\t\t<div class=\"elementor-widget-container\">\n\t\t\t\t\t<div id=\"69f5d020644dc\" class=\"gg_gallery_wrap gg_is_loading_gallery gg_true_gallery gg_columnized_gallery gid_4278 gg_ol_bottom_mode gg_main_ol_always_shown gg_both_ol\" data-col-maxw=\"400\" data-gid=\"4278\" data-nores-txt=\"Nessuna immagine trovata\">              <div class=\"gg_loader\">            <div class=\"ggl_1\"><\/div>            <div class=\"ggl_2\"><\/div>            <div class=\"ggl_3\"><\/div>            <div class=\"ggl_4\"><\/div>        <\/div>  <div class=\"gg_container\"><div data-gg-link=\"https:\/\/villamarios.gr\/it\/eratoit\/\" class=\"gg_img gg_linked_img\" data-gg-url=\"https:\/\/villamarios.gr\/wp-content\/uploads\/2025\/05\/erato-1.jpg\" data-gg-title=\"erato\" data-gg-author=\"\" data-gg-descr=\"\" data-gg-tags=\"\" data-img-id=\"0\" data-gid=\"4278\" role=\"button\" tabindex=\"0\" aria-label=\"apri immagine\">                  <div class=\"gg_img_inner\" style=\"padding-bottom: 300px\">                                      <div class=\"gg_main_img_wrap\">                        <div class=\"gg_img_wrap_inner\">                            <img decoding=\"async\" src=\"\" data-gg-lazy-src=\"\/\/villamarios.gr\/wp-content\/uploads\/ewpt_cache\/400x300_90_1_c_FFFFFF_84cfc4ad97cfb1179fbcd3a7b0b5f26e.jpg\" alt=\"erato\" class=\"gg_photo gg_main_thumb\" \/>                            <noscript><img decoding=\"async\" src=\"https:\/\/villamarios.gr\/wp-content\/uploads\/2025\/05\/erato-1.jpg\" alt=\"erato\" \/><\/noscript>                        <\/div>                    <\/div>                                        <div class=\"gg_overlays\"><div class=\"gg_sec_overlay gg_tl_pos\"><span><\/span><\/div>            <div class=\"gg_main_overlay\">                <span class=\"gg_img_title\">erato<\/span>            <\/div><\/div>                  <\/div><\/div><div data-gg-link=\"https:\/\/villamarios.gr\/it\/pasitheait\/\" class=\"gg_img gg_linked_img\" data-gg-url=\"https:\/\/villamarios.gr\/wp-content\/uploads\/2025\/05\/pasithea.jpg\" data-gg-title=\"pasithea\" data-gg-author=\"\" data-gg-descr=\"\" data-gg-tags=\"\" data-img-id=\"1\" data-gid=\"4278\" role=\"button\" tabindex=\"0\" aria-label=\"apri immagine\">                  <div class=\"gg_img_inner\" style=\"padding-bottom: 300px\">                                      <div class=\"gg_main_img_wrap\">                        <div class=\"gg_img_wrap_inner\">                            <img decoding=\"async\" src=\"\" data-gg-lazy-src=\"\/\/villamarios.gr\/wp-content\/uploads\/ewpt_cache\/400x300_90_1_c_FFFFFF_cf488711841ef75b8ab149d64bc7a3a5.jpg\" alt=\"pasithea\" class=\"gg_photo gg_main_thumb\" \/>                            <noscript><img decoding=\"async\" src=\"https:\/\/villamarios.gr\/wp-content\/uploads\/2025\/05\/pasithea.jpg\" alt=\"pasithea\" \/><\/noscript>                        <\/div>                    <\/div>                                        <div class=\"gg_overlays\"><div class=\"gg_sec_overlay gg_tl_pos\"><span><\/span><\/div>            <div class=\"gg_main_overlay\">                <span class=\"gg_img_title\">pasithea<\/span>            <\/div><\/div>                  <\/div><\/div><div data-gg-link=\"https:\/\/villamarios.gr\/it\/nefeliit\/\" class=\"gg_img gg_linked_img\" data-gg-url=\"https:\/\/villamarios.gr\/wp-content\/uploads\/2025\/05\/nefeli.jpg\" data-gg-title=\"nefeli\" data-gg-author=\"\" data-gg-descr=\"\" data-gg-tags=\"\" data-img-id=\"2\" data-gid=\"4278\" role=\"button\" tabindex=\"0\" aria-label=\"apri immagine\">                  <div class=\"gg_img_inner\" style=\"padding-bottom: 300px\">                                      <div class=\"gg_main_img_wrap\">                        <div class=\"gg_img_wrap_inner\">                            <img decoding=\"async\" src=\"\" data-gg-lazy-src=\"\/\/villamarios.gr\/wp-content\/uploads\/ewpt_cache\/400x300_90_1_c_FFFFFF_b24e77131ba99478472d1fa5f8fe51fc.jpg\" alt=\"nefeli\" class=\"gg_photo gg_main_thumb\" \/>                            <noscript><img decoding=\"async\" src=\"https:\/\/villamarios.gr\/wp-content\/uploads\/2025\/05\/nefeli.jpg\" alt=\"nefeli\" \/><\/noscript>                        <\/div>                    <\/div>                                        <div class=\"gg_overlays\"><div class=\"gg_sec_overlay gg_tl_pos\"><span><\/span><\/div>            <div class=\"gg_main_overlay\">                <span class=\"gg_img_title\">nefeli<\/span>            <\/div><\/div>                  <\/div><\/div><div data-gg-link=\"https:\/\/villamarios.gr\/it\/nausikait\/\" class=\"gg_img gg_linked_img\" data-gg-url=\"https:\/\/villamarios.gr\/wp-content\/uploads\/2025\/05\/nausika.jpg\" data-gg-title=\"nausika\" data-gg-author=\"\" data-gg-descr=\"\" data-gg-tags=\"\" data-img-id=\"3\" data-gid=\"4278\" role=\"button\" tabindex=\"0\" aria-label=\"apri immagine\">                  <div class=\"gg_img_inner\" style=\"padding-bottom: 300px\">                                      <div class=\"gg_main_img_wrap\">                        <div class=\"gg_img_wrap_inner\">                            <img decoding=\"async\" src=\"\" data-gg-lazy-src=\"\/\/villamarios.gr\/wp-content\/uploads\/ewpt_cache\/400x300_90_1_c_FFFFFF_b1a5b91dfda5a96161529268188bdcbc.jpg\" alt=\"nausika\" class=\"gg_photo gg_main_thumb\" \/>                            <noscript><img decoding=\"async\" src=\"https:\/\/villamarios.gr\/wp-content\/uploads\/2025\/05\/nausika.jpg\" alt=\"nausika\" \/><\/noscript>                        <\/div>                    <\/div>                                        <div class=\"gg_overlays\"><div class=\"gg_sec_overlay gg_tl_pos\"><span><\/span><\/div>            <div class=\"gg_main_overlay\">                <span class=\"gg_img_title\">nausika<\/span>            <\/div><\/div>                  <\/div><\/div><div data-gg-link=\"https:\/\/villamarios.gr\/it\/kalipsoit\/\" class=\"gg_img gg_linked_img\" data-gg-url=\"https:\/\/villamarios.gr\/wp-content\/uploads\/2025\/05\/kalipso.jpg\" data-gg-title=\"kalipso\" data-gg-author=\"\" data-gg-descr=\"\" data-gg-tags=\"\" data-img-id=\"4\" data-gid=\"4278\" role=\"button\" tabindex=\"0\" aria-label=\"apri immagine\">                  <div class=\"gg_img_inner\" style=\"padding-bottom: 300px\">                                      <div class=\"gg_main_img_wrap\">                        <div class=\"gg_img_wrap_inner\">                            <img decoding=\"async\" src=\"\" data-gg-lazy-src=\"\/\/villamarios.gr\/wp-content\/uploads\/ewpt_cache\/400x300_90_1_c_FFFFFF_a421080639d97c7943af56b2d3fb29ec.jpg\" alt=\"kalipso\" class=\"gg_photo gg_main_thumb\" \/>                            <noscript><img decoding=\"async\" src=\"https:\/\/villamarios.gr\/wp-content\/uploads\/2025\/05\/kalipso.jpg\" alt=\"kalipso\" \/><\/noscript>                        <\/div>                    <\/div>                                        <div class=\"gg_overlays\"><div class=\"gg_sec_overlay gg_tl_pos\"><span><\/span><\/div>            <div class=\"gg_main_overlay\">                <span class=\"gg_img_title\">kalipso<\/span>            <\/div><\/div>                  <\/div><\/div><div data-gg-link=\"https:\/\/villamarios.gr\/it\/athinait\/\" class=\"gg_img gg_linked_img\" data-gg-url=\"https:\/\/villamarios.gr\/wp-content\/uploads\/2025\/05\/athina.jpg\" data-gg-title=\"athina\" data-gg-author=\"\" data-gg-descr=\"\" data-gg-tags=\"\" data-img-id=\"5\" data-gid=\"4278\" role=\"button\" tabindex=\"0\" aria-label=\"apri immagine\">                  <div class=\"gg_img_inner\" style=\"padding-bottom: 300px\">                                      <div class=\"gg_main_img_wrap\">                        <div class=\"gg_img_wrap_inner\">                            <img decoding=\"async\" src=\"\" data-gg-lazy-src=\"\/\/villamarios.gr\/wp-content\/uploads\/ewpt_cache\/400x300_90_1_c_FFFFFF_d0adcb4c3482c2f5a58cd5a1b9a9e168.jpg\" alt=\"athina\" class=\"gg_photo gg_main_thumb\" \/>                            <noscript><img decoding=\"async\" src=\"https:\/\/villamarios.gr\/wp-content\/uploads\/2025\/05\/athina.jpg\" alt=\"athina\" \/><\/noscript>                        <\/div>                    <\/div>                                        <div class=\"gg_overlays\"><div class=\"gg_sec_overlay gg_tl_pos\"><span><\/span><\/div>            <div class=\"gg_main_overlay\">                <span class=\"gg_img_title\">athina<\/span>            <\/div><\/div>                  <\/div><\/div><div data-gg-link=\"https:\/\/villamarios.gr\/it\/armoniait\/\" class=\"gg_img gg_linked_img\" data-gg-url=\"https:\/\/villamarios.gr\/wp-content\/uploads\/2025\/05\/armonia.jpg\" data-gg-title=\"armonia\" data-gg-author=\"\" data-gg-descr=\"\" data-gg-tags=\"\" data-img-id=\"6\" data-gid=\"4278\" role=\"button\" tabindex=\"0\" aria-label=\"apri immagine\">                  <div class=\"gg_img_inner\" style=\"padding-bottom: 300px\">                                      <div class=\"gg_main_img_wrap\">                        <div class=\"gg_img_wrap_inner\">                            <img decoding=\"async\" src=\"\" data-gg-lazy-src=\"\/\/villamarios.gr\/wp-content\/uploads\/ewpt_cache\/400x300_90_1_c_FFFFFF_f084fc469c7498c6c490c629c1416ff4.jpg\" alt=\"armonia\" class=\"gg_photo gg_main_thumb\" \/>                            <noscript><img decoding=\"async\" src=\"https:\/\/villamarios.gr\/wp-content\/uploads\/2025\/05\/armonia.jpg\" alt=\"armonia\" \/><\/noscript>                        <\/div>                    <\/div>                                        <div class=\"gg_overlays\"><div class=\"gg_sec_overlay gg_tl_pos\"><span><\/span><\/div>            <div class=\"gg_main_overlay\">                <span class=\"gg_img_title\">armonia<\/span>            <\/div><\/div>                  <\/div><\/div><div data-gg-link=\"https:\/\/villamarios.gr\/it\/xorosit\/\" class=\"gg_img gg_linked_img\" data-gg-url=\"https:\/\/villamarios.gr\/wp-content\/uploads\/2025\/05\/ekso.jpg\" data-gg-title=\"ekso\" data-gg-author=\"\" data-gg-descr=\"\" data-gg-tags=\"\" data-img-id=\"7\" data-gid=\"4278\" role=\"button\" tabindex=\"0\" aria-label=\"apri immagine\">                  <div class=\"gg_img_inner\" style=\"padding-bottom: 300px\">                                      <div class=\"gg_main_img_wrap\">                        <div class=\"gg_img_wrap_inner\">                            <img decoding=\"async\" src=\"\" data-gg-lazy-src=\"\/\/villamarios.gr\/wp-content\/uploads\/ewpt_cache\/400x300_90_1_c_FFFFFF_4078701718d00842cea93bed0429789d.jpg\" alt=\"ekso\" class=\"gg_photo gg_main_thumb\" \/>                            <noscript><img decoding=\"async\" src=\"https:\/\/villamarios.gr\/wp-content\/uploads\/2025\/05\/ekso.jpg\" alt=\"ekso\" \/><\/noscript>                        <\/div>                    <\/div>                                        <div class=\"gg_overlays\"><div class=\"gg_sec_overlay gg_tl_pos\"><span><\/span><\/div>            <div class=\"gg_main_overlay\">                <span class=\"gg_img_title\">ekso<\/span>            <\/div><\/div>                  <\/div><\/div><\/div><\/div><script type=\"text\/javascript\">     (function() {         \"use strict\";              const intval = setInterval(() => {            if(typeof(jQuery) == \"undefined\" || typeof(gg_galleries_init) == \"undefined\") {                return true;            }            else {                clearTimeout(intval);                            const $ = jQuery;                gg_galleries_init(\"69f5d020644dc\");            }        }, 50);    })();<\/script>\t\t\t\t<\/div>\n\t\t\t\t<\/div>\n\t\t\t\t\t<\/div>\n\t\t<\/div>\n\t\t\t\t\t<\/div>\n\t\t<\/section>\n\t\t\t\t<\/div>\n\t\t","protected":false},"excerpt":{"rendered":"<p class=\"tx-excerpt\">Combinando una calda ospitalit\u00e0 con un ambiente tranquillo e una vista mozzafiato, Villa Marios \u00e8...<\/p>","protected":false},"author":1,"featured_media":0,"parent":0,"menu_order":0,"comment_status":"closed","ping_status":"closed","template":"","meta":{"footnotes":""},"class_list":["post-1778","page","type-page","status-publish","hentry"],"aioseo_notices":[],"_links":{"self":[{"href":"https:\/\/villamarios.gr\/it\/wp-json\/wp\/v2\/pages\/1778","targetHints":{"allow":["GET"]}}],"collection":[{"href":"https:\/\/villamarios.gr\/it\/wp-json\/wp\/v2\/pages"}],"about":[{"href":"https:\/\/villamarios.gr\/it\/wp-json\/wp\/v2\/types\/page"}],"author":[{"embeddable":true,"href":"https:\/\/villamarios.gr\/it\/wp-json\/wp\/v2\/users\/1"}],"replies":[{"embeddable":true,"href":"https:\/\/villamarios.gr\/it\/wp-json\/wp\/v2\/comments?post=1778"}],"version-history":[{"count":6,"href":"https:\/\/villamarios.gr\/it\/wp-json\/wp\/v2\/pages\/1778\/revisions"}],"predecessor-version":[{"id":4309,"href":"https:\/\/villamarios.gr\/it\/wp-json\/wp\/v2\/pages\/1778\/revisions\/4309"}],"wp:attachment":[{"href":"https:\/\/villamarios.gr\/it\/wp-json\/wp\/v2\/media?parent=1778"}],"curies":[{"name":"wp","href":"https:\/\/api.w.org\/{rel}","templated":true}]}}