{"id":2036,"date":"2018-12-08T22:55:21","date_gmt":"2018-12-08T19:55:21","guid":{"rendered":"https:\/\/villamarios.gr\/drastiriotitesit\/"},"modified":"2025-05-02T12:04:52","modified_gmt":"2025-05-02T09:04:52","slug":"drastiriotitesit","status":"publish","type":"page","link":"https:\/\/villamarios.gr\/it\/drastiriotitesit\/","title":{"rendered":"drastiriotitesit"},"content":{"rendered":"\t\t<div data-elementor-type=\"wp-page\" data-elementor-id=\"2036\" class=\"elementor elementor-2036 elementor-2022\" data-elementor-post-type=\"page\">\n\t\t\t\t\t\t<section class=\"elementor-section elementor-top-section elementor-element elementor-element-1db3a274 elementor-section-boxed elementor-section-height-default elementor-section-height-default\" data-id=\"1db3a274\" data-element_type=\"section\" data-e-type=\"section\">\n\t\t\t\t\t\t<div class=\"elementor-container elementor-column-gap-default\">\n\t\t\t\t\t<div class=\"elementor-column elementor-col-100 elementor-top-column elementor-element elementor-element-19049ca7\" data-id=\"19049ca7\" data-element_type=\"column\" data-e-type=\"column\">\n\t\t\t<div class=\"elementor-widget-wrap elementor-element-populated\">\n\t\t\t\t\t\t<div class=\"elementor-element elementor-element-6c10df3 elementor-widget elementor-widget-text-editor\" data-id=\"6c10df3\" data-element_type=\"widget\" data-e-type=\"widget\" data-widget_type=\"text-editor.default\">\n\t\t\t\t<div class=\"elementor-widget-container\">\n\t\t\t\t\t\t\t\t\t[vc_row][vc_column][vc_empty_space height=&#8221;128px&#8221;][vc_separator color=&#8221;black&#8221;][vc_column_text]La posizione di Villa Marios \u00e8 ai piedi del vulcano Milos, che \u00e8 diventato l&#8217;attrazione per tutti i visitatori dell&#8217;isola negli ultimi anni. La posizione \u00e8 ideale per esplorare in bicicletta o escursioni, godendo il paesaggio naturale unico in Grecia con i suoi antichi cedri e rocce vulcaniche naturali. La vista \u00e8 illimitata, dando al viaggiatore il piacere di guardarsi intorno. Se ti piace esplorare l&#8217;incantevole paesaggio soddisfer\u00e0 le tue aspettative.[\/vc_column_text][\/vc_column][\/vc_row]\t\t\t\t\t\t\t\t<\/div>\n\t\t\t\t<\/div>\n\t\t\t\t\t<\/div>\n\t\t<\/div>\n\t\t\t\t\t<\/div>\n\t\t<\/section>\n\t\t\t\t<section class=\"elementor-section elementor-top-section elementor-element elementor-element-681f161 elementor-section-boxed elementor-section-height-default elementor-section-height-default\" data-id=\"681f161\" data-element_type=\"section\" data-e-type=\"section\">\n\t\t\t\t\t\t<div class=\"elementor-container elementor-column-gap-default\">\n\t\t\t\t\t<div class=\"elementor-column elementor-col-100 elementor-top-column elementor-element elementor-element-1dd735ad\" data-id=\"1dd735ad\" data-element_type=\"column\" data-e-type=\"column\">\n\t\t\t<div class=\"elementor-widget-wrap elementor-element-populated\">\n\t\t\t\t\t\t<div class=\"elementor-element elementor-element-13c27768 elementor--h-position-center elementor--v-position-middle elementor-widget elementor-widget-slides\" data-id=\"13c27768\" data-element_type=\"widget\" data-e-type=\"widget\" data-settings=\"{&quot;navigation&quot;:&quot;none&quot;,&quot;autoplay_speed&quot;:3000,&quot;transition&quot;:&quot;fade&quot;,&quot;autoplay&quot;:&quot;yes&quot;,&quot;pause_on_hover&quot;:&quot;yes&quot;,&quot;pause_on_interaction&quot;:&quot;yes&quot;,&quot;infinite&quot;:&quot;yes&quot;,&quot;transition_speed&quot;:500}\" data-widget_type=\"slides.default\">\n\t\t\t\t<div class=\"elementor-widget-container\">\n\t\t\t\t\t\t\t\t\t<div class=\"elementor-swiper\">\n\t\t\t\t\t<div class=\"elementor-slides-wrapper elementor-main-swiper swiper\" role=\"region\" aria-roledescription=\"carousel\" aria-label=\"Slides\" dir=\"ltr\" data-animation=\"zoomIn\">\n\t\t\t\t<div class=\"swiper-wrapper elementor-slides\">\n\t\t\t\t\t\t\t\t\t\t<div class=\"elementor-repeater-item-542d292 swiper-slide\" role=\"group\" aria-roledescription=\"slide\"><div class=\"swiper-slide-bg elementor-ken-burns elementor-ken-burns--in\" role=\"img\" aria-label=\"7_Balanced\"><\/div><div class=\"swiper-slide-inner\" ><div class=\"swiper-slide-contents\"><\/div><\/div><\/div>\t\t\t\t<\/div>\n\t\t\t\t\t\t\t<\/div>\n\t\t\t\t<\/div>\n\t\t\t\t\t\t\t\t<\/div>\n\t\t\t\t<\/div>\n\t\t\t\t<div class=\"elementor-element elementor-element-646b42c2 elementor-widget elementor-widget-spacer\" data-id=\"646b42c2\" data-element_type=\"widget\" data-e-type=\"widget\" data-widget_type=\"spacer.default\">\n\t\t\t\t<div class=\"elementor-widget-container\">\n\t\t\t\t\t\t\t<div class=\"elementor-spacer\">\n\t\t\t<div class=\"elementor-spacer-inner\"><\/div>\n\t\t<\/div>\n\t\t\t\t\t\t<\/div>\n\t\t\t\t<\/div>\n\t\t\t\t\t<\/div>\n\t\t<\/div>\n\t\t\t\t\t<\/div>\n\t\t<\/section>\n\t\t\t\t<section class=\"elementor-section elementor-top-section elementor-element elementor-element-13b362aa elementor-section-boxed elementor-section-height-default elementor-section-height-default\" data-id=\"13b362aa\" data-element_type=\"section\" data-e-type=\"section\">\n\t\t\t\t\t\t<div class=\"elementor-container elementor-column-gap-default\">\n\t\t\t\t\t<div class=\"elementor-column elementor-col-100 elementor-top-column elementor-element elementor-element-2c1aa82f\" data-id=\"2c1aa82f\" data-element_type=\"column\" data-e-type=\"column\">\n\t\t\t<div class=\"elementor-widget-wrap elementor-element-populated\">\n\t\t\t\t\t\t<div class=\"elementor-element elementor-element-62536ee5 elementor-widget elementor-widget-text-editor\" data-id=\"62536ee5\" data-element_type=\"widget\" data-e-type=\"widget\" data-widget_type=\"text-editor.default\">\n\t\t\t\t<div class=\"elementor-widget-container\">\n\t\t\t\t\t\t\t\t\t<p class=\"\" data-start=\"90\" data-end=\"124\"><strong data-start=\"90\" data-end=\"124\">Attivit\u00e0 ed esperienze a Milos<\/strong><\/p><ul data-start=\"126\" data-end=\"324\"><li class=\"\" data-start=\"126\" data-end=\"202\"><p class=\"\" data-start=\"128\" data-end=\"202\">Escursioni con autobus privato lungo il famoso itinerario <em data-start=\"186\" data-end=\"200\">Milotherania<\/em><\/p><\/li><li class=\"\" data-start=\"203\" data-end=\"216\"><p class=\"\" data-start=\"205\" data-end=\"216\">Kite surf<\/p><\/li><li class=\"\" data-start=\"217\" data-end=\"252\"><p class=\"\" data-start=\"219\" data-end=\"252\">Gite in barca a vela o crociere<\/p><\/li><li class=\"\" data-start=\"253\" data-end=\"273\"><p class=\"\" data-start=\"255\" data-end=\"273\">Sorgenti termali<\/p><\/li><li class=\"\" data-start=\"274\" data-end=\"298\"><p class=\"\" data-start=\"276\" data-end=\"298\">Immersioni subacquee<\/p><\/li><li class=\"\" data-start=\"299\" data-end=\"324\"><p class=\"\" data-start=\"301\" data-end=\"324\">Canoa e kayak da mare<\/p><\/li><\/ul><p class=\"\" data-start=\"326\" data-end=\"594\">Con il kayak da mare \u00e8 possibile esplorare l\u2019unica e affascinante costa vulcanica di Milos in modo originale. Pagaiando in acque cristalline, tra grotte marine, tunnel e archi naturali, si possono raggiungere spiagge deserte e scoprire le piccole isole vicine a Milos.<\/p><p class=\"\" data-start=\"596\" data-end=\"834\">L\u2019isola vanta una rara bellezza selvaggia, anche sotto la superficie del mare. Grotte sottomarine, relitti di navi e aerei della Seconda Guerra Mondiale, e resti sommersi rendono Milos una meta imperdibile per gli amanti delle immersioni.<\/p>\t\t\t\t\t\t\t\t<\/div>\n\t\t\t\t<\/div>\n\t\t\t\t\t<\/div>\n\t\t<\/div>\n\t\t\t\t\t<\/div>\n\t\t<\/section>\n\t\t\t\t<\/div>\n\t\t","protected":false},"excerpt":{"rendered":"<p class=\"tx-excerpt\">[vc_row][vc_column][vc_empty_space height=&#8221;128px&#8221;][vc_separator color=&#8221;black&#8221;][vc_column_text]La posizione di Villa Marios \u00e8 ai piedi del vulcano Milos, che \u00e8...<\/p>","protected":false},"author":1,"featured_media":0,"parent":0,"menu_order":0,"comment_status":"closed","ping_status":"closed","template":"","meta":{"footnotes":""},"class_list":["post-2036","page","type-page","status-publish","hentry"],"_links":{"self":[{"href":"https:\/\/villamarios.gr\/it\/wp-json\/wp\/v2\/pages\/2036","targetHints":{"allow":["GET"]}}],"collection":[{"href":"https:\/\/villamarios.gr\/it\/wp-json\/wp\/v2\/pages"}],"about":[{"href":"https:\/\/villamarios.gr\/it\/wp-json\/wp\/v2\/types\/page"}],"author":[{"embeddable":true,"href":"https:\/\/villamarios.gr\/it\/wp-json\/wp\/v2\/users\/1"}],"replies":[{"embeddable":true,"href":"https:\/\/villamarios.gr\/it\/wp-json\/wp\/v2\/comments?post=2036"}],"version-history":[{"count":4,"href":"https:\/\/villamarios.gr\/it\/wp-json\/wp\/v2\/pages\/2036\/revisions"}],"predecessor-version":[{"id":4146,"href":"https:\/\/villamarios.gr\/it\/wp-json\/wp\/v2\/pages\/2036\/revisions\/4146"}],"wp:attachment":[{"href":"https:\/\/villamarios.gr\/it\/wp-json\/wp\/v2\/media?parent=2036"}],"curies":[{"name":"wp","href":"https:\/\/api.w.org\/{rel}","templated":true}]}}